{"id":156471,"date":"2025-09-11T15:41:36","date_gmt":"2025-09-11T13:41:36","guid":{"rendered":"https:\/\/secureus.se\/evolis-rct014naa-green-monochrome-ribbon-1000-prints\/"},"modified":"2026-04-08T16:52:17","modified_gmt":"2026-04-08T14:52:17","slug":"evolis-rct014naa-green-monochrome-ribbon-1000-prints","status":"publish","type":"product","link":"https:\/\/secureus.se\/es\/evolis-rct014naa-green-monochrome-ribbon-1000-prints\/","title":{"rendered":"Cinta Evolis \u2013 RCT014NAA, monocromo verde (1000 copias)"},"content":{"rendered":"<h1>Cinta<br \/>\n  Evolis \u2013 RCT014NAA, monocromo verde (1000 copias)<\/h1>\n<p>Cinta Evolis \u2013 RCT014NAA, verde monocromo (1000 impresiones) es<br \/>\n  un accesorio original para impresoras de tarjetas que est\u00e1 dise\u00f1ado para ser confiable y<br \/>\n  Producci\u00f3n profesional de tarjetas.<\/p>\n<ul>\n<li>Capacidad: hasta 1.000 impresiones<\/li>\n<li>N\u00famero de art\u00edculo: RCT014NAA<\/li>\n<\/ul>\n<p><strong>Compatible con Evolis Primacy y Evolis<br \/>\n  Zenius.<\/strong><\/p>\n<p><strong>Peso del producto:<\/strong> 0,30 kg<\/p>","protected":false},"excerpt":{"rendered":"<p>F\u00e4rgband Evolis &#8211; RCT014NAA, gr\u00f6n monokrom (1000 utskrifter) F\u00e4rgband Evolis &#8211; RCT014NAA, gr\u00f6n monokrom (1000 utskrifter) \u00e4r ett originaltillbeh\u00f6r f\u00f6r kortskrivare som \u00e4r anpassat f\u00f6r p\u00e5litlig och professionell kortproduktion. Kapacitet:<\/p>","protected":false},"featured_media":156469,"template":"","meta":{"_acf_changed":false},"product_brand":[],"product_cat":[4858,4862],"product_tag":[4863],"class_list":{"0":"post-156471","1":"product","2":"type-product","3":"status-publish","4":"has-post-thumbnail","6":"product_cat-primacy","7":"product_cat-zenius","8":"product_tag-pf","9":"pa_brands-evolis","10":"tm-no-options","12":"first","13":"instock","14":"sale","15":"taxable","16":"shipping-taxable","17":"purchasable","18":"product-type-simple"},"acf":[],"_links":{"self":[{"href":"https:\/\/secureus.se\/es\/wp-json\/wp\/v2\/product\/156471","targetHints":{"allow":["GET"]}}],"collection":[{"href":"https:\/\/secureus.se\/es\/wp-json\/wp\/v2\/product"}],"about":[{"href":"https:\/\/secureus.se\/es\/wp-json\/wp\/v2\/types\/product"}],"wp:featuredmedia":[{"embeddable":true,"href":"https:\/\/secureus.se\/es\/wp-json\/wp\/v2\/media\/156469"}],"wp:attachment":[{"href":"https:\/\/secureus.se\/es\/wp-json\/wp\/v2\/media?parent=156471"}],"wp:term":[{"taxonomy":"product_brand","embeddable":true,"href":"https:\/\/secureus.se\/es\/wp-json\/wp\/v2\/product_brand?post=156471"},{"taxonomy":"product_cat","embeddable":true,"href":"https:\/\/secureus.se\/es\/wp-json\/wp\/v2\/product_cat?post=156471"},{"taxonomy":"product_tag","embeddable":true,"href":"https:\/\/secureus.se\/es\/wp-json\/wp\/v2\/product_tag?post=156471"}],"curies":[{"name":"wp","href":"https:\/\/api.w.org\/{rel}","templated":true}]}}