{"id":156563,"date":"2025-09-11T16:15:46","date_gmt":"2025-09-11T14:15:46","guid":{"rendered":"https:\/\/secureus.se\/magicard-mb250ymckok-colour-ribbon-250-prints\/"},"modified":"2026-04-21T15:22:22","modified_gmt":"2026-04-21T13:22:22","slug":"magicard-mb250ymckok-colour-ribbon-250-prints","status":"publish","type":"product","link":"https:\/\/secureus.se\/es\/magicard-mb250ymckok-colour-ribbon-250-prints\/","title":{"rendered":"Cinta Magicard \u2013 MB250YMCKOK (250 impresiones)"},"content":{"rendered":"<h1>Cinta<br \/>\nMagicard &#8211; MB250YMCKOK (250 utskrifter)<\/h1>\n<p>F\u00e4rgband Magicard &#8211; MB250YMCKOK (250 utskrifter) \u00e4r ett f\u00e4rgband<br \/>\npara imprimir tarjetas de pl\u00e1stico con colores n\u00edtidos, texto claro y buena calidad<br \/>\nreproducci\u00f3n detallada. El tipo de cinta YMCKOK proporciona la combinaci\u00f3n correcta de paneles de color y<br \/>\nL\u00e1mina protectora para impresi\u00f3n profesional de tarjetas.<\/p>\n<p>Adecuado para tarjetas de identificaci\u00f3n, tarjetas de acceso, tarjetas de membres\u00eda y otras.<br \/>\ntarjetas de pl\u00e1stico donde se requiere alta calidad de impresi\u00f3n y confiabilidad<br \/>\nimportante.<\/p>\n<ul>\n<li>Capacidad: hasta 250 impresiones<\/li>\n<li>Tipo de banda: YMCKOK<\/li>\n<li>Adecuado para impresi\u00f3n de tarjetas a doble cara<\/li>\n<li>N\u00famero de art\u00edculo: MB250YMCKOK<\/li>\n<\/ul>\n<p><strong>Compatible con Magicard<br \/>\n600.<\/strong><\/p>\n<p><strong>Peso del producto:<\/strong> 0,18 kg<\/p>","protected":false},"excerpt":{"rendered":"<p>F\u00e4rgband Magicard &#8211; MB250YMCKOK (250 utskrifter) F\u00e4rgband Magicard &#8211; MB250YMCKOK (250 utskrifter) \u00e4r ett f\u00e4rgband f\u00f6r utskrift av plastkort med skarpa f\u00e4rger, tydlig text och bra detalj\u00e5tergivning. Bandtypen YMCKOK ger<\/p>","protected":false},"featured_media":156562,"template":"","meta":{"_acf_changed":false},"product_brand":[],"product_cat":[4830,3216],"product_tag":[4863],"class_list":{"0":"post-156563","1":"product","2":"type-product","3":"status-publish","4":"has-post-thumbnail","6":"product_cat-magicard-600-band","7":"product_cat-magicard-fargband-retransfer","8":"product_tag-pf","9":"pa_brands-magicard","10":"tm-has-options","12":"first","13":"instock","14":"sale","15":"taxable","16":"shipping-taxable","17":"purchasable","18":"product-type-simple"},"acf":[],"_links":{"self":[{"href":"https:\/\/secureus.se\/es\/wp-json\/wp\/v2\/product\/156563","targetHints":{"allow":["GET"]}}],"collection":[{"href":"https:\/\/secureus.se\/es\/wp-json\/wp\/v2\/product"}],"about":[{"href":"https:\/\/secureus.se\/es\/wp-json\/wp\/v2\/types\/product"}],"wp:featuredmedia":[{"embeddable":true,"href":"https:\/\/secureus.se\/es\/wp-json\/wp\/v2\/media\/156562"}],"wp:attachment":[{"href":"https:\/\/secureus.se\/es\/wp-json\/wp\/v2\/media?parent=156563"}],"wp:term":[{"taxonomy":"product_brand","embeddable":true,"href":"https:\/\/secureus.se\/es\/wp-json\/wp\/v2\/product_brand?post=156563"},{"taxonomy":"product_cat","embeddable":true,"href":"https:\/\/secureus.se\/es\/wp-json\/wp\/v2\/product_cat?post=156563"},{"taxonomy":"product_tag","embeddable":true,"href":"https:\/\/secureus.se\/es\/wp-json\/wp\/v2\/product_tag?post=156563"}],"curies":[{"name":"wp","href":"https:\/\/api.w.org\/{rel}","templated":true}]}}