{"id":156570,"date":"2025-09-11T16:15:43","date_gmt":"2025-09-11T14:15:43","guid":{"rendered":"https:\/\/secureus.se\/magicard-461-snowflake-overlay-film-1000-prints\/"},"modified":"2026-04-23T12:35:32","modified_gmt":"2026-04-23T10:35:32","slug":"magicard-461-snowflake-overlay-film-1000-prints","status":"publish","type":"product","link":"https:\/\/secureus.se\/es\/magicard-461-snowflake-overlay-film-1000-prints\/","title":{"rendered":"Pel\u00edcula superpuesta Magicard \u2013 461, Copo de nieve (1000 copias)"},"content":{"rendered":"<h1>Pel\u00edcula superpuesta<br \/>\n  Magicard \u2013 461, Copo de nieve (1000 copias)<\/h1>\n<p>Pel\u00edcula superpuesta Magicard \u2013 461, Copo de nieve (1000 copias) es una<br \/>\n  pel\u00edcula de laminaci\u00f3n que proporciona una capa adicional de protecci\u00f3n para tarjetas de pl\u00e1stico y ayuda<br \/>\n  para reducir ara\u00f1azos, decoloraci\u00f3n y el desgaste normal.<\/p>\n<p>Una buena opci\u00f3n cuando quieres aumentar la vida \u00fatil de tus tarjetas, mejorar<br \/>\n  Mayor durabilidad y un resultado final m\u00e1s profesional.<\/p>\n<ul>\n<li>Capacidad: hasta 1000 impresiones por rollo<\/li>\n<li>Dise\u00f1o de copo de nieve para mayor seguridad<\/li>\n<li>N\u00famero de art\u00edculo: PRIMA461<\/li>\n<\/ul>\n<p><strong>Compatible con The Magicard 461 es un copo de nieve<br \/>\n  laminado dise\u00f1ado para su uso con el Magicard Prima 4 con el<br \/>\n  m\u00f3dulo de laminaci\u00f3n. Este laminado ayuda a disuadir la falsificaci\u00f3n y protege<br \/>\n  Tarjetas de pl\u00e1stico impresas resistentes a la abrasi\u00f3n y al tinte del uso diario<br \/>\n  migraci\u00f3n.<\/strong><\/p>\n<p><strong>Peso del producto:<\/strong> 0,29 kg<\/p>","protected":false},"excerpt":{"rendered":"<p>Overlayfilm Magicard &#8211; 461, Snowflake (1000 utskrifter) Overlayfilm Magicard &#8211; 461, Snowflake (1000 utskrifter) \u00e4r en lamineringsfilm som ger ett extra skyddslager till plastkort och hj\u00e4lper till att minska repor,<\/p>","protected":false},"featured_media":156569,"template":"","meta":{"_acf_changed":false},"product_brand":[],"product_cat":[4838,3216],"product_tag":[4863],"class_list":{"0":"post-156570","1":"product","2":"type-product","3":"status-publish","4":"has-post-thumbnail","6":"product_cat-magicard-prima-band","7":"product_cat-magicard-fargband-retransfer","8":"product_tag-pf","9":"pa_brands-magicard","10":"tm-has-options","12":"first","13":"outofstock","14":"sale","15":"taxable","16":"shipping-taxable","17":"purchasable","18":"product-type-simple"},"acf":[],"_links":{"self":[{"href":"https:\/\/secureus.se\/es\/wp-json\/wp\/v2\/product\/156570","targetHints":{"allow":["GET"]}}],"collection":[{"href":"https:\/\/secureus.se\/es\/wp-json\/wp\/v2\/product"}],"about":[{"href":"https:\/\/secureus.se\/es\/wp-json\/wp\/v2\/types\/product"}],"wp:featuredmedia":[{"embeddable":true,"href":"https:\/\/secureus.se\/es\/wp-json\/wp\/v2\/media\/156569"}],"wp:attachment":[{"href":"https:\/\/secureus.se\/es\/wp-json\/wp\/v2\/media?parent=156570"}],"wp:term":[{"taxonomy":"product_brand","embeddable":true,"href":"https:\/\/secureus.se\/es\/wp-json\/wp\/v2\/product_brand?post=156570"},{"taxonomy":"product_cat","embeddable":true,"href":"https:\/\/secureus.se\/es\/wp-json\/wp\/v2\/product_cat?post=156570"},{"taxonomy":"product_tag","embeddable":true,"href":"https:\/\/secureus.se\/es\/wp-json\/wp\/v2\/product_tag?post=156570"}],"curies":[{"name":"wp","href":"https:\/\/api.w.org\/{rel}","templated":true}]}}