{"id":156585,"date":"2025-09-11T16:15:45","date_gmt":"2025-09-11T14:15:45","guid":{"rendered":"https:\/\/secureus.se\/magicard-464-clear-patch-laminate-600-prints\/"},"modified":"2026-04-23T12:34:58","modified_gmt":"2026-04-23T10:34:58","slug":"magicard-464-clear-patch-laminate-600-prints","status":"publish","type":"product","link":"https:\/\/secureus.se\/es\/magicard-464-clear-patch-laminate-600-prints\/","title":{"rendered":"L\u00e1mina de laminaci\u00f3n Magicard \u2013 464 Parches transparentes (600 impresiones)"},"content":{"rendered":"<h1>Pel\u00edcula de laminaci\u00f3n<br \/>\n  Magicard &#8211; 464, klar patch (600 utskrifter)<\/h1>\n<p>Lamineringsfilm Magicard &#8211; 464, klar patch (600 utskrifter) \u00e4r en<br \/>\n  pel\u00edcula de laminaci\u00f3n que proporciona una capa adicional de protecci\u00f3n para tarjetas de pl\u00e1stico y ayuda<br \/>\n  para reducir ara\u00f1azos, decoloraci\u00f3n y el desgaste normal.<\/p>\n<p>Una buena opci\u00f3n cuando quieres aumentar la vida \u00fatil de tus tarjetas, mejorar<br \/>\n  Mayor durabilidad y un resultado final m\u00e1s profesional.<\/p>\n<ul>\n<li>Capacidad: hasta 600 impresiones por rollo<\/li>\n<li>Parche laminado transparente<\/li>\n<li>Espesor de 1,0 mil<\/li>\n<li>N\u00famero de art\u00edculo: PRIMA464<\/li>\n<\/ul>\n<p><strong>Compatible con Magicard<br \/>\n  Prima.<\/strong><\/p>\n<p><strong>Peso del producto:<\/strong> 0,29 kg<\/p>","protected":false},"excerpt":{"rendered":"<p>Lamineringsfilm Magicard &#8211; 464, klar patch (600 utskrifter) Lamineringsfilm Magicard &#8211; 464, klar patch (600 utskrifter) \u00e4r en lamineringsfilm som ger ett extra skyddslager till plastkort och hj\u00e4lper till att<\/p>","protected":false},"featured_media":156583,"template":"","meta":{"_acf_changed":false},"product_brand":[],"product_cat":[4838,3216],"product_tag":[4863],"class_list":{"0":"post-156585","1":"product","2":"type-product","3":"status-publish","4":"has-post-thumbnail","6":"product_cat-magicard-prima-band","7":"product_cat-magicard-fargband-retransfer","8":"product_tag-pf","9":"pa_brands-magicard","10":"tm-has-options","12":"first","13":"instock","14":"sale","15":"taxable","16":"shipping-taxable","17":"purchasable","18":"product-type-simple"},"acf":[],"_links":{"self":[{"href":"https:\/\/secureus.se\/es\/wp-json\/wp\/v2\/product\/156585","targetHints":{"allow":["GET"]}}],"collection":[{"href":"https:\/\/secureus.se\/es\/wp-json\/wp\/v2\/product"}],"about":[{"href":"https:\/\/secureus.se\/es\/wp-json\/wp\/v2\/types\/product"}],"wp:featuredmedia":[{"embeddable":true,"href":"https:\/\/secureus.se\/es\/wp-json\/wp\/v2\/media\/156583"}],"wp:attachment":[{"href":"https:\/\/secureus.se\/es\/wp-json\/wp\/v2\/media?parent=156585"}],"wp:term":[{"taxonomy":"product_brand","embeddable":true,"href":"https:\/\/secureus.se\/es\/wp-json\/wp\/v2\/product_brand?post=156585"},{"taxonomy":"product_cat","embeddable":true,"href":"https:\/\/secureus.se\/es\/wp-json\/wp\/v2\/product_cat?post=156585"},{"taxonomy":"product_tag","embeddable":true,"href":"https:\/\/secureus.se\/es\/wp-json\/wp\/v2\/product_tag?post=156585"}],"curies":[{"name":"wp","href":"https:\/\/api.w.org\/{rel}","templated":true}]}}