{"id":156592,"date":"2025-09-11T16:15:45","date_gmt":"2025-09-11T14:15:45","guid":{"rendered":"https:\/\/secureus.se\/magicard-mc600ko-black-monochrome-ribbon-600-prints\/"},"modified":"2025-10-21T12:23:29","modified_gmt":"2025-10-21T10:23:29","slug":"magicard-mc600ko-black-monochrome-ribbon-600-prints","status":"publish","type":"product","link":"https:\/\/secureus.se\/es\/magicard-mc600ko-black-monochrome-ribbon-600-prints\/","title":{"rendered":"Cinta monocrom\u00e1tica negra Magicard MC600KO (600 impresiones)"},"content":{"rendered":"<p>La cinta negra Magicard MC600KO es una pel\u00edcula espec\u00edfica para la impresora de tarjetas de identificaci\u00f3n Magicard 300, que crea texto n\u00edtido y detallado, as\u00ed como c\u00f3digos de barras precisos, ideales para tarjetas de identificaci\u00f3n monocrom\u00e1ticas. Con una producci\u00f3n de hasta 600 impresiones por rollo, esta cinta tambi\u00e9n cuenta con un panel de recubrimiento transparente que a\u00f1ade una capa de protecci\u00f3n contra ara\u00f1azos, decoloraci\u00f3n y abrasi\u00f3n.<\/p>\n<ul>\n<li>600 impresiones a todo color por rollo<\/li>\n<li>Cinta KO (negra y superpuesta)<\/li>\n<li>N\u00famero de pieza del fabricante: MC600KO\/3<\/li>\n<\/ul>\n<p><strong>Compatible con la impresora de tarjetas Magicard 300.<\/strong><\/p>\n<p><strong><br \/>\nPeso del producto:<br \/>\n0,20 kilogramos<br \/>\n<\/strong><\/p>","protected":false},"excerpt":{"rendered":"<p>The Magicard MC600KO black ribbon is film specific to the Magicard 300 ID card printer, creating crisp, detailed text and accurate barcodes that are perfect for monochrome ID cards. Producing<\/p>","protected":false},"featured_media":156587,"template":"","meta":{"_acf_changed":false},"product_brand":[],"product_cat":[4829,3216],"product_tag":[4863],"class_list":{"0":"post-156592","1":"product","2":"type-product","3":"status-publish","4":"has-post-thumbnail","6":"product_cat-magicard-300-band","7":"product_cat-magicard-fargband-retransfer","8":"product_tag-pf","9":"pa_brands-magicard","10":"tm-has-options","12":"first","13":"instock","14":"sale","15":"taxable","16":"shipping-taxable","17":"purchasable","18":"product-type-simple"},"acf":[],"_links":{"self":[{"href":"https:\/\/secureus.se\/es\/wp-json\/wp\/v2\/product\/156592","targetHints":{"allow":["GET"]}}],"collection":[{"href":"https:\/\/secureus.se\/es\/wp-json\/wp\/v2\/product"}],"about":[{"href":"https:\/\/secureus.se\/es\/wp-json\/wp\/v2\/types\/product"}],"wp:featuredmedia":[{"embeddable":true,"href":"https:\/\/secureus.se\/es\/wp-json\/wp\/v2\/media\/156587"}],"wp:attachment":[{"href":"https:\/\/secureus.se\/es\/wp-json\/wp\/v2\/media?parent=156592"}],"wp:term":[{"taxonomy":"product_brand","embeddable":true,"href":"https:\/\/secureus.se\/es\/wp-json\/wp\/v2\/product_brand?post=156592"},{"taxonomy":"product_cat","embeddable":true,"href":"https:\/\/secureus.se\/es\/wp-json\/wp\/v2\/product_cat?post=156592"},{"taxonomy":"product_tag","embeddable":true,"href":"https:\/\/secureus.se\/es\/wp-json\/wp\/v2\/product_tag?post=156592"}],"curies":[{"name":"wp","href":"https:\/\/api.w.org\/{rel}","templated":true}]}}