{"id":156618,"date":"2025-09-11T16:35:45","date_gmt":"2025-09-11T14:35:45","guid":{"rendered":"https:\/\/secureus.se\/fargo-45111-ez-ko-ribbon-500-prints\/"},"modified":"2026-05-06T09:42:40","modified_gmt":"2026-05-06T07:42:40","slug":"fargo-45111-ez-ko-ribbon-500-prints","status":"publish","type":"product","link":"https:\/\/secureus.se\/es\/fargo-45111-ez-ko-ribbon-500-prints\/","title":{"rendered":"Cinta Fargo 45111 EZ KO (500 impresiones)"},"content":{"rendered":"<h1>Cinta<br \/>\n  Fargo KO \u2013 45111 (500 copias)<\/h1>\n<p>La cinta Fargo KO \u2013 45111 (500 impresiones) es una cinta KO con<br \/>\n  Panel negro y capa protectora. Es una buena opci\u00f3n cuando necesitas claridad.<br \/>\n  Texto, c\u00f3digos de barras y protecci\u00f3n adicional en la superficie de la tarjeta.<\/p>\n<p>Adecuado para tarjetas de identificaci\u00f3n, tarjetas de acceso, tarjetas de membres\u00eda y otras.<br \/>\n  tarjetas de pl\u00e1stico donde se requiere alta calidad de impresi\u00f3n y confiabilidad<br \/>\n  importante.<\/p>\n<ul>\n<li>Capacidad: hasta 500 impresiones<\/li>\n<li>Tipo de banda: KO<\/li>\n<li>Adecuado para impresi\u00f3n de tarjetas a doble cara<\/li>\n<li>N\u00famero de art\u00edculo: 45111<\/li>\n<\/ul>\n<p><strong>Compatible con Fargo DTC1000, DTC1250e, DTC4000,<br \/>\n  DTC4250e, DTC4500e y C50.<\/strong><\/p>\n<p><strong>Peso del producto:<\/strong> 0,20 kilogramos<\/p>","protected":false},"excerpt":{"rendered":"<p>F\u00e4rgband Fargo KO &#8211; 45111 (500 utskrifter) F\u00e4rgband Fargo KO &#8211; 45111 (500 utskrifter) \u00e4r ett KO-band med svart panel och skyddande overlay. Det \u00e4r ett bra val n\u00e4r du<\/p>","protected":false},"featured_media":156617,"template":"","meta":{"_acf_changed":false},"product_brand":[],"product_cat":[4849,4841,4842,4844,4845,4846],"product_tag":[4863],"class_list":{"0":"post-156618","1":"product","2":"type-product","3":"status-publish","4":"has-post-thumbnail","6":"product_cat-c50-band","7":"product_cat-dtc1000-band","8":"product_cat-dtc1250-band","9":"product_cat-dtc4000-band","10":"product_cat-dtc4250-band","11":"product_cat-dtc4500-band","12":"product_tag-pf","13":"pa_brands-fargo","14":"tm-no-options","16":"first","17":"outofstock","18":"sale","19":"taxable","20":"shipping-taxable","21":"purchasable","22":"product-type-simple"},"acf":[],"_links":{"self":[{"href":"https:\/\/secureus.se\/es\/wp-json\/wp\/v2\/product\/156618","targetHints":{"allow":["GET"]}}],"collection":[{"href":"https:\/\/secureus.se\/es\/wp-json\/wp\/v2\/product"}],"about":[{"href":"https:\/\/secureus.se\/es\/wp-json\/wp\/v2\/types\/product"}],"wp:featuredmedia":[{"embeddable":true,"href":"https:\/\/secureus.se\/es\/wp-json\/wp\/v2\/media\/156617"}],"wp:attachment":[{"href":"https:\/\/secureus.se\/es\/wp-json\/wp\/v2\/media?parent=156618"}],"wp:term":[{"taxonomy":"product_brand","embeddable":true,"href":"https:\/\/secureus.se\/es\/wp-json\/wp\/v2\/product_brand?post=156618"},{"taxonomy":"product_cat","embeddable":true,"href":"https:\/\/secureus.se\/es\/wp-json\/wp\/v2\/product_cat?post=156618"},{"taxonomy":"product_tag","embeddable":true,"href":"https:\/\/secureus.se\/es\/wp-json\/wp\/v2\/product_tag?post=156618"}],"curies":[{"name":"wp","href":"https:\/\/api.w.org\/{rel}","templated":true}]}}