{"id":156620,"date":"2025-09-11T16:35:41","date_gmt":"2025-09-11T14:35:41","guid":{"rendered":"https:\/\/secureus.se\/fargo-84810-ymc-colour-ribbon-750-prints\/"},"modified":"2026-04-08T17:02:49","modified_gmt":"2026-04-08T15:02:49","slug":"fargo-84810-ymc-colour-ribbon-750-prints","status":"publish","type":"product","link":"https:\/\/secureus.se\/es\/fargo-84810-ymc-colour-ribbon-750-prints\/","title":{"rendered":"F\u00e4rgband Fargo YMC &#8211; 84810 (750 utskrifter)"},"content":{"rendered":"<h1>Cinta<br \/>\n  Fargo YMC &#8211; 84810 (750 utskrifter)<\/h1>\n<p>F\u00e4rgband Fargo YMC &#8211; 84810 (750 utskrifter) \u00e4r ett f\u00e4rgband f\u00f6r<br \/>\n  Impresi\u00f3n de tarjetas de pl\u00e1stico con colores n\u00edtidos, texto claro y buena calidad.<br \/>\n  detalj\u00e5tergivning. Bandtypen YMC ger r\u00e4tt kombination av f\u00e4rgpaneler f\u00f6r<br \/>\n  Impresi\u00f3n profesional de tarjetas.<\/p>\n<p>Adecuado para tarjetas de identificaci\u00f3n, tarjetas de acceso, tarjetas de membres\u00eda y otras.<br \/>\n  tarjetas de pl\u00e1stico donde se requiere alta calidad de impresi\u00f3n y confiabilidad<br \/>\n  importante.<\/p>\n<ul>\n<li>Kapacitet: upp till 750 utskrifter<\/li>\n<li>Bandtyp: YMC<\/li>\n<li>Artikelnummer: 84810<\/li>\n<\/ul>\n<p><strong>Compatible con Fargo<br \/>\n  HDP8500.<\/strong><\/p>\n<p><strong>Peso del producto:<\/strong> 0,25 kilogramos<\/p>","protected":false},"excerpt":{"rendered":"<p>F\u00e4rgband Fargo YMC &#8211; 84810 (750 utskrifter) F\u00e4rgband Fargo YMC &#8211; 84810 (750 utskrifter) \u00e4r ett f\u00e4rgband f\u00f6r utskrift av plastkort med skarpa f\u00e4rger, tydlig text och bra detalj\u00e5tergivning. Bandtypen<\/p>","protected":false},"featured_media":156619,"template":"","meta":{"_acf_changed":false},"product_brand":[],"product_cat":[4853],"product_tag":[4863],"class_list":{"0":"post-156620","1":"product","2":"type-product","3":"status-publish","4":"has-post-thumbnail","6":"product_cat-hdp8500-band","7":"product_tag-pf","8":"pa_brands-fargo","9":"tm-no-options","11":"first","12":"outofstock","13":"sale","14":"taxable","15":"shipping-taxable","16":"purchasable","17":"product-type-simple"},"acf":[],"_links":{"self":[{"href":"https:\/\/secureus.se\/es\/wp-json\/wp\/v2\/product\/156620","targetHints":{"allow":["GET"]}}],"collection":[{"href":"https:\/\/secureus.se\/es\/wp-json\/wp\/v2\/product"}],"about":[{"href":"https:\/\/secureus.se\/es\/wp-json\/wp\/v2\/types\/product"}],"wp:featuredmedia":[{"embeddable":true,"href":"https:\/\/secureus.se\/es\/wp-json\/wp\/v2\/media\/156619"}],"wp:attachment":[{"href":"https:\/\/secureus.se\/es\/wp-json\/wp\/v2\/media?parent=156620"}],"wp:term":[{"taxonomy":"product_brand","embeddable":true,"href":"https:\/\/secureus.se\/es\/wp-json\/wp\/v2\/product_brand?post=156620"},{"taxonomy":"product_cat","embeddable":true,"href":"https:\/\/secureus.se\/es\/wp-json\/wp\/v2\/product_cat?post=156620"},{"taxonomy":"product_tag","embeddable":true,"href":"https:\/\/secureus.se\/es\/wp-json\/wp\/v2\/product_tag?post=156620"}],"curies":[{"name":"wp","href":"https:\/\/api.w.org\/{rel}","templated":true}]}}