{"id":156638,"date":"2025-09-11T16:35:42","date_gmt":"2025-09-11T14:35:42","guid":{"rendered":"https:\/\/secureus.se\/fargo-84922-ymckk-colour-ribbon-600-prints\/"},"modified":"2026-03-26T10:00:28","modified_gmt":"2026-03-26T09:00:28","slug":"fargo-84922-ymckk-colour-ribbon-600-prints","status":"publish","type":"product","link":"https:\/\/secureus.se\/es\/fargo-84922-ymckk-colour-ribbon-600-prints\/","title":{"rendered":"Cinta de color Fargo 84922 YMCKK (600 impresiones)"},"content":{"rendered":"<p>La cinta a todo color Fargo 84922 YMCKK produce hasta 600 impresiones de excelente calidad. Los paneles a todo color crean im\u00e1genes vibrantes de alta resoluci\u00f3n, mientras que los dos paneles de resina negra permiten la impresi\u00f3n a doble cara de texto n\u00edtido y preciso, as\u00ed como de c\u00f3digos de barras precisos.<\/p>\n<ul>\n<li>600 impresiones por rollo<\/li>\n<li>Pel\u00edcula de retransferencia transparente est\u00e1ndar<\/li>\n<li>N\u00famero de pieza del fabricante: 84922<\/li>\n<\/ul>\n<p><strong>Compatible con la impresora de tarjetas Fargo HDP6600.<\/strong><\/p>\n<p>\n <strong><br \/>\n Peso del producto:<br \/>\n 0,20 kilogramos<br \/>\n <\/strong>\n <\/p>","protected":false},"excerpt":{"rendered":"<p>The Fargo 84922 YMCKK full-colour ribbon produces up to 600, outstanding quality prints. The full-colour panels create vibrant, high-resolution images while the two black resin panels allow dual-sided printing of<\/p>","protected":false},"featured_media":156637,"template":"","meta":{"_acf_changed":false},"product_brand":[],"product_cat":[4852],"product_tag":[4863],"class_list":{"0":"post-156638","1":"product","2":"type-product","3":"status-publish","4":"has-post-thumbnail","6":"product_cat-hdp6600-band","7":"product_tag-pf","8":"pa_brands-fargo","9":"tm-no-options","11":"first","12":"instock","13":"sale","14":"taxable","15":"shipping-taxable","16":"purchasable","17":"product-type-simple"},"acf":[],"_links":{"self":[{"href":"https:\/\/secureus.se\/es\/wp-json\/wp\/v2\/product\/156638","targetHints":{"allow":["GET"]}}],"collection":[{"href":"https:\/\/secureus.se\/es\/wp-json\/wp\/v2\/product"}],"about":[{"href":"https:\/\/secureus.se\/es\/wp-json\/wp\/v2\/types\/product"}],"wp:featuredmedia":[{"embeddable":true,"href":"https:\/\/secureus.se\/es\/wp-json\/wp\/v2\/media\/156637"}],"wp:attachment":[{"href":"https:\/\/secureus.se\/es\/wp-json\/wp\/v2\/media?parent=156638"}],"wp:term":[{"taxonomy":"product_brand","embeddable":true,"href":"https:\/\/secureus.se\/es\/wp-json\/wp\/v2\/product_brand?post=156638"},{"taxonomy":"product_cat","embeddable":true,"href":"https:\/\/secureus.se\/es\/wp-json\/wp\/v2\/product_cat?post=156638"},{"taxonomy":"product_tag","embeddable":true,"href":"https:\/\/secureus.se\/es\/wp-json\/wp\/v2\/product_tag?post=156638"}],"curies":[{"name":"wp","href":"https:\/\/api.w.org\/{rel}","templated":true}]}}