{"id":156640,"date":"2025-09-11T16:35:43","date_gmt":"2025-09-11T14:35:43","guid":{"rendered":"https:\/\/secureus.se\/fargo-84921-ymck-colour-ribbon-750-prints\/"},"modified":"2026-03-26T10:00:08","modified_gmt":"2026-03-26T09:00:08","slug":"fargo-84921-ymck-colour-ribbon-750-prints","status":"publish","type":"product","link":"https:\/\/secureus.se\/es\/fargo-84921-ymck-colour-ribbon-750-prints\/","title":{"rendered":"Cinta de color Fargo 84921 YMCK (750 impresiones)"},"content":{"rendered":"<p>La cinta a todo color Fargo 84921 YMCK produce impresiones a una cara de alta calidad para sus clientes. Los paneles a todo color crean im\u00e1genes v\u00edvidas y de calidad fotogr\u00e1fica, mientras que la resina negra s\u00f3lida produce texto detallado y c\u00f3digos de barras precisos. Tenga en cuenta que esta cinta debe utilizarse junto con la pel\u00edcula de retransferencia Fargo 84900.<\/p>\n<ul>\n<li>750 impresiones por rollo<\/li>\n<li>Cinta YMCK (paneles amarillo, magenta, cian y negro)<\/li>\n<li>N\u00famero de pieza del fabricante: 84921<\/li>\n<\/ul>\n<p><strong>Compatible con la impresora de tarjetas Fargo HDP6600.<\/strong><\/p>\n<p>\n <strong><br \/>\n Peso del producto:<br \/>\n 0,20 kilogramos<br \/>\n <\/strong>\n <\/p>","protected":false},"excerpt":{"rendered":"<p>The Fargo 84921 YMCK full-colour ribbon produces high-quality, single-sided prints for your customers. The full-colour panels create vivid, photo-like images while the solid black resin produces detailed text and accurate<\/p>","protected":false},"featured_media":156639,"template":"","meta":{"_acf_changed":false},"product_brand":[],"product_cat":[4852],"product_tag":[4863],"class_list":{"0":"post-156640","1":"product","2":"type-product","3":"status-publish","4":"has-post-thumbnail","6":"product_cat-hdp6600-band","7":"product_tag-pf","8":"pa_brands-fargo","9":"tm-no-options","11":"first","12":"instock","13":"sale","14":"taxable","15":"shipping-taxable","16":"purchasable","17":"product-type-simple"},"acf":[],"_links":{"self":[{"href":"https:\/\/secureus.se\/es\/wp-json\/wp\/v2\/product\/156640","targetHints":{"allow":["GET"]}}],"collection":[{"href":"https:\/\/secureus.se\/es\/wp-json\/wp\/v2\/product"}],"about":[{"href":"https:\/\/secureus.se\/es\/wp-json\/wp\/v2\/types\/product"}],"wp:featuredmedia":[{"embeddable":true,"href":"https:\/\/secureus.se\/es\/wp-json\/wp\/v2\/media\/156639"}],"wp:attachment":[{"href":"https:\/\/secureus.se\/es\/wp-json\/wp\/v2\/media?parent=156640"}],"wp:term":[{"taxonomy":"product_brand","embeddable":true,"href":"https:\/\/secureus.se\/es\/wp-json\/wp\/v2\/product_brand?post=156640"},{"taxonomy":"product_cat","embeddable":true,"href":"https:\/\/secureus.se\/es\/wp-json\/wp\/v2\/product_cat?post=156640"},{"taxonomy":"product_tag","embeddable":true,"href":"https:\/\/secureus.se\/es\/wp-json\/wp\/v2\/product_tag?post=156640"}],"curies":[{"name":"wp","href":"https:\/\/api.w.org\/{rel}","templated":true}]}}