{"id":156651,"date":"2025-09-11T16:35:43","date_gmt":"2025-09-11T14:35:43","guid":{"rendered":"https:\/\/secureus.se\/fargo-45015-ymcko-eco-refill-ribbon-250-prints\/"},"modified":"2026-04-23T12:31:53","modified_gmt":"2026-04-23T10:31:53","slug":"fargo-45015-ymcko-eco-refill-ribbon-250-prints","status":"publish","type":"product","link":"https:\/\/secureus.se\/es\/fargo-45015-ymcko-eco-refill-ribbon-250-prints\/","title":{"rendered":"Cinta Fargo YMCKO \u2013 45015, recambio ecol\u00f3gico (250 impresiones)"},"content":{"rendered":"<h1>Cinta<br \/>\n  Fargo YMCKO \u2013 45015, recarga ecol\u00f3gica (250 impresiones)<\/h1>\n<p>Cinta Fargo YMCKO \u2013 45015, recambio ecol\u00f3gico (250 impresiones) es una<br \/>\n  Cinta para imprimir tarjetas de pl\u00e1stico con colores n\u00edtidos, texto claro y buena calidad.<br \/>\n  reproducci\u00f3n detallada. El tipo de cinta YMCKO proporciona la combinaci\u00f3n correcta de paneles de color y<br \/>\n  L\u00e1mina protectora para impresi\u00f3n profesional de tarjetas.<\/p>\n<p>Adecuado para tarjetas de identificaci\u00f3n, tarjetas de acceso, tarjetas de membres\u00eda y otras.<br \/>\n  tarjetas de pl\u00e1stico donde se requiere alta calidad de impresi\u00f3n y confiabilidad<br \/>\n  importante.<\/p>\n<ul>\n<li>Capacidad: hasta 250 impresiones<\/li>\n<li>Tipo de cinta: YMCKO<\/li>\n<li>N\u00famero de art\u00edculo: 45015<\/li>\n<\/ul>\n<p><strong>Compatible con Fargo DTC1000 y<br \/>\n  DTC1250e.<\/strong><\/p>\n<p><strong>Peso del producto:<\/strong> 0,20 kilogramos<\/p>","protected":false},"excerpt":{"rendered":"<p>F\u00e4rgband Fargo YMCKO &#8211; 45015, eco refill (250 utskrifter) F\u00e4rgband Fargo YMCKO &#8211; 45015, eco refill (250 utskrifter) \u00e4r ett f\u00e4rgband f\u00f6r utskrift av plastkort med skarpa f\u00e4rger, tydlig text<\/p>","protected":false},"featured_media":156648,"template":"","meta":{"_acf_changed":false},"product_brand":[],"product_cat":[4841],"product_tag":[4863],"class_list":{"0":"post-156651","1":"product","2":"type-product","3":"status-publish","4":"has-post-thumbnail","6":"product_cat-dtc1000-band","7":"product_tag-pf","8":"pa_brands-fargo","9":"tm-no-options","11":"first","12":"outofstock","13":"sale","14":"taxable","15":"shipping-taxable","16":"purchasable","17":"product-type-simple"},"acf":[],"_links":{"self":[{"href":"https:\/\/secureus.se\/es\/wp-json\/wp\/v2\/product\/156651","targetHints":{"allow":["GET"]}}],"collection":[{"href":"https:\/\/secureus.se\/es\/wp-json\/wp\/v2\/product"}],"about":[{"href":"https:\/\/secureus.se\/es\/wp-json\/wp\/v2\/types\/product"}],"wp:featuredmedia":[{"embeddable":true,"href":"https:\/\/secureus.se\/es\/wp-json\/wp\/v2\/media\/156648"}],"wp:attachment":[{"href":"https:\/\/secureus.se\/es\/wp-json\/wp\/v2\/media?parent=156651"}],"wp:term":[{"taxonomy":"product_brand","embeddable":true,"href":"https:\/\/secureus.se\/es\/wp-json\/wp\/v2\/product_brand?post=156651"},{"taxonomy":"product_cat","embeddable":true,"href":"https:\/\/secureus.se\/es\/wp-json\/wp\/v2\/product_cat?post=156651"},{"taxonomy":"product_tag","embeddable":true,"href":"https:\/\/secureus.se\/es\/wp-json\/wp\/v2\/product_tag?post=156651"}],"curies":[{"name":"wp","href":"https:\/\/api.w.org\/{rel}","templated":true}]}}