{"id":156653,"date":"2025-09-11T16:35:44","date_gmt":"2025-09-11T14:35:44","guid":{"rendered":"https:\/\/secureus.se\/fargo-45106-white-monochrome-ribbon-1000-prints\/"},"modified":"2026-04-08T17:02:29","modified_gmt":"2026-04-08T15:02:29","slug":"fargo-45106-white-monochrome-ribbon-1000-prints","status":"publish","type":"product","link":"https:\/\/secureus.se\/es\/fargo-45106-white-monochrome-ribbon-1000-prints\/","title":{"rendered":"F\u00e4rgband Fargo &#8211; 45106, vit monokrom (1000 utskrifter)"},"content":{"rendered":"<h1>Cinta<br \/>\n  Fargo &#8211; 45106, vit monokrom (1000 utskrifter)<\/h1>\n<p>F\u00e4rgband Fargo &#8211; 45106, vit monokrom (1000 utskrifter) \u00e4r ett vitt<br \/>\n  monokromt f\u00e4rgband som l\u00e4mpar sig f\u00f6r tydliga utskrifter p\u00e5 m\u00f6rka eller<br \/>\n  specialanpassade kort, till exempel displaykort och etiketter.<\/p>\n<p>Adecuado para tarjetas de identificaci\u00f3n, tarjetas de acceso, tarjetas de membres\u00eda y otras.<br \/>\n  tarjetas de pl\u00e1stico donde se requiere alta calidad de impresi\u00f3n y confiabilidad<br \/>\n  importante.<\/p>\n<ul>\n<li>Capacidad: hasta 1.000 impresiones<\/li>\n<li>Bandtyp: Vit monokrom<\/li>\n<li>Incluye rodillo de limpieza<\/li>\n<li>Artikelnummer: 45106<\/li>\n<\/ul>\n<p><strong>Kompatibel med Fargo DTC1000, DTC1250e, DTC4000,<br \/>\n  DTC4250e och C50.<\/strong><\/p>\n<p><strong>Peso del producto:<\/strong> 0,02 kg<\/p>","protected":false},"excerpt":{"rendered":"<p>F\u00e4rgband Fargo &#8211; 45106, vit monokrom (1000 utskrifter) F\u00e4rgband Fargo &#8211; 45106, vit monokrom (1000 utskrifter) \u00e4r ett vitt monokromt f\u00e4rgband som l\u00e4mpar sig f\u00f6r tydliga utskrifter p\u00e5 m\u00f6rka eller<\/p>","protected":false},"featured_media":156652,"template":"","meta":{"_acf_changed":false},"product_brand":[],"product_cat":[4849,4841,4842,4844,4845],"product_tag":[4863],"class_list":{"0":"post-156653","1":"product","2":"type-product","3":"status-publish","4":"has-post-thumbnail","6":"product_cat-c50-band","7":"product_cat-dtc1000-band","8":"product_cat-dtc1250-band","9":"product_cat-dtc4000-band","10":"product_cat-dtc4250-band","11":"product_tag-pf","12":"pa_brands-fargo","13":"tm-no-options","15":"first","16":"outofstock","17":"sale","18":"taxable","19":"shipping-taxable","20":"purchasable","21":"product-type-simple"},"acf":[],"_links":{"self":[{"href":"https:\/\/secureus.se\/es\/wp-json\/wp\/v2\/product\/156653","targetHints":{"allow":["GET"]}}],"collection":[{"href":"https:\/\/secureus.se\/es\/wp-json\/wp\/v2\/product"}],"about":[{"href":"https:\/\/secureus.se\/es\/wp-json\/wp\/v2\/types\/product"}],"wp:featuredmedia":[{"embeddable":true,"href":"https:\/\/secureus.se\/es\/wp-json\/wp\/v2\/media\/156652"}],"wp:attachment":[{"href":"https:\/\/secureus.se\/es\/wp-json\/wp\/v2\/media?parent=156653"}],"wp:term":[{"taxonomy":"product_brand","embeddable":true,"href":"https:\/\/secureus.se\/es\/wp-json\/wp\/v2\/product_brand?post=156653"},{"taxonomy":"product_cat","embeddable":true,"href":"https:\/\/secureus.se\/es\/wp-json\/wp\/v2\/product_cat?post=156653"},{"taxonomy":"product_tag","embeddable":true,"href":"https:\/\/secureus.se\/es\/wp-json\/wp\/v2\/product_tag?post=156653"}],"curies":[{"name":"wp","href":"https:\/\/api.w.org\/{rel}","templated":true}]}}