{"id":156665,"date":"2025-09-11T16:35:45","date_gmt":"2025-09-11T14:35:45","guid":{"rendered":"https:\/\/secureus.se\/fargo-82601-clear-polyguard-overlaminate-250-prints\/"},"modified":"2026-04-08T17:02:14","modified_gmt":"2026-04-08T15:02:14","slug":"fargo-82601-clear-polyguard-overlaminate-250-prints","status":"publish","type":"product","link":"https:\/\/secureus.se\/es\/fargo-82601-clear-polyguard-overlaminate-250-prints\/","title":{"rendered":"Lamineringsfilm Fargo &#8211;\n  82601 (250 utskrifter)"},"content":{"rendered":"<h1>Pel\u00edcula de laminaci\u00f3n<br \/>\n  Fargo &#8211; 82601 (250 utskrifter)<\/h1>\n<p>Lamineringsfilm Fargo &#8211; 82601 (250 utskrifter) \u00e4r en<br \/>\n  pel\u00edcula de laminaci\u00f3n que proporciona una capa adicional de protecci\u00f3n para tarjetas de pl\u00e1stico y ayuda<br \/>\n  para reducir ara\u00f1azos, decoloraci\u00f3n y el desgaste normal.<\/p>\n<p>Una buena opci\u00f3n cuando quieres aumentar la vida \u00fatil de tus tarjetas, mejorar<br \/>\n  Mayor durabilidad y un resultado final m\u00e1s profesional.<\/p>\n<ul>\n<li>Capacidad: hasta 250 impresiones por rollo<\/li>\n<li>1,0 mil tjocklek<\/li>\n<li>Artikelnummer: 82601<\/li>\n<\/ul>\n<p><strong>Kompatibel med Fargo DTC1500, DTC4500, DTC4500e,<br \/>\n  HDP5000, HDP8500, HDP5600XE.<\/strong><\/p>\n<p><strong>Peso del producto:<\/strong> 0,26 kg<\/p>","protected":false},"excerpt":{"rendered":"<p>Lamineringsfilm Fargo &#8211; 82601 (250 utskrifter) Lamineringsfilm Fargo &#8211; 82601 (250 utskrifter) \u00e4r en lamineringsfilm som ger ett extra skyddslager till plastkort och hj\u00e4lper till att minska repor, blekning och<\/p>","protected":false},"featured_media":156664,"template":"","meta":{"_acf_changed":false},"product_brand":[],"product_cat":[4843,4845,4846,4850],"product_tag":[4863],"class_list":{"0":"post-156665","1":"product","2":"type-product","3":"status-publish","4":"has-post-thumbnail","6":"product_cat-dtc1500-band","7":"product_cat-dtc4250-band","8":"product_cat-dtc4500-band","9":"product_cat-hdp5000-band","10":"product_tag-pf","11":"pa_brands-fargo","12":"tm-no-options","14":"first","15":"instock","16":"sale","17":"taxable","18":"shipping-taxable","19":"purchasable","20":"product-type-simple"},"acf":[],"_links":{"self":[{"href":"https:\/\/secureus.se\/es\/wp-json\/wp\/v2\/product\/156665","targetHints":{"allow":["GET"]}}],"collection":[{"href":"https:\/\/secureus.se\/es\/wp-json\/wp\/v2\/product"}],"about":[{"href":"https:\/\/secureus.se\/es\/wp-json\/wp\/v2\/types\/product"}],"wp:featuredmedia":[{"embeddable":true,"href":"https:\/\/secureus.se\/es\/wp-json\/wp\/v2\/media\/156664"}],"wp:attachment":[{"href":"https:\/\/secureus.se\/es\/wp-json\/wp\/v2\/media?parent=156665"}],"wp:term":[{"taxonomy":"product_brand","embeddable":true,"href":"https:\/\/secureus.se\/es\/wp-json\/wp\/v2\/product_brand?post=156665"},{"taxonomy":"product_cat","embeddable":true,"href":"https:\/\/secureus.se\/es\/wp-json\/wp\/v2\/product_cat?post=156665"},{"taxonomy":"product_tag","embeddable":true,"href":"https:\/\/secureus.se\/es\/wp-json\/wp\/v2\/product_tag?post=156665"}],"curies":[{"name":"wp","href":"https:\/\/api.w.org\/{rel}","templated":true}]}}