{"id":158134,"date":"2025-06-10T11:33:18","date_gmt":"2025-06-10T09:33:18","guid":{"rendered":"https:\/\/secureus.se\/ajax-internal-battery-nb-7-2v-95ah-batteripack-for-hub-bp\/"},"modified":"2026-03-09T17:36:04","modified_gmt":"2026-03-09T16:36:04","slug":"ajax-internal-battery-nb-7-2v-95ah-batteripack-for-hub-bp","status":"publish","type":"product","link":"https:\/\/secureus.se\/es\/ajax-internal-battery-nb-7-2v-95ah-batteripack-for-hub-bp\/","title":{"rendered":"Bater\u00eda interna Ajax NB (7,2 V\/95 Ah) \u2013 Paquete de bater\u00edas para Hub BP"},"content":{"rendered":"<p data-start=\"409\" data-end=\"785\"><strong data-start=\"409\" data-end=\"449\">Bater\u00eda interna Ajax NB (7,2 V\/95 Ah)<\/strong> Es una bater\u00eda de alta capacidad dise\u00f1ada espec\u00edficamente para el Ajax Hub BP. La bater\u00eda no es recargable y se instala directamente en la carcasa del concentrador. Con el modo de ahorro de bater\u00eda activado, el sistema puede funcionar hasta... <strong data-start=\"668\" data-end=\"682\">17 meses<\/strong> Sin fuente de alimentaci\u00f3n externa: perfecto para instalaciones donde el funcionamiento confiable de la bater\u00eda es imprescindible.<\/p>\n<p data-start=\"787\" data-end=\"1091\">La bater\u00eda est\u00e1 compuesta de <strong data-start=\"812\" data-end=\"843\">10 celdas LTC ER34615-LD<\/strong> Ofrece un funcionamiento estable incluso en condiciones adversas. Mantiene un voltaje de circuito abierto constante independientemente de la capacidad restante, presenta una autodescarga extremadamente baja, inferior a 1 TP3T al a\u00f1o, y puede soportar hasta 10 a\u00f1os de almacenamiento a temperatura ambiente.<\/p>\n<p data-start=\"1093\" data-end=\"1108\"><strong data-start=\"1093\" data-end=\"1108\">Caracter\u00edsticas:<\/strong><\/p>\n<ul data-start=\"1109\" data-end=\"1443\">\n<li data-start=\"1109\" data-end=\"1127\">\n<p data-start=\"1111\" data-end=\"1127\">Voltaje: 7,2 V<\/p>\n<\/li>\n<li data-start=\"1128\" data-end=\"1147\">\n<p data-start=\"1130\" data-end=\"1147\">Capacidad: 95 Ah<\/p>\n<\/li>\n<li data-start=\"1148\" data-end=\"1205\">\n<p data-start=\"1150\" data-end=\"1205\">Tiempo de funcionamiento: hasta 17 meses con modo de ahorro de bater\u00eda<\/p>\n<\/li>\n<li data-start=\"1206\" data-end=\"1246\">\n<p data-start=\"1208\" data-end=\"1246\">Rango de temperatura: -10\u00b0C a +40\u00b0C<\/p>\n<\/li>\n<li data-start=\"1247\" data-end=\"1333\">\n<p data-start=\"1249\" data-end=\"1333\">Tiempo de almacenamiento: hasta 10 a\u00f1os (hasta 6 meses a +30 \u00b0C sin afectar el funcionamiento)<\/p>\n<\/li>\n<li data-start=\"1334\" data-end=\"1387\">\n<p data-start=\"1336\" data-end=\"1387\">Montaje: Se adapta directamente a la carcasa del Ajax Hub BP<\/p>\n<\/li>\n<li data-start=\"1388\" data-end=\"1422\">\n<p data-start=\"1390\" data-end=\"1422\">Tipo de bater\u00eda: 10x LTC ER34615-LD<\/p>\n<\/li>\n<li data-start=\"1423\" data-end=\"1443\">\n<p data-start=\"1425\" data-end=\"1443\">No recargable<\/p>\n<\/li>\n<\/ul>\n<p data-start=\"1445\" data-end=\"1568\">Esta es la soluci\u00f3n perfecta para aquellos que necesitan un funcionamiento de bater\u00eda estable y prolongado para su Ajax Hub BP, sin concesiones.<\/p>","protected":false},"excerpt":{"rendered":"<p>Bater\u00eda interna para Ajax Hub BP (7,2 V\/95 Ah). No recargable. Ofrece hasta 17 meses de funcionamiento con el modo de ahorro de bater\u00eda. Consta de 10 bater\u00edas LTC ER34615-LD.<\/p>","protected":false},"featured_media":158133,"template":"","meta":{"_acf_changed":false},"product_brand":[],"product_cat":[3171,3128],"product_tag":[4863],"class_list":{"0":"post-158134","1":"product","2":"type-product","3":"status-publish","4":"has-post-thumbnail","6":"product_cat-psu-stromforsorjning","7":"product_cat-ajax-reservdelar-fasten","8":"product_tag-pf","9":"product_shipping_class-tunga-paket","10":"pa_brands-ajax-systems","11":"tm-no-options","13":"first","14":"instock","15":"sale","16":"taxable","17":"shipping-taxable","18":"purchasable","19":"product-type-simple"},"acf":[],"_links":{"self":[{"href":"https:\/\/secureus.se\/es\/wp-json\/wp\/v2\/product\/158134","targetHints":{"allow":["GET"]}}],"collection":[{"href":"https:\/\/secureus.se\/es\/wp-json\/wp\/v2\/product"}],"about":[{"href":"https:\/\/secureus.se\/es\/wp-json\/wp\/v2\/types\/product"}],"wp:featuredmedia":[{"embeddable":true,"href":"https:\/\/secureus.se\/es\/wp-json\/wp\/v2\/media\/158133"}],"wp:attachment":[{"href":"https:\/\/secureus.se\/es\/wp-json\/wp\/v2\/media?parent=158134"}],"wp:term":[{"taxonomy":"product_brand","embeddable":true,"href":"https:\/\/secureus.se\/es\/wp-json\/wp\/v2\/product_brand?post=158134"},{"taxonomy":"product_cat","embeddable":true,"href":"https:\/\/secureus.se\/es\/wp-json\/wp\/v2\/product_cat?post=158134"},{"taxonomy":"product_tag","embeddable":true,"href":"https:\/\/secureus.se\/es\/wp-json\/wp\/v2\/product_tag?post=158134"}],"curies":[{"name":"wp","href":"https:\/\/api.w.org\/{rel}","templated":true}]}}