{"id":158320,"date":"2025-09-22T12:46:45","date_gmt":"2025-09-22T10:46:45","guid":{"rendered":"https:\/\/secureus.se\/rela-24v-4-kanals-med-hog-lag-nivastyrning\/"},"modified":"2026-04-01T16:17:40","modified_gmt":"2026-04-01T14:17:40","slug":"rela-24v-4-kanals-med-hog-lag-nivastyrning","status":"publish","type":"product","link":"https:\/\/secureus.se\/es\/rela-24v-4-kanals-med-hog-lag-nivastyrning\/","title":{"rendered":"Rel\u00e9 24V 4 canales con control de nivel alto\/bajo Serie Pro"},"content":{"rendered":"<h1>Rel\u00e9 24V 4 canales con control de nivel alto\/bajo<\/h1>\n<p><span style=\"text-decoration: underline\"><strong>Perfectamente adecuado para instalaciones de alarma y telecomunicaciones.<\/strong><\/span><\/p>\n<ol data-start=\"579\" data-end=\"1159\">\n<li data-start=\"579\" data-end=\"686\">\n<p data-start=\"582\" data-end=\"615\">Equipado con rel\u00e9 de calidad genuina.<\/p>\n<ul data-start=\"619\" data-end=\"686\">\n<li data-start=\"619\" data-end=\"686\">\n<p data-start=\"621\" data-end=\"686\">Carga m\u00e1xima: CA 250 V\/10 A, CC 30 V\/10 A (contacto normalmente abierto)<\/p>\n<\/li>\n<\/ul>\n<\/li>\n<li data-start=\"687\" data-end=\"788\">\n<p data-start=\"690\" data-end=\"757\">Aislamiento de optoacoplador doble para alta seguridad y rendimiento estable<\/p>\n<ul data-start=\"761\" data-end=\"788\">\n<li data-start=\"761\" data-end=\"788\">\n<p data-start=\"763\" data-end=\"788\">Corriente de disparo: solo 5 mA<\/p>\n<\/li>\n<\/ul>\n<\/li>\n<li data-start=\"789\" data-end=\"812\">\n<p data-start=\"792\" data-end=\"812\">Tensi\u00f3n de funcionamiento: 24 V<\/p>\n<\/li>\n<li data-start=\"813\" data-end=\"897\">\n<p data-start=\"816\" data-end=\"897\">Cada canal se puede configurar para que se active por nivel alto o bajo (a trav\u00e9s de un puente)<\/p>\n<\/li>\n<li data-start=\"898\" data-end=\"979\">\n<p data-start=\"901\" data-end=\"979\">Dise\u00f1o tolerante a fallas: si la l\u00ednea de control se rompe, el rel\u00e9 no se activar\u00e1 accidentalmente<\/p>\n<\/li>\n<li data-start=\"980\" data-end=\"1073\">\n<p data-start=\"983\" data-end=\"1001\">Indicadores LED:<\/p>\n<ul data-start=\"1005\" data-end=\"1073\">\n<li data-start=\"1005\" data-end=\"1029\">\n<p data-start=\"1007\" data-end=\"1029\">Verde: indicador de encendido<\/p>\n<\/li>\n<li data-start=\"1033\" data-end=\"1073\">\n<p data-start=\"1035\" data-end=\"1073\">Rojo: estado del rel\u00e9 para cada canal<\/p>\n<\/li>\n<\/ul>\n<\/li>\n<li data-start=\"1074\" data-end=\"1159\">\n<p data-start=\"1077\" data-end=\"1159\">Dise\u00f1o f\u00e1cil de usar: todas las conexiones son accesibles a trav\u00e9s de terminales de tornillo transparentes<\/p>\n<\/li>\n<\/ol>\n<p data-start=\"1161\" data-end=\"1172\"><strong>Interfaz:<\/strong><\/p>\n<p data-start=\"1174\" data-end=\"1192\">Conexi\u00f3n de alimentaci\u00f3n:<\/p>\n<ul data-start=\"1193\" data-end=\"1291\">\n<li data-start=\"1193\" data-end=\"1242\">\n<p data-start=\"1195\" data-end=\"1242\">DC+: Se conecta al polo positivo de la fuente de alimentaci\u00f3n.<\/p>\n<\/li>\n<li data-start=\"1243\" data-end=\"1291\">\n<p data-start=\"1245\" data-end=\"1291\">DC-: Se conecta al polo negativo de la fuente de alimentaci\u00f3n.<\/p>\n<\/li>\n<\/ul>\n<p data-start=\"1293\" data-end=\"1308\"><strong>Se\u00f1ales de control:<\/strong><\/p>\n<ul data-start=\"1309\" data-end=\"1384\">\n<li data-start=\"1309\" data-end=\"1384\">\n<p data-start=\"1311\" data-end=\"1384\">IN1, IN2: Controla el rel\u00e9 respectivo dependiendo del nivel de activaci\u00f3n establecido (alto\/bajo)<\/p>\n<\/li>\n<\/ul>\n<p data-start=\"1386\" data-end=\"1399\"><strong>Salida de rel\u00e9:<\/strong><\/p>\n<ul data-start=\"1400\" data-end=\"1621\">\n<li data-start=\"1400\" data-end=\"1493\">\n<p data-start=\"1402\" data-end=\"1493\">NO1, NO2 (normalmente abierto): contacto normalmente abierto: abierto en estado inactivo, cerrado cuando se activa<\/p>\n<\/li>\n<li data-start=\"1494\" data-end=\"1526\">\n<p data-start=\"1496\" data-end=\"1526\">COM1, COM2: Conector com\u00fan<\/p>\n<\/li>\n<li data-start=\"1527\" data-end=\"1621\">\n<p data-start=\"1529\" data-end=\"1621\">NC1, NC2 (normalmente cerrado): contacto normalmente cerrado: cerrado en posici\u00f3n de reposo, abierto cuando se activa<\/p>\n<\/li>\n<\/ul>\n<p data-start=\"1623\" data-end=\"1644\"><strong>Selecci\u00f3n del nivel de activaci\u00f3n:<\/strong><\/p>\n<ul data-start=\"1645\" data-end=\"1813\">\n<li data-start=\"1645\" data-end=\"1698\">\n<p data-start=\"1647\" data-end=\"1698\">S1, S2: Selecci\u00f3n de puente para el nivel de activaci\u00f3n en los rel\u00e9s 1 y 2<\/p>\n<\/li>\n<li data-start=\"1699\" data-end=\"1762\">\n<p data-start=\"1701\" data-end=\"1762\">Si COM en el puente est\u00e1 conectado a nivel bajo \u2192 activaci\u00f3n de nivel bajo<\/p>\n<\/li>\n<li data-start=\"1763\" data-end=\"1813\">\n<p data-start=\"1765\" data-end=\"1813\">Si COM est\u00e1 conectado a un nivel alto \u2192 activaci\u00f3n de alto nivel<\/p>\n<\/li>\n<\/ul>\n<p><strong>Medida<\/strong>: 7,5 cm x 5 cm<\/p>","protected":false},"excerpt":{"rendered":"<p>M\u00f3dulo de rel\u00e9 compacto de 2 canales con tensi\u00f3n de funcionamiento de 24 V, compatible con activaci\u00f3n por nivel alto y bajo y doble aislamiento mediante optoacoplador para un control estable y seguro.<\/p>\n<p>Equipado con indicadores LED y terminales de tornillo f\u00e1ciles de usar para una f\u00e1cil instalaci\u00f3n.<\/p>\n<p>Perfectamente adecuado para instalaciones de alarma y telecomunicaciones.<\/p>\n<p><strong>Medida<\/strong>: 7,5 cm x 5 cm<\/p>","protected":false},"featured_media":158317,"template":"","meta":{"_acf_changed":false},"product_brand":[],"product_cat":[1548,4152],"product_tag":[],"class_list":{"0":"post-158320","1":"product","2":"type-product","3":"status-publish","4":"has-post-thumbnail","6":"product_cat-relaer-elektronik","7":"product_cat-rela-24-volt","8":"product_shipping_class-postnord-varubrev","9":"pa_brands-stonehouse-security","10":"tm-no-options","12":"first","13":"instock","14":"sale","15":"taxable","16":"shipping-taxable","17":"purchasable","18":"product-type-simple"},"acf":[],"_links":{"self":[{"href":"https:\/\/secureus.se\/es\/wp-json\/wp\/v2\/product\/158320","targetHints":{"allow":["GET"]}}],"collection":[{"href":"https:\/\/secureus.se\/es\/wp-json\/wp\/v2\/product"}],"about":[{"href":"https:\/\/secureus.se\/es\/wp-json\/wp\/v2\/types\/product"}],"wp:featuredmedia":[{"embeddable":true,"href":"https:\/\/secureus.se\/es\/wp-json\/wp\/v2\/media\/158317"}],"wp:attachment":[{"href":"https:\/\/secureus.se\/es\/wp-json\/wp\/v2\/media?parent=158320"}],"wp:term":[{"taxonomy":"product_brand","embeddable":true,"href":"https:\/\/secureus.se\/es\/wp-json\/wp\/v2\/product_brand?post=158320"},{"taxonomy":"product_cat","embeddable":true,"href":"https:\/\/secureus.se\/es\/wp-json\/wp\/v2\/product_cat?post=158320"},{"taxonomy":"product_tag","embeddable":true,"href":"https:\/\/secureus.se\/es\/wp-json\/wp\/v2\/product_tag?post=158320"}],"curies":[{"name":"wp","href":"https:\/\/api.w.org\/{rel}","templated":true}]}}