{"id":158822,"date":"2025-10-02T10:45:51","date_gmt":"2025-10-02T08:45:51","guid":{"rendered":"https:\/\/secureus.se\/inomhussiren-12v-m19-volymkontroll-sabotagekontakt\/"},"modified":"2026-03-18T11:18:56","modified_gmt":"2026-03-18T10:18:56","slug":"inomhussiren-12v-m19-volymkontroll-sabotagekontakt","status":"publish","type":"product","link":"https:\/\/secureus.se\/es\/inomhussiren-12v-m19-volymkontroll-sabotagekontakt\/","title":{"rendered":"Sirena de interior de 12 V M19 con interruptor de sabotaje y control de volumen"},"content":{"rendered":"<h1>Sirena de interior de 12 V M19 con interruptor de sabotaje y control de volumen<\/h1>\n<p data-start=\"198\" data-end=\"591\">Esta potente y confiable sirena de interior est\u00e1 dise\u00f1ada para usarse en varios tipos de sistemas de alarma.<\/p>\n<p data-start=\"198\" data-end=\"591\">Con un nivel de sonido de hasta <strong data-start=\"328\" data-end=\"340\">115 dB\/m<\/strong>, control de volumen y doble protecci\u00f3n antimanipulaci\u00f3n, es una excelente opci\u00f3n para instalaciones que requieren seguridad, flexibilidad y se\u00f1alizaci\u00f3n de audio confiable.<\/p>\n<p data-start=\"198\" data-end=\"591\">El dise\u00f1o limpio y blanco en pl\u00e1stico ABS duradero significa que la sirena se integra discretamente en ambientes interiores modernos.<\/p>\n<h4 data-start=\"593\" data-end=\"613\"><strong data-start=\"598\" data-end=\"613\">Caracter\u00edsticas:<\/strong><\/h4>\n<ul data-start=\"615\" data-end=\"1505\">\n<li data-start=\"615\" data-end=\"747\">\n<p data-start=\"617\" data-end=\"747\"><strong data-start=\"617\" data-end=\"635\">Alto volumen<\/strong>:Entrega hasta 115 dB a una distancia de 1 metro, suficiente para advertir eficazmente sobre una intrusi\u00f3n o un incendio.<\/p>\n<\/li>\n<li data-start=\"748\" data-end=\"895\">\n<p data-start=\"750\" data-end=\"895\"><strong data-start=\"750\" data-end=\"774\">Se\u00f1al de doble disparo<\/strong>:La sirena se puede activar a trav\u00e9s de <strong data-start=\"802\" data-end=\"834\">dos entradas de disparo independientes<\/strong>, lo que proporciona flexibilidad a la hora de conectarse a diferentes sistemas de alarma.<\/p>\n<\/li>\n<li data-start=\"896\" data-end=\"1000\">\n<p data-start=\"898\" data-end=\"1000\"><strong data-start=\"898\" data-end=\"915\">Dos modos de sonido<\/strong>: Elija entre dos se\u00f1ales de alarma diferentes (melod\u00eda) seg\u00fan la aplicaci\u00f3n y la preferencia.<\/p>\n<\/li>\n<li data-start=\"1001\" data-end=\"1109\">\n<p data-start=\"1003\" data-end=\"1109\"><strong data-start=\"1003\" data-end=\"1020\">Control de volumen<\/strong>:Volumen ajustable para adaptar el nivel de sonido a las necesidades de la sala o requerimientos del usuario.<\/p>\n<\/li>\n<li data-start=\"1110\" data-end=\"1236\">\n<p data-start=\"1112\" data-end=\"1236\"><strong data-start=\"1112\" data-end=\"1129\">Protecci\u00f3n contra manipulaciones<\/strong>:Equipado con doble protecci\u00f3n: reacciona tanto a los intentos de apertura de la carcasa como a su extracci\u00f3n de la pared.<\/p>\n<\/li>\n<li data-start=\"1237\" data-end=\"1376\">\n<p data-start=\"1239\" data-end=\"1376\"><strong data-start=\"1239\" data-end=\"1274\">Construcci\u00f3n moderna y duradera.<\/strong>:Fabricado en pl\u00e1stico ABS ign\u00edfugo y resistente a los impactos, dise\u00f1ado para una larga vida \u00fatil y un funcionamiento confiable.<\/p>\n<\/li>\n<li data-start=\"1377\" data-end=\"1505\">\n<p data-start=\"1379\" data-end=\"1505\"><strong data-start=\"1379\" data-end=\"1408\">Compatibilidad universal<\/strong>:F\u00e1cil de conectar a la mayor\u00eda de los sistemas de alarma convencionales y direccionables que admiten 12 V CC.<\/p>\n<\/li>\n<\/ul>\n<h4 data-start=\"1507\" data-end=\"1543\"><strong data-start=\"1512\" data-end=\"1543\">Usos t\u00edpicos:<\/strong><\/h4>\n<ul data-start=\"1545\" data-end=\"1698\">\n<li data-start=\"1545\" data-end=\"1554\">\n<p data-start=\"1547\" data-end=\"1554\">Alarma de casa<\/p>\n<\/li>\n<li data-start=\"1555\" data-end=\"1588\">\n<p data-start=\"1557\" data-end=\"1588\">Oficinas y locales comerciales<\/p>\n<\/li>\n<li data-start=\"1589\" data-end=\"1616\">\n<p data-start=\"1591\" data-end=\"1616\">Tiendas y almacenes<\/p>\n<\/li>\n<li data-start=\"1617\" data-end=\"1668\">\n<p data-start=\"1619\" data-end=\"1668\">Escuelas, centros de salud y edificios p\u00fablicos<\/p>\n<\/li>\n<li data-start=\"1669\" data-end=\"1698\">\n<p data-start=\"1671\" data-end=\"1698\">Alarma de incendio y alarma de p\u00e1nico<\/p>\n<\/li>\n<\/ul>\n<h4 data-start=\"1700\" data-end=\"1731\"><strong data-start=\"1705\" data-end=\"1731\">Especificaciones t\u00e9cnicas:<\/strong><\/h4>\n<div class=\"_tableContainer_1rjym_1\">\n<div class=\"group _tableWrapper_1rjym_13 flex w-fit flex-col-reverse\">\n<table class=\"w-fit min-w-(--thread-content-width)\" data-start=\"1733\" data-end=\"2706\">\n<thead data-start=\"1733\" data-end=\"1797\">\n<tr data-start=\"1733\" data-end=\"1797\">\n<th data-start=\"1733\" data-end=\"1764\" data-col-size=\"sm\">Propiedad<\/th>\n<th data-start=\"1764\" data-end=\"1797\" data-col-size=\"sm\">Valor<\/th>\n<\/tr>\n<\/thead>\n<tbody data-start=\"1862\" data-end=\"2706\">\n<tr data-start=\"1862\" data-end=\"1926\">\n<td data-start=\"1862\" data-end=\"1892\" data-col-size=\"sm\"><strong data-start=\"1864\" data-end=\"1880\">N\u00famero de modelo<\/strong><\/td>\n<td data-start=\"1892\" data-end=\"1926\" data-col-size=\"sm\">M19<\/td>\n<\/tr>\n<tr data-start=\"1927\" data-end=\"1991\">\n<td data-start=\"1927\" data-end=\"1957\" data-col-size=\"sm\"><strong data-start=\"1929\" data-end=\"1945\">Tipo de sirena<\/strong><\/td>\n<td data-start=\"1957\" data-end=\"1991\" data-col-size=\"sm\">Interior, ac\u00fastico<\/td>\n<\/tr>\n<tr data-start=\"1992\" data-end=\"2056\">\n<td data-start=\"1992\" data-end=\"2022\" data-col-size=\"sm\"><strong data-start=\"1994\" data-end=\"2006\">Voltaje<\/strong><\/td>\n<td data-start=\"2022\" data-end=\"2056\" data-col-size=\"sm\">12 V CC<\/td>\n<\/tr>\n<tr data-start=\"2057\" data-end=\"2121\">\n<td data-start=\"2057\" data-end=\"2087\" data-col-size=\"sm\"><strong data-start=\"2059\" data-end=\"2079\">Consumo de energ\u00eda<\/strong><\/td>\n<td data-start=\"2087\" data-end=\"2121\" data-col-size=\"sm\">0,15 A en caso de alarma<\/td>\n<\/tr>\n<tr data-start=\"2122\" data-end=\"2186\">\n<td data-start=\"2122\" data-end=\"2152\" data-col-size=\"sm\"><strong data-start=\"2124\" data-end=\"2136\">Nivel de sonido<\/strong><\/td>\n<td data-start=\"2152\" data-end=\"2186\" data-col-size=\"sm\">115 dB\/m<\/td>\n<\/tr>\n<tr data-start=\"2187\" data-end=\"2251\">\n<td data-start=\"2187\" data-end=\"2217\" data-col-size=\"sm\"><strong data-start=\"2189\" data-end=\"2200\">Selecci\u00f3n de sonido<\/strong><\/td>\n<td data-start=\"2217\" data-end=\"2251\" data-col-size=\"sm\">2 melod\u00edas<\/td>\n<\/tr>\n<tr data-start=\"2252\" data-end=\"2316\">\n<td data-start=\"2252\" data-end=\"2282\" data-col-size=\"sm\"><strong data-start=\"2254\" data-end=\"2262\">Pintar<\/strong><\/td>\n<td data-start=\"2282\" data-end=\"2316\" data-col-size=\"sm\">Blanco<\/td>\n<\/tr>\n<tr data-start=\"2317\" data-end=\"2381\">\n<td data-start=\"2317\" data-end=\"2347\" data-col-size=\"sm\"><strong data-start=\"2319\" data-end=\"2336\">Protecci\u00f3n contra manipulaciones<\/strong><\/td>\n<td data-start=\"2347\" data-end=\"2381\" data-col-size=\"sm\">S\u00ed, doble<\/td>\n<\/tr>\n<tr data-start=\"2382\" data-end=\"2446\">\n<td data-start=\"2382\" data-end=\"2412\" data-col-size=\"sm\"><strong data-start=\"2384\" data-end=\"2397\">Flash<\/strong><\/td>\n<td data-start=\"2412\" data-end=\"2446\" data-col-size=\"sm\">No<\/td>\n<\/tr>\n<tr data-start=\"2447\" data-end=\"2511\">\n<td data-start=\"2447\" data-end=\"2477\" data-col-size=\"sm\"><strong data-start=\"2449\" data-end=\"2461\">Material<\/strong><\/td>\n<td data-start=\"2477\" data-end=\"2511\" data-col-size=\"sm\">Pl\u00e1stico ABS<\/td>\n<\/tr>\n<tr data-start=\"2512\" data-end=\"2576\">\n<td data-start=\"2512\" data-end=\"2542\" data-col-size=\"sm\"><strong data-start=\"2514\" data-end=\"2527\">Montaje<\/strong><\/td>\n<td data-start=\"2542\" data-end=\"2576\" data-col-size=\"sm\">Montaje en pared interior<\/td>\n<\/tr>\n<tr data-start=\"2577\" data-end=\"2641\">\n<td data-start=\"2577\" data-end=\"2607\" data-col-size=\"sm\"><strong data-start=\"2579\" data-end=\"2598\">Entradas de activaci\u00f3n<\/strong><\/td>\n<td data-start=\"2607\" data-end=\"2641\" data-col-size=\"sm\">2 piezas<\/td>\n<\/tr>\n<tr data-start=\"2642\" data-end=\"2706\">\n<td data-start=\"2642\" data-end=\"2672\" data-col-size=\"sm\"><strong data-start=\"2644\" data-end=\"2653\">Ambiente<\/strong><\/td>\n<td data-start=\"2672\" data-end=\"2706\" data-col-size=\"sm\">Solo para uso en interiores<\/td>\n<\/tr>\n<\/tbody>\n<\/table>\n<\/div>\n<\/div>","protected":false},"excerpt":{"rendered":"<p>Sirena de interior eficaz en pl\u00e1stico ABS de color blanco con volumen regulable y doble detecci\u00f3n de manipulaci\u00f3n.<\/p>\n<p>Proporciona un sonido de alarma de hasta 115 dB y admite dos se\u00f1ales de activaci\u00f3n.<\/p>\n<p>Perfecto para instalaciones de alarmas en hogares, oficinas y entornos p\u00fablicos.<\/p>\n<p>Alimentado por 12 V CC.<\/p>","protected":false},"featured_media":158821,"template":"","meta":{"_acf_changed":false},"product_brand":[],"product_cat":[1562,5105],"product_tag":[2268],"class_list":{"0":"post-158822","1":"product","2":"type-product","3":"status-publish","4":"has-post-thumbnail","6":"product_cat-larmdon-blixtljus","7":"product_cat-larmsirener","8":"product_tag-larmdon-siren-inomhus","9":"pa_farg-vit","10":"tm-no-options","12":"first","13":"instock","14":"sale","15":"taxable","16":"shipping-taxable","17":"purchasable","18":"product-type-simple"},"acf":[],"_links":{"self":[{"href":"https:\/\/secureus.se\/es\/wp-json\/wp\/v2\/product\/158822","targetHints":{"allow":["GET"]}}],"collection":[{"href":"https:\/\/secureus.se\/es\/wp-json\/wp\/v2\/product"}],"about":[{"href":"https:\/\/secureus.se\/es\/wp-json\/wp\/v2\/types\/product"}],"wp:featuredmedia":[{"embeddable":true,"href":"https:\/\/secureus.se\/es\/wp-json\/wp\/v2\/media\/158821"}],"wp:attachment":[{"href":"https:\/\/secureus.se\/es\/wp-json\/wp\/v2\/media?parent=158822"}],"wp:term":[{"taxonomy":"product_brand","embeddable":true,"href":"https:\/\/secureus.se\/es\/wp-json\/wp\/v2\/product_brand?post=158822"},{"taxonomy":"product_cat","embeddable":true,"href":"https:\/\/secureus.se\/es\/wp-json\/wp\/v2\/product_cat?post=158822"},{"taxonomy":"product_tag","embeddable":true,"href":"https:\/\/secureus.se\/es\/wp-json\/wp\/v2\/product_tag?post=158822"}],"curies":[{"name":"wp","href":"https:\/\/api.w.org\/{rel}","templated":true}]}}