{"id":158867,"date":"2025-10-03T12:59:59","date_gmt":"2025-10-03T10:59:59","guid":{"rendered":"https:\/\/secureus.se\/?post_type=product&#038;p=158867"},"modified":"2026-02-02T10:44:33","modified_gmt":"2026-02-02T09:44:33","slug":"risco-lightsys-air-larmpaket-med-knappsats-vit","status":"publish","type":"product","link":"https:\/\/secureus.se\/es\/risco-lightsys-air-larmpaket-med-knappsats-vit\/","title":{"rendered":"Kit de alarma de aire RISCO LightSYS con teclado \u2013 Blanco"},"content":{"rendered":"<h2 data-start=\"602\" data-end=\"656\"><strong data-start=\"602\" data-end=\"654\">Kit de alarma de aire RISCO LightSYS con teclado \u2013 Blanco<\/strong><\/h2>\n<p data-start=\"658\" data-end=\"825\">Este paquete contiene <strong data-start=\"681\" data-end=\"710\">Unidad central LightSYS Air<\/strong> y uno <strong data-start=\"718\" data-end=\"759\">Teclado inal\u00e1mbrico bidireccional blanco con proximidad<\/strong>, brind\u00e1ndole una soluci\u00f3n b\u00e1sica completa para el hogar o el negocio.<\/p>\n<p data-start=\"827\" data-end=\"1159\"><strong data-start=\"829\" data-end=\"851\">128 zonas inal\u00e1mbricas<\/strong> \u2013 para una adaptaci\u00f3n flexible<br data-start=\"877\" data-end=\"880\" \/><strong data-start=\"882\" data-end=\"915\">M\u00f3dulos WiFi e IP integrados<\/strong> \u2013 conexi\u00f3n estable desde el principio<br data-start=\"947\" data-end=\"950\" \/><strong data-start=\"952\" data-end=\"975\">Certificado de grado 2<\/strong> \u2013 cumple con los est\u00e1ndares de seguridad europeos<br data-start=\"1018\" data-end=\"1021\" \/><strong data-start=\"1023\" data-end=\"1088\">Admite hasta 32 particiones, 3 sirenas y 8 teclados<\/strong><br data-start=\"1088\" data-end=\"1091\" \/><strong data-start=\"1093\" data-end=\"1120\">Control f\u00e1cil de usar<\/strong> \u2013 mediante el teclado o la aplicaci\u00f3n iRISCO<\/p>\n<hr data-start=\"1161\" data-end=\"1164\" \/>\n<h3 data-start=\"1166\" data-end=\"1205\">\ud83d\udca1 <strong data-start=\"1173\" data-end=\"1203\">\u00bfDesea seguridad adicional?<\/strong><\/h3>\n<p data-start=\"1206\" data-end=\"1339\">Complete el paquete con un <strong data-start=\"1233\" data-end=\"1268\">M\u00f3dulo 4G para RISCO LightSYS Air<\/strong>.<br data-start=\"1269\" data-end=\"1272\" \/>Esto le proporciona una conexi\u00f3n segura incluso si se interrumpe la conexi\u00f3n a Internet.<\/p>\n<p data-start=\"1341\" data-end=\"1382\">\ud83d\udc49 <a class=\"decorated-link\" href=\"https:\/\/secureus.se\/es\/4g-modul-for-risco-lightsys-air\/\" rel=\"noopener\" data-start=\"1344\" data-end=\"1380\">M\u00f3dulo 4G para RISCO LightSYS Air<\/a><\/p>","protected":false},"excerpt":{"rendered":"<p>Paquete completo de alarma RISCO LightSYS Air con unidad central y teclado blanco. Incluye Wi-Fi e IP; se puede complementar con un m\u00f3dulo 4G para una m\u00e1xima fiabilidad operativa.<\/p>","protected":false},"featured_media":158869,"template":"","meta":{"_acf_changed":false},"product_brand":[],"product_cat":[3357,4880],"product_tag":[],"class_list":{"0":"post-158867","1":"product","2":"type-product","3":"status-publish","4":"has-post-thumbnail","6":"product_cat-larmpaket-risco-larm","7":"product_cat-lightsys-air-v6","8":"tm-no-options","10":"first","11":"instock","12":"sale","13":"taxable","14":"shipping-taxable","15":"purchasable","16":"product-type-woosb"},"acf":[],"_links":{"self":[{"href":"https:\/\/secureus.se\/es\/wp-json\/wp\/v2\/product\/158867","targetHints":{"allow":["GET"]}}],"collection":[{"href":"https:\/\/secureus.se\/es\/wp-json\/wp\/v2\/product"}],"about":[{"href":"https:\/\/secureus.se\/es\/wp-json\/wp\/v2\/types\/product"}],"wp:featuredmedia":[{"embeddable":true,"href":"https:\/\/secureus.se\/es\/wp-json\/wp\/v2\/media\/158869"}],"wp:attachment":[{"href":"https:\/\/secureus.se\/es\/wp-json\/wp\/v2\/media?parent=158867"}],"wp:term":[{"taxonomy":"product_brand","embeddable":true,"href":"https:\/\/secureus.se\/es\/wp-json\/wp\/v2\/product_brand?post=158867"},{"taxonomy":"product_cat","embeddable":true,"href":"https:\/\/secureus.se\/es\/wp-json\/wp\/v2\/product_cat?post=158867"},{"taxonomy":"product_tag","embeddable":true,"href":"https:\/\/secureus.se\/es\/wp-json\/wp\/v2\/product_tag?post=158867"}],"curies":[{"name":"wp","href":"https:\/\/api.w.org\/{rel}","templated":true}]}}