{"id":158960,"date":"2025-10-06T15:30:07","date_gmt":"2025-10-06T13:30:07","guid":{"rendered":"https:\/\/secureus.se\/?post_type=product&#038;p=158960"},"modified":"2026-04-02T15:31:21","modified_gmt":"2026-04-02T13:31:21","slug":"ekologisk-mifare-1k-rfid-tagg-vortex-eco-svart","status":"publish","type":"product","link":"https:\/\/secureus.se\/es\/ekologisk-mifare-1k-rfid-tagg-vortex-eco-svart\/","title":{"rendered":"Etiqueta RFID ecol\u00f3gica MIFARE 1K negra \u2013 Vortex Eco (material reciclado 100%)"},"content":{"rendered":"<h3 data-start=\"729\" data-end=\"804\">Vortex Eco \u2013 Etiqueta RFID sostenible fabricada con material reciclado 100%<\/h3>\n<p data-start=\"806\" data-end=\"1107\"><strong data-start=\"806\" data-end=\"820\">V\u00f3rtice Eco<\/strong> es una versi\u00f3n ecol\u00f3gica de la popular etiqueta Vortex, hecha de <strong data-start=\"892\" data-end=\"920\">Material reciclado 100%<\/strong> \u2013 una opci\u00f3n sostenible tanto para el negocio como para el medio ambiente.<br data-start=\"967\" data-end=\"970\" \/>El color negro es una consecuencia natural del pl\u00e1stico reciclado y muestra claramente que la sostenibilidad no tiene por qu\u00e9 comprometer la calidad.<\/p>\n<p data-start=\"1109\" data-end=\"1389\">Con su <strong data-start=\"1117\" data-end=\"1144\">Tecnolog\u00eda de chip MIFARE 1K<\/strong> y <strong data-start=\"1149\" data-end=\"1167\">Clasificaci\u00f3n IP68<\/strong> El Vortex Eco ofrece el mismo rendimiento y durabilidad que el modelo original. Su carcasa sobremoldeada protege contra la humedad, el polvo y los impactos mec\u00e1nicos, lo que lo hace ideal para su uso en... <strong data-start=\"1353\" data-end=\"1386\">entornos industriales exigentes<\/strong>.<\/p>\n<p data-start=\"1391\" data-end=\"1672\">La etiqueta funciona muy bien en ambos <strong data-start=\"1422\" data-end=\"1453\">ambientes interiores y exteriores<\/strong>, y puede soportar temperaturas desde <strong data-start=\"1484\" data-end=\"1504\">-25\u00b0C a +85\u00b0C<\/strong>Su dise\u00f1o compacto y ergon\u00f3mico permite llevarlo f\u00e1cilmente en un llavero o en un sistema de control de acceso, soportando adem\u00e1s el uso diario sin perder su funcionalidad.<\/p>\n<hr data-start=\"1674\" data-end=\"1677\" \/>\n<h3 data-start=\"1679\" data-end=\"1708\">Caracter\u00edsticas principales<\/h3>\n<ul data-start=\"1709\" data-end=\"2125\">\n<li data-start=\"1709\" data-end=\"1770\">\n<p data-start=\"1711\" data-end=\"1770\">Fabricado con material reciclado 100%: una opci\u00f3n respetuosa con el medio ambiente.<\/p>\n<\/li>\n<li data-start=\"1771\" data-end=\"1818\">\n<p data-start=\"1773\" data-end=\"1818\">Construcci\u00f3n duradera e impermeable (IP68)<\/p>\n<\/li>\n<li data-start=\"1819\" data-end=\"1865\">\n<p data-start=\"1821\" data-end=\"1865\">Equipado con chip MIFARE 1K (HF 13,56 MHz)<\/p>\n<\/li>\n<li data-start=\"1866\" data-end=\"1905\">\n<p data-start=\"1868\" data-end=\"1905\">Compatible con sistemas de control de acceso comunes<\/p>\n<\/li>\n<li data-start=\"1906\" data-end=\"1969\">\n<p data-start=\"1908\" data-end=\"1969\">Resiste entornos dif\u00edciles, resistente a temperaturas de -25 \u00b0C a +85 \u00b0C.<\/p>\n<\/li>\n<li data-start=\"1970\" data-end=\"2018\">\n<p data-start=\"1972\" data-end=\"2018\">Dise\u00f1o ergon\u00f3mico y delgado para facilitar su uso.<\/p>\n<\/li>\n<li data-start=\"2019\" data-end=\"2066\">\n<p data-start=\"2021\" data-end=\"2066\">Color negro: el resultado del pl\u00e1stico reciclado<\/p>\n<\/li>\n<li data-start=\"2067\" data-end=\"2125\">\n<p data-start=\"2069\" data-end=\"2125\">Se puede marcar con grabado l\u00e1ser o impresi\u00f3n (a pedido)<\/p>\n<\/li>\n<\/ul>\n<hr data-start=\"2127\" data-end=\"2130\" \/>\n<h3 data-start=\"2132\" data-end=\"2162\">Especificaciones t\u00e9cnicas<\/h3>\n<div class=\"_tableContainer_1rjym_1\">\n<div class=\"group _tableWrapper_1rjym_13 flex w-fit flex-col-reverse\">\n<table class=\"w-fit min-w-(--thread-content-width)\" data-start=\"2164\" data-end=\"2666\">\n<thead data-start=\"2164\" data-end=\"2184\">\n<tr data-start=\"2164\" data-end=\"2184\">\n<th data-start=\"2164\" data-end=\"2175\" data-col-size=\"sm\">Propiedad<\/th>\n<th data-start=\"2175\" data-end=\"2184\" data-col-size=\"md\"><\/th>\n<\/tr>\n<\/thead>\n<tbody data-start=\"2207\" data-end=\"2666\">\n<tr data-start=\"2207\" data-end=\"2234\">\n<td data-start=\"2207\" data-end=\"2220\" data-col-size=\"sm\"><strong data-start=\"2209\" data-end=\"2219\">Modelo<\/strong><\/td>\n<td data-start=\"2220\" data-end=\"2234\" data-col-size=\"md\">V\u00f3rtice Eco<\/td>\n<\/tr>\n<tr data-start=\"2235\" data-end=\"2262\">\n<td data-start=\"2235\" data-end=\"2249\" data-col-size=\"sm\"><strong data-start=\"2237\" data-end=\"2248\">Tipo de chip<\/strong><\/td>\n<td data-start=\"2249\" data-end=\"2262\" data-col-size=\"md\">MIFARE 1K<\/td>\n<\/tr>\n<tr data-start=\"2263\" data-end=\"2303\">\n<td data-start=\"2263\" data-end=\"2278\" data-col-size=\"sm\"><strong data-start=\"2265\" data-end=\"2277\">Material<\/strong><\/td>\n<td data-start=\"2278\" data-end=\"2303\" data-col-size=\"md\">100% pl\u00e1stico reciclado<\/td>\n<\/tr>\n<tr data-start=\"2304\" data-end=\"2324\">\n<td data-start=\"2304\" data-end=\"2315\" data-col-size=\"sm\"><strong data-start=\"2306\" data-end=\"2314\">Pintar<\/strong><\/td>\n<td data-start=\"2315\" data-end=\"2324\" data-col-size=\"md\">Negro<\/td>\n<\/tr>\n<tr data-start=\"2325\" data-end=\"2356\">\n<td data-start=\"2325\" data-end=\"2336\" data-col-size=\"sm\"><strong data-start=\"2327\" data-end=\"2335\">Medida<\/strong><\/td>\n<td data-start=\"2336\" data-end=\"2356\" data-col-size=\"md\">45 \u00d7 30 \u00d7 2,2 mm<\/td>\n<\/tr>\n<tr data-start=\"2357\" data-end=\"2390\">\n<td data-start=\"2357\" data-end=\"2372\" data-col-size=\"sm\"><strong data-start=\"2359\" data-end=\"2371\">Frecuencia<\/strong><\/td>\n<td data-start=\"2372\" data-end=\"2390\" data-col-size=\"md\">13,56 MHz (HF)<\/td>\n<\/tr>\n<tr data-start=\"2391\" data-end=\"2425\">\n<td data-start=\"2391\" data-end=\"2407\" data-col-size=\"sm\"><strong data-start=\"2393\" data-end=\"2406\">Protocolo<\/strong><\/td>\n<td data-start=\"2407\" data-end=\"2425\" data-col-size=\"md\">ISO\/IEC 14443A<\/td>\n<\/tr>\n<tr data-start=\"2426\" data-end=\"2469\">\n<td data-start=\"2426\" data-end=\"2449\" data-col-size=\"sm\"><strong data-start=\"2428\" data-end=\"2448\">Temperatura de funcionamiento<\/strong><\/td>\n<td data-start=\"2449\" data-end=\"2469\" data-col-size=\"md\">-25\u00b0C a +85\u00b0C<\/td>\n<\/tr>\n<tr data-start=\"2470\" data-end=\"2519\">\n<td data-start=\"2470\" data-end=\"2489\" data-col-size=\"sm\"><strong data-start=\"2472\" data-end=\"2488\">Clasificaci\u00f3n IP<\/strong><\/td>\n<td data-start=\"2489\" data-end=\"2519\" data-col-size=\"md\">IP68 \u2013 resistente al polvo y al agua<\/td>\n<\/tr>\n<tr data-start=\"2520\" data-end=\"2594\">\n<td data-start=\"2520\" data-end=\"2544\" data-col-size=\"sm\"><strong data-start=\"2522\" data-end=\"2543\">\u00c1rea de aplicaci\u00f3n<\/strong><\/td>\n<td data-start=\"2544\" data-end=\"2594\" data-col-size=\"md\">Sistemas de control de acceso, alarmas, industria, oficinas, ambientes exteriores<\/td>\n<\/tr>\n<tr data-start=\"2595\" data-end=\"2666\">\n<td data-start=\"2595\" data-end=\"2612\" data-col-size=\"sm\"><strong data-start=\"2597\" data-end=\"2611\">Adaptaci\u00f3n<\/strong><\/td>\n<td data-start=\"2612\" data-end=\"2666\" data-col-size=\"md\">Grabado l\u00e1ser, impresi\u00f3n<\/td>\n<\/tr>\n<\/tbody>\n<\/table>\n<\/div>\n<\/div>\n<hr data-start=\"2668\" data-end=\"2671\" \/>\n<h3 data-start=\"2673\" data-end=\"2699\">Medio ambiente y sostenibilidad<\/h3>\n<p data-start=\"2700\" data-end=\"2940\">Vortex Eco est\u00e1 dise\u00f1ado para empresas que buscan reducir su impacto ambiental sin comprometer la calidad. Al utilizar material reciclado 100%, reduce tanto los residuos como las emisiones de carbono: una forma sencilla de contribuir a un futuro m\u00e1s sostenible.<\/p>","protected":false},"excerpt":{"rendered":"<p>Etiqueta RFID ecol\u00f3gica fabricada con material reciclado 100%. Duradera, resistente al agua (IP68) y equipada con chip MIFARE 1K. Perfecta para uso en interiores y exteriores.<\/p>","protected":false},"featured_media":158958,"template":"","meta":{"_acf_changed":false},"product_brand":[],"product_cat":[4784,4884],"product_tag":[2434],"class_list":{"0":"post-158960","1":"product","2":"type-product","3":"status-publish","4":"has-post-thumbnail","6":"product_cat-mifare1k","7":"product_cat-vortex-eco-ekologiska-taggar","8":"product_tag-mifare-standard-blank-alpha","9":"pa_brands-stonehouse-security","10":"pa_chip-teknik-mifare1k","11":"pa_chip-teknik-mifare1k-ekologisk","12":"pa_farg-svart","13":"tm-no-options","15":"first","16":"instock","17":"sale","18":"taxable","19":"shipping-taxable","20":"purchasable","21":"product-type-simple"},"acf":[],"_links":{"self":[{"href":"https:\/\/secureus.se\/es\/wp-json\/wp\/v2\/product\/158960","targetHints":{"allow":["GET"]}}],"collection":[{"href":"https:\/\/secureus.se\/es\/wp-json\/wp\/v2\/product"}],"about":[{"href":"https:\/\/secureus.se\/es\/wp-json\/wp\/v2\/types\/product"}],"wp:featuredmedia":[{"embeddable":true,"href":"https:\/\/secureus.se\/es\/wp-json\/wp\/v2\/media\/158958"}],"wp:attachment":[{"href":"https:\/\/secureus.se\/es\/wp-json\/wp\/v2\/media?parent=158960"}],"wp:term":[{"taxonomy":"product_brand","embeddable":true,"href":"https:\/\/secureus.se\/es\/wp-json\/wp\/v2\/product_brand?post=158960"},{"taxonomy":"product_cat","embeddable":true,"href":"https:\/\/secureus.se\/es\/wp-json\/wp\/v2\/product_cat?post=158960"},{"taxonomy":"product_tag","embeddable":true,"href":"https:\/\/secureus.se\/es\/wp-json\/wp\/v2\/product_tag?post=158960"}],"curies":[{"name":"wp","href":"https:\/\/api.w.org\/{rel}","templated":true}]}}