{"id":159474,"date":"2025-10-24T12:17:53","date_gmt":"2025-10-24T10:17:53","guid":{"rendered":"https:\/\/secureus.se\/larmsandare-easyline-4g-med-cloud-funktion\/"},"modified":"2026-03-31T13:15:18","modified_gmt":"2026-03-31T11:15:18","slug":"larmsandare-easyline-4g-med-cloud","status":"publish","type":"product","link":"https:\/\/secureus.se\/es\/larmsandare-easyline-4g-med-cloud\/","title":{"rendered":"Transmisor de alarma EasyLine 4G GSM: reemplaza la l\u00ednea telef\u00f3nica (PSTN \/ TIP-RING)"},"content":{"rendered":"<h2 data-start=\"1209\" data-end=\"1267\">Transmisor de alarma EasyLine 4G GSM \u2013 L\u00ednea telef\u00f3nica PSTN \/ TIP-RING<\/h2>\n<p><strong>EasyLine 4G funciona como transmisor de alarma GSM y simulador de PSTN para sistemas de alarma que utilizan l\u00edneas telef\u00f3nicas TIP\/RING. EasyLine 4G<\/strong> es un transmisor de alarma con <strong>l\u00ednea telef\u00f3nica simulada (PSTN \/ TIP-RING)<\/strong> lo que permite utilizar sistemas de alarma antiguos a trav\u00e9s de la red m\u00f3vil en lugar de una l\u00ednea fija.<\/p>\n<p>Est\u00e1 especialmente dise\u00f1ado para instalaciones donde la alarma normalmente suena a trav\u00e9s de una l\u00ednea telef\u00f3nica anal\u00f3gica. EasyLine 4G crea entonces una l\u00ednea telef\u00f3nica completa (48 V) a trav\u00e9s de <strong>GSM\/4G<\/strong> para que el sistema de alarma pueda llamar a tel\u00e9fonos m\u00f3viles o a centrales de alarma como antes.<\/p>\n<p>Es una forma sencilla de hacer que las alarmas antiguas vuelvan a funcionar cuando la red de cobre o el transmisor 2G\/3G fallan. <strong>sin tener que reemplazar todo el sistema de alarma<\/strong>.<\/p>\n<hr \/>\n<h2>F\u00e1cil instalaci\u00f3n: conectar y usar.<\/h2>\n<p>EasyLine 4G est\u00e1 dise\u00f1ado para una instalaci\u00f3n r\u00e1pida.<\/p>\n<ul>\n<li>Conecte la salida telef\u00f3nica de la alarma a <strong>CONSEJO\/LLAMADA<\/strong><\/li>\n<li>Pon uno <strong>Tarjeta SIM<\/strong><\/li>\n<li>Iniciar el dispositivo<\/li>\n<\/ul>\n<p>Para su uso como reemplazo de l\u00ednea telef\u00f3nica, normalmente requiere <strong>sin programaci\u00f3n<\/strong>El sistema de alarma funciona directamente a trav\u00e9s de la red m\u00f3vil.<\/p>\n<hr \/>\n<h2>\u00bfCu\u00e1ndo es adecuado EasyLine 4G?<\/h2>\n<ul>\n<li>Alarma antirrobo antigua con l\u00ednea telef\u00f3nica anal\u00f3gica (PSTN).<\/li>\n<li>Repuesto para transmisores de alarma 2G o 3G antiguos.<\/li>\n<li>Alarma que llama directamente al tel\u00e9fono m\u00f3vil<\/li>\n<li>Transmisi\u00f3n de alarma al centro de alarmas<\/li>\n<li>Propiedades donde no hay l\u00ednea telef\u00f3nica<\/li>\n<\/ul>\n<hr \/>\n<h2>Caracter\u00edsticas<\/h2>\n<ul>\n<li>L\u00ednea telef\u00f3nica anal\u00f3gica simulada (PSTN)<\/li>\n<li>Conexi\u00f3n TIP\/RING al sistema de alarma<\/li>\n<li>Comunicaci\u00f3n 4G\/GSM<\/li>\n<li>Compatibilidad con Contact ID y protocolo 4\/2<\/li>\n<li>Llamadas o SMS a hasta 8 n\u00fameros de tel\u00e9fono<\/li>\n<li>1 entrada (NA\/NC) para alarmas externas<\/li>\n<li>1 salida de colector abierto<\/li>\n<li>La salida se puede controlar mediante un n\u00famero de tel\u00e9fono.<\/li>\n<li>Programaci\u00f3n por SMS o programaci\u00f3n mediante DTMF<\/li>\n<li>Reenv\u00edo de SMS<\/li>\n<li>Comunicaci\u00f3n bidireccional (habla)<\/li>\n<li><strong>Antena 4G incluida<\/strong><\/li>\n<\/ul>\n<hr \/>\n<h2>Funciones avanzadas<\/h2>\n<p>Para instalaciones m\u00e1s avanzadas, EasyLine 4G tambi\u00e9n se puede utilizar para:<\/p>\n<ul>\n<li>Transmisi\u00f3n de alarma al centro de alarmas<\/li>\n<li>Protocolo Contact ID y 4\/2<\/li>\n<li>Control de rel\u00e9s mediante llamada telef\u00f3nica<\/li>\n<li>Programaci\u00f3n remota v\u00eda SMS<\/li>\n<\/ul>\n<p>Para una configuraci\u00f3n completa, el dispositivo se puede programar a trav\u00e9s del software para PC. <strong>ProRead<\/strong> Con programador USB (opcional).<\/p>\n<hr \/>\n<h2>Resumen<\/h2>\n<p>EasyLine 4G es un transmisor de alarma flexible que:<\/p>\n<ul>\n<li>Reemplaza las l\u00edneas telef\u00f3nicas fijas en los sistemas de alarma.<\/li>\n<li>Funciona directamente con alarmas antiguas.<\/li>\n<li>Se pueden llamar a tel\u00e9fonos m\u00f3viles en caso de alarma.<\/li>\n<li>Ofrece la posibilidad de un control avanzado mediante SMS y salida de rel\u00e9.<\/li>\n<\/ul>\n<p>Una soluci\u00f3n sencilla y rentable para cuando sea necesario sustituir l\u00edneas telef\u00f3nicas anal\u00f3gicas o transmisores de alarma antiguos.<\/p>","protected":false},"excerpt":{"rendered":"<p><strong>EasyLine 4G<\/strong> Es un transmisor de alarma que reemplaza las l\u00edneas telef\u00f3nicas fijas en sistemas de alarma m\u00e1s antiguos. Crea una <strong>l\u00ednea telef\u00f3nica PSTN simulada (TIP\/RING)<\/strong> a trav\u00e9s de la red m\u00f3vil para que la alarma pueda seguir llamando a los tel\u00e9fonos m\u00f3viles o al centro de alarmas.<\/p>\n<p>Ideal para cuando desaparece la red de cobre o los transmisores 2G\/3G m\u00e1s antiguos, sin necesidad de reemplazar todo el sistema de alarma.<\/p>\n<p><strong>Conectar y usar:<\/strong> Conecte TIP\/RING, inserte una tarjeta SIM e inicie el dispositivo.<\/p>","protected":false},"featured_media":159472,"template":"","meta":{"_acf_changed":false},"product_brand":[],"product_cat":[1551],"product_tag":[3850],"class_list":{"0":"post-159474","1":"product","2":"type-product","3":"status-publish","4":"has-post-thumbnail","6":"product_cat-larmoverforing","7":"product_tag-bastsaljare","8":"pa_brands-asc","9":"tm-no-options","11":"first","12":"instock","13":"taxable","14":"shipping-taxable","15":"purchasable","16":"product-type-simple"},"acf":[],"_links":{"self":[{"href":"https:\/\/secureus.se\/es\/wp-json\/wp\/v2\/product\/159474","targetHints":{"allow":["GET"]}}],"collection":[{"href":"https:\/\/secureus.se\/es\/wp-json\/wp\/v2\/product"}],"about":[{"href":"https:\/\/secureus.se\/es\/wp-json\/wp\/v2\/types\/product"}],"wp:featuredmedia":[{"embeddable":true,"href":"https:\/\/secureus.se\/es\/wp-json\/wp\/v2\/media\/159472"}],"wp:attachment":[{"href":"https:\/\/secureus.se\/es\/wp-json\/wp\/v2\/media?parent=159474"}],"wp:term":[{"taxonomy":"product_brand","embeddable":true,"href":"https:\/\/secureus.se\/es\/wp-json\/wp\/v2\/product_brand?post=159474"},{"taxonomy":"product_cat","embeddable":true,"href":"https:\/\/secureus.se\/es\/wp-json\/wp\/v2\/product_cat?post=159474"},{"taxonomy":"product_tag","embeddable":true,"href":"https:\/\/secureus.se\/es\/wp-json\/wp\/v2\/product_tag?post=159474"}],"curies":[{"name":"wp","href":"https:\/\/api.w.org\/{rel}","templated":true}]}}