{"id":159485,"date":"2025-10-24T12:12:26","date_gmt":"2025-10-24T10:12:26","guid":{"rendered":"https:\/\/secureus.se\/larmsandare-proline-4g-med-lan-cloud\/"},"modified":"2026-04-15T17:32:01","modified_gmt":"2026-04-15T15:32:01","slug":"larmsandare-proline-4g-med-lan","status":"publish","type":"product","link":"https:\/\/secureus.se\/es\/larmsandare-proline-4g-med-lan\/","title":{"rendered":"Transmisor de alarma ProLine 4G con LAN + Cloud"},"content":{"rendered":"<h1 data-start=\"736\" data-end=\"820\"><strong data-start=\"736\" data-end=\"820\">Transmisor de alarma ProLine 4G con LAN + Cloud: dos v\u00edas de comunicaci\u00f3n para sistemas de alarma con visi\u00f3n de futuro<\/strong><\/h1>\n<p data-start=\"822\" data-end=\"1176\">El transmisor de alarma ProLine 4G LAN + Cloud es un comunicador de alarma potente e inteligente que combina la transmisi\u00f3n GSM\/4G con una conexi\u00f3n LAN fija.<\/p>\n<p data-start=\"822\" data-end=\"1176\">Est\u00e1 dise\u00f1ado para la transmisi\u00f3n segura de alarmas a estaciones centrales, con soporte para protocolos SIA DC-09 y Enigma sobre IP y LTE\/GPRS.<\/p>\n<p data-start=\"822\" data-end=\"1176\">Gracias a su doble v\u00eda de comunicaci\u00f3n, proporciona un funcionamiento ininterrumpido incluso en caso de cortes en la red.<\/p>\n<p data-start=\"1178\" data-end=\"1493\"><strong data-start=\"1178\" data-end=\"1218\">Simulaci\u00f3n de l\u00ednea telef\u00f3nica anal\u00f3gica (PSTN)<\/strong><br data-start=\"1218\" data-end=\"1221\" \/>El dispositivo crea una l\u00ednea telef\u00f3nica completa con voltaje de l\u00ednea de 48 V y se\u00f1al de timbre de 72 V, lo que lo hace compatible con centrales de alarma m\u00e1s antiguas y sistemas de emergencia de ascensores.<\/p>\n<p data-start=\"1178\" data-end=\"1493\">Recibe c\u00f3digos Contact ID v\u00eda TIP\/RING y los env\u00eda a la central de alarmas a trav\u00e9s de Ethernet o la red 4G.<\/p>\n<p data-start=\"1495\" data-end=\"1826\"><strong data-start=\"1495\" data-end=\"1521\">Conectividad LAN y en la nube<\/strong><br data-start=\"1521\" data-end=\"1524\" \/>Adem\u00e1s de la red m\u00f3vil, el ProLine 4G LAN + Cloud se puede conectar directamente a la red a trav\u00e9s de su puerto LAN integrado.<\/p>\n<p data-start=\"1495\" data-end=\"1826\">A trav\u00e9s de internet, se env\u00edan eventos de alarma a hasta cuatro direcciones IP, lo que permite redundancia y monitoreo seguro. El dispositivo admite programaci\u00f3n y configuraci\u00f3n remotas mediante la nube, PC, aplicaci\u00f3n o Wi-Fi.<\/p>\n<p data-start=\"1828\" data-end=\"2207\"><strong data-start=\"1828\" data-end=\"1856\">Notificaci\u00f3n y control<\/strong><br data-start=\"1856\" data-end=\"1859\" \/>El dispositivo gestiona hasta ocho destinatarios para SMS o mensajes de voz y 1.000 n\u00fameros de tel\u00e9fono para el control de salida.<\/p>\n<p data-start=\"1828\" data-end=\"2207\">Dos entradas NO\/NC programables permiten una integraci\u00f3n flexible y la salida se puede configurar como monoestable (temporizada) o biestable (modo fijo).<\/p>\n<p data-start=\"1828\" data-end=\"2207\">El dispositivo registra la intensidad de la se\u00f1al GSM cada hora y almacena hasta 16.000 eventos.<\/p>\n<p data-start=\"2209\" data-end=\"2441\"><strong data-start=\"2209\" data-end=\"2232\">Copia de seguridad y seguridad<\/strong><br data-start=\"2232\" data-end=\"2235\" \/>Con la ProBattery opcional, el dispositivo funciona hasta 4 horas durante un corte de energ\u00eda.<\/p>\n<p data-start=\"2209\" data-end=\"2441\">Monitorea el estado de la SIM, la se\u00f1al de red y los eventos del sistema en tiempo real y env\u00eda alertas autom\u00e1ticas en caso de perturbaciones.<\/p>\n<p data-start=\"2443\" data-end=\"2467\"><strong data-start=\"2443\" data-end=\"2465\">\u00c1reas de uso<\/strong><\/p>\n<ul data-start=\"2468\" data-end=\"2689\">\n<li data-start=\"2468\" data-end=\"2505\">\n<p data-start=\"2470\" data-end=\"2505\">Centrales de alarma y sistemas de seguridad<\/p>\n<\/li>\n<li data-start=\"2506\" data-end=\"2537\">\n<p data-start=\"2508\" data-end=\"2537\">Ascensores y sistemas de llamada de emergencia<\/p>\n<\/li>\n<li data-start=\"2538\" data-end=\"2583\">\n<p data-start=\"2540\" data-end=\"2583\">Control de puertas y portones v\u00eda LAN o GSM<\/p>\n<\/li>\n<li data-start=\"2584\" data-end=\"2647\">\n<p data-start=\"2586\" data-end=\"2647\">Dom\u00f3tica y automatizaci\u00f3n de edificios (iluminaci\u00f3n, calefacci\u00f3n, ventilaci\u00f3n)<\/p>\n<\/li>\n<li data-start=\"2648\" data-end=\"2689\">\n<p data-start=\"2650\" data-end=\"2689\">Monitoreo de la red el\u00e9ctrica y estado operativo<\/p>\n<\/li>\n<\/ul>\n<hr data-start=\"2691\" data-end=\"2694\" \/>\n<h3 data-start=\"2696\" data-end=\"2728\"><strong data-start=\"2700\" data-end=\"2728\">Especificaciones t\u00e9cnicas<\/strong><\/h3>\n<ul data-start=\"2729\" data-end=\"3432\">\n<li data-start=\"2729\" data-end=\"2775\">\n<p data-start=\"2731\" data-end=\"2775\"><strong data-start=\"2731\" data-end=\"2749\">Comunicaci\u00f3n:<\/strong> GSM\/GPRS\/SMS\/3G\/LTE\/LAN<\/p>\n<\/li>\n<li data-start=\"2776\" data-end=\"2812\">\n<p data-start=\"2778\" data-end=\"2812\"><strong data-start=\"2778\" data-end=\"2792\">Protocolo:<\/strong> SIA DC-09, Enigma<\/p>\n<\/li>\n<li data-start=\"2813\" data-end=\"2872\">\n<p data-start=\"2815\" data-end=\"2872\"><strong data-start=\"2815\" data-end=\"2842\">Simulaci\u00f3n de l\u00ednea telef\u00f3nica:<\/strong> L\u00ednea de 48 V, se\u00f1al de timbre de 72 V<\/p>\n<\/li>\n<li data-start=\"2873\" data-end=\"2901\">\n<p data-start=\"2875\" data-end=\"2901\"><strong data-start=\"2875\" data-end=\"2888\">Entradas:<\/strong> 2 piezas NO\/NC<\/p>\n<\/li>\n<li data-start=\"2902\" data-end=\"2970\">\n<p data-start=\"2904\" data-end=\"2970\"><strong data-start=\"2904\" data-end=\"2917\">Salidas:<\/strong> 1 rel\u00e9 (20 V\/500 mA), ampliable con 1 salida de rel\u00e9<\/p>\n<\/li>\n<li data-start=\"2971\" data-end=\"3029\">\n<p data-start=\"2973\" data-end=\"3029\"><strong data-start=\"2973\" data-end=\"2989\">Notificaci\u00f3n:<\/strong> 8 destinatarios (SMS\/voz), 4 direcciones IP<\/p>\n<\/li>\n<li data-start=\"3030\" data-end=\"3098\">\n<p data-start=\"3032\" data-end=\"3098\"><strong data-start=\"3032\" data-end=\"3045\">Gobierno:<\/strong> Hasta 1.000 n\u00fameros de tel\u00e9fono o marcaci\u00f3n gratuita<\/p>\n<\/li>\n<li data-start=\"3099\" data-end=\"3132\">\n<p data-start=\"3101\" data-end=\"3132\"><strong data-start=\"3101\" data-end=\"3113\">Almacenamiento:<\/strong> 16.000 eventos<\/p>\n<\/li>\n<li data-start=\"3133\" data-end=\"3165\">\n<p data-start=\"3135\" data-end=\"3165\"><strong data-start=\"3135\" data-end=\"3153\">Voltaje de funcionamiento:<\/strong> 9\u201320 V CC<\/p>\n<\/li>\n<li data-start=\"3166\" data-end=\"3231\">\n<p data-start=\"3168\" data-end=\"3231\"><strong data-start=\"3168\" data-end=\"3189\">Consumo de energ\u00eda:<\/strong> 80 mA (modo de suspensi\u00f3n) \/ 1000 mA (GSM activo)<\/p>\n<\/li>\n<li data-start=\"3232\" data-end=\"3278\">\n<p data-start=\"3234\" data-end=\"3278\"><strong data-start=\"3234\" data-end=\"3245\">Respaldo:<\/strong> ProBattery (\u2248 4 horas de funcionamiento)<\/p>\n<\/li>\n<li data-start=\"3279\" data-end=\"3350\">\n<p data-start=\"3281\" data-end=\"3350\"><strong data-start=\"3281\" data-end=\"3299\">Programaci\u00f3n:<\/strong> USB, Bluetooth, Wi-Fi, SMS, software para PC (ProRead)<\/p>\n<\/li>\n<li data-start=\"3351\" data-end=\"3432\">\n<p data-start=\"3353\" data-end=\"3432\"><strong data-start=\"3353\" data-end=\"3368\">Caracter\u00edsticas:<\/strong> Configuraci\u00f3n de la nube, prueba de vida, manipulaci\u00f3n, notificaci\u00f3n de falla de energ\u00eda<\/p>\n<\/li>\n<\/ul>","protected":false},"excerpt":{"rendered":"<p data-start=\"297\" data-end=\"685\">El transmisor de alarma ProLine 4G LAN + Cloud es un transmisor de alarma avanzado con conectividad LAN y 4G.<\/p>\n<p data-start=\"297\" data-end=\"685\">Simula una l\u00ednea telef\u00f3nica anal\u00f3gica (RTC) y env\u00eda alarmas a trav\u00e9s de Ethernet, GSM o LTE a un m\u00e1ximo de cuatro direcciones IP.<\/p>\n<p data-start=\"297\" data-end=\"685\">Con compatibilidad con los protocolos SIA DC-09 y Enigma, control remoto a trav\u00e9s de la nube y 16.000 registros de eventos, ofrece la m\u00e1xima seguridad y flexibilidad para instalaciones de alarma profesionales.<\/p>","protected":false},"featured_media":159482,"template":"","meta":{"_acf_changed":false},"product_brand":[],"product_cat":[1551],"product_tag":[],"class_list":{"0":"post-159485","1":"product","2":"type-product","3":"status-publish","4":"has-post-thumbnail","6":"product_cat-larmoverforing","7":"pa_brands-asc","8":"tm-no-options","10":"first","11":"instock","12":"taxable","13":"shipping-taxable","14":"purchasable","15":"product-type-simple"},"acf":[],"_links":{"self":[{"href":"https:\/\/secureus.se\/es\/wp-json\/wp\/v2\/product\/159485","targetHints":{"allow":["GET"]}}],"collection":[{"href":"https:\/\/secureus.se\/es\/wp-json\/wp\/v2\/product"}],"about":[{"href":"https:\/\/secureus.se\/es\/wp-json\/wp\/v2\/types\/product"}],"wp:featuredmedia":[{"embeddable":true,"href":"https:\/\/secureus.se\/es\/wp-json\/wp\/v2\/media\/159482"}],"wp:attachment":[{"href":"https:\/\/secureus.se\/es\/wp-json\/wp\/v2\/media?parent=159485"}],"wp:term":[{"taxonomy":"product_brand","embeddable":true,"href":"https:\/\/secureus.se\/es\/wp-json\/wp\/v2\/product_brand?post=159485"},{"taxonomy":"product_cat","embeddable":true,"href":"https:\/\/secureus.se\/es\/wp-json\/wp\/v2\/product_cat?post=159485"},{"taxonomy":"product_tag","embeddable":true,"href":"https:\/\/secureus.se\/es\/wp-json\/wp\/v2\/product_tag?post=159485"}],"curies":[{"name":"wp","href":"https:\/\/api.w.org\/{rel}","templated":true}]}}