{"id":160024,"date":"2025-11-21T11:12:24","date_gmt":"2025-11-21T10:12:24","guid":{"rendered":"https:\/\/secureus.se\/?post_type=product&#038;p=160024"},"modified":"2026-04-23T13:11:41","modified_gmt":"2026-04-23T11:11:41","slug":"axis-t91g61-vaggfaste-vit","status":"publish","type":"product","link":"https:\/\/secureus.se\/es\/axis-t91g61-vaggfaste-vit\/","title":{"rendered":"Soporte de pared AXIS T91G61, blanco"},"content":{"rendered":"<h1>Soporte de pared AXIS T91G61, blanco<\/h1>\n<div class=\"dad65929\">\n<div class=\"_4f9bf79 d7dc56a8 _43c05b5\">\n<div class=\"ds-message _63c77b1\">\n<div class=\"ds-markdown\">\n<p class=\"ds-markdown-paragraph\">El soporte de pared AXIS T91G61 es de primera calidad y combina una gran durabilidad con un dise\u00f1o inteligente para simplificar la instalaci\u00f3n y proteger su valioso equipo de c\u00e1mara.<\/p>\n<p class=\"ds-markdown-paragraph\">Est\u00e1 dise\u00f1ado espec\u00edficamente para entornos exigentes y c\u00e1maras avanzadas como los modelos PTZ y multisensor.<\/p>\n<p class=\"ds-markdown-paragraph\">Gracias a su protecci\u00f3n integrada y su dise\u00f1o f\u00e1cil de usar, reduce tanto el tiempo de instalaci\u00f3n como las necesidades de mantenimiento a largo plazo.<\/p>\n<p class=\"ds-markdown-paragraph\"><strong>La protecci\u00f3n y la capacidad son el foco de atenci\u00f3n.<\/strong><\/p>\n<p class=\"ds-markdown-paragraph\">La mayor ventaja de la montura es su capacidad para\u00a0<strong>Proteger accesorios y cables<\/strong>\u00a0dentro de la propia estructura.<\/p>\n<p class=\"ds-markdown-paragraph\">Proporciona un espacio de almacenamiento seguro para componentes como fuentes de alimentaci\u00f3n y convertidores de medios, protegi\u00e9ndolos de la intemperie, el viento, los golpes y la corrosi\u00f3n.<\/p>\n<p class=\"ds-markdown-paragraph\">Esto elimina la necesidad de carcasas externas, proporciona una apariencia de instalaci\u00f3n m\u00e1s limpia y garantiza que todos los componentes cr\u00edticos est\u00e9n tan protegidos como la c\u00e1mara.<\/p>\n<p class=\"ds-markdown-paragraph\">Con clase de protecci\u00f3n\u00a0<strong>IP66<\/strong>\u00a0\u00bfEst\u00e1 completamente protegido contra el polvo y las salpicaduras fuertes de agua, y con\u00a0<strong>IK10<\/strong>-clasificaci\u00f3n, puede soportar fuertes impactos, lo que lo hace adecuado para pr\u00e1cticamente cualquier entorno, desde entornos interiores delicados hasta ubicaciones exteriores dif\u00edciles.<\/p>\n<p class=\"ds-markdown-paragraph\"><strong>Instalaci\u00f3n simplificada<\/strong><br \/>\nEl tiempo es oro, y el AXIS T91G61 est\u00e1 dise\u00f1ado para ahorrarlo.<\/p>\n<p class=\"ds-markdown-paragraph\">El\u00a0<strong>Cable Ethernet preensamblado con conector RJ45 con clasificaci\u00f3n IP66.<\/strong>\u00a0Permite conectar la c\u00e1mara a la red y a la alimentaci\u00f3n el\u00e9ctrica de forma inmediata, sin necesidad de ensamblar y sellar los conectores in situ.<\/p>\n<p class=\"ds-markdown-paragraph\">Adem\u00e1s, el soporte tiene\u00a0<strong>Tiene el mismo patr\u00f3n de orificios que los soportes est\u00e1ndar de Axis para c\u00e1maras PTZ y tambi\u00e9n es compatible con el est\u00e1ndar de montaje de Pelco.<\/strong>.<\/p>\n<p class=\"ds-markdown-paragraph\">Esto significa que puedes actualizar f\u00e1cilmente una instalaci\u00f3n existente sin tener que perforar nuevos agujeros en la pared, ahorrando mucho tiempo y esfuerzo.<\/p>\n<p class=\"ds-markdown-paragraph\"><strong>Construcci\u00f3n robusta y versatilidad.<\/strong><br \/>\nHecho por\u00a0<strong>aluminio con recubrimiento en polvo<\/strong>\u00a0El soporte es ligero y extremadamente duradero.<\/p>\n<p class=\"ds-markdown-paragraph\">El color blanco (NCS S 1002-B) se adapta a la mayor\u00eda de los entornos.<\/p>\n<p class=\"ds-markdown-paragraph\">Con un\u00a0<strong>carga m\u00e1xima de 30 kg<\/strong>\u00a0Maneja c\u00e1maras PTZ pesadas sin ning\u00fan problema.<\/p>\n<p class=\"ds-markdown-paragraph\">Para el tendido de cables, existe flexibilidad gracias a un orificio en la cabina en la parte posterior, as\u00ed como a dos entradas de tuber\u00eda de 3\/4\u2033 en la parte inferior, lo que permite que los cables se enruten interna o externamente seg\u00fan sea necesario.<\/p>\n<p class=\"ds-markdown-paragraph\">El soporte tambi\u00e9n se puede montar en pilares y esquinas utilizando accesorios.<\/p>\n<p class=\"ds-markdown-paragraph\"><strong>Resumen t\u00e9cnico:<\/strong><\/p>\n<ul>\n<li>\n<p class=\"ds-markdown-paragraph\"><strong>Compatibilidad:<\/strong>\u00a0Compatible con las series AXIS Q3709-PVE, Q6000-E, P65, Q60 y Q61, entre otras.<\/p>\n<\/li>\n<li>\n<p class=\"ds-markdown-paragraph\"><strong>Material y color:<\/strong>\u00a0Aluminio con recubrimiento de polvo, blanco (NCS S 1002-B).<\/p>\n<\/li>\n<li>\n<p class=\"ds-markdown-paragraph\"><strong>Dimensiones:<\/strong>\u00a0185 x 214 x 404 mm.<\/p>\n<\/li>\n<li>\n<p class=\"ds-markdown-paragraph\"><strong>Peso:<\/strong>\u00a03,5 kg.<\/p>\n<\/li>\n<li>\n<p class=\"ds-markdown-paragraph\"><strong>Clase de protecci\u00f3n:<\/strong>\u00a0IP66, IK10.<\/p>\n<\/li>\n<li>\n<p class=\"ds-markdown-paragraph\"><strong>Gesti\u00f3n de cables:<\/strong>\u00a0Cable premontado con conector IP66 y entrada de tuber\u00eda en la parte inferior.<\/p>\n<\/li>\n<\/ul>\n<p class=\"ds-markdown-paragraph\"><strong>Resumen:<\/strong><br \/>\nEl soporte de pared AXIS T91G61 es una opci\u00f3n para profesionales que buscan una soluci\u00f3n fiable, segura y que ahorre tiempo en sus instalaciones de c\u00e1maras.<\/p>\n<p class=\"ds-markdown-paragraph\">Reduce la complejidad de la instalaci\u00f3n, proporciona una protecci\u00f3n superior para su equipo y garantiza un producto final limpio y profesional.<\/p>\n<p class=\"ds-markdown-paragraph\">Elija AXIS T91G61 para una instalaci\u00f3n preparada para el futuro.<\/p>\n<\/div>\n<\/div>\n<\/div>\n<\/div>","protected":false},"excerpt":{"rendered":"<p class=\"ds-markdown-paragraph\">Protecci\u00f3n robusta con f\u00e1cil instalaci\u00f3n<\/p>\n<p class=\"ds-markdown-paragraph\">Este soporte de pared avanzado est\u00e1 dise\u00f1ado para c\u00e1maras PTZ y multisensor de Axis.<\/p>\n<p class=\"ds-markdown-paragraph\">Con un cable Ethernet preensamblado con conector IP66, la conexi\u00f3n de energ\u00eda y datos es r\u00e1pida y sencilla.<\/p>\n<p class=\"ds-markdown-paragraph\">El soporte tiene espacio para equipos adicionales, como midspans, dentro de su carcasa protectora y es adecuado para uso tanto en interiores como en exteriores gracias a su duradero chasis de aluminio con recubrimiento de polvo blanco.<\/p>","protected":false},"featured_media":160022,"template":"","meta":{"_acf_changed":false},"product_brand":[],"product_cat":[4954],"product_tag":[],"class_list":{"0":"post-160024","1":"product","2":"type-product","3":"status-publish","4":"has-post-thumbnail","6":"product_cat-axis-stativ-fasten","7":"pa_brands-axis","8":"pa_farg-vit","9":"tm-no-options","11":"first","12":"instock","13":"sale","14":"taxable","15":"shipping-taxable","16":"purchasable","17":"product-type-simple"},"acf":[],"_links":{"self":[{"href":"https:\/\/secureus.se\/es\/wp-json\/wp\/v2\/product\/160024","targetHints":{"allow":["GET"]}}],"collection":[{"href":"https:\/\/secureus.se\/es\/wp-json\/wp\/v2\/product"}],"about":[{"href":"https:\/\/secureus.se\/es\/wp-json\/wp\/v2\/types\/product"}],"wp:featuredmedia":[{"embeddable":true,"href":"https:\/\/secureus.se\/es\/wp-json\/wp\/v2\/media\/160022"}],"wp:attachment":[{"href":"https:\/\/secureus.se\/es\/wp-json\/wp\/v2\/media?parent=160024"}],"wp:term":[{"taxonomy":"product_brand","embeddable":true,"href":"https:\/\/secureus.se\/es\/wp-json\/wp\/v2\/product_brand?post=160024"},{"taxonomy":"product_cat","embeddable":true,"href":"https:\/\/secureus.se\/es\/wp-json\/wp\/v2\/product_cat?post=160024"},{"taxonomy":"product_tag","embeddable":true,"href":"https:\/\/secureus.se\/es\/wp-json\/wp\/v2\/product_tag?post=160024"}],"curies":[{"name":"wp","href":"https:\/\/api.w.org\/{rel}","templated":true}]}}