{"id":160030,"date":"2025-11-21T11:12:26","date_gmt":"2025-11-21T10:12:26","guid":{"rendered":"https:\/\/secureus.se\/?post_type=product&#038;p=160030"},"modified":"2026-04-09T11:22:22","modified_gmt":"2026-04-09T09:22:22","slug":"axis-t91e61-utomhusvaggfaste-for-fasta-kupolpendlar","status":"publish","type":"product","link":"https:\/\/secureus.se\/es\/axis-t91e61-utomhusvaggfaste-for-fasta-kupolpendlar\/","title":{"rendered":"Soporte de pared exterior AXIS T91E61 para domos fijos colgantes"},"content":{"rendered":"<h1>Soporte de pared exterior AXIS T91E61 para domos fijos colgantes<\/h1>\n<div class=\"dad65929\">\n<div class=\"_4f9bf79 d7dc56a8 _43c05b5\">\n<div class=\"ds-message _63c77b1\">\n<div class=\"ds-markdown\">\n<p class=\"ds-markdown-paragraph\">El soporte de pared AXIS T91E61 est\u00e1 dise\u00f1ado espec\u00edficamente para las c\u00e1maras de red domo fijas de Axis.<\/p>\n<p class=\"ds-markdown-paragraph\">Gracias a su tama\u00f1o compacto y su aspecto discreto, ofrece una integraci\u00f3n elegante tanto en interiores como en exteriores.<\/p>\n<p class=\"ds-markdown-paragraph\">La robusta construcci\u00f3n del soporte garantiza que la c\u00e1mara permanezca fija de forma segura y estable a lo largo del tiempo.<\/p>\n<p class=\"ds-markdown-paragraph\">Construcci\u00f3n robusta para entornos exigentes.<br \/>\nFabricado en aluminio cromado con recubrimiento en polvo, el soporte es resistente a los impactos y a la corrosi\u00f3n.<\/p>\n<p class=\"ds-markdown-paragraph\">Con una clasificaci\u00f3n IK10, puede soportar fuertes impactos, lo que la hace ideal para instalaciones donde el vandalismo puede ser un problema.<\/p>\n<p class=\"ds-markdown-paragraph\">El color blanco (NCS S 1002-B) se mantiene bonito con el paso del tiempo y combina con la mayor\u00eda de los ambientes.<\/p>\n<p class=\"ds-markdown-paragraph\">F\u00e1cil instalaci\u00f3n y uso vers\u00e1til<br \/>\nEl soporte tiene una rosca NPS de 1,5 pulgadas y es compatible con todos los colgantes de c\u00fapula fija de Axis que tengan el mismo est\u00e1ndar de rosca.<\/p>\n<p class=\"ds-markdown-paragraph\">Tiene el mismo patr\u00f3n de orificios que los soportes de pared para las c\u00e1maras fijas de exterior Axis, lo que facilita el cambio entre tipos de c\u00e1mara sin necesidad de perforar adicionalmente.<\/p>\n<p class=\"ds-markdown-paragraph\">Mediante el uso del armario para conductos AXIS T94R01P, los cables pueden protegerse con conductos, y con accesorios como el soporte para poste AXIS T91A47, el soporte puede montarse en postes o esquinas.<\/p>\n<p class=\"ds-markdown-paragraph\">Gesti\u00f3n de cables flexible<br \/>\nExisten varias opciones para el enrutamiento de cables. Los cables se pueden enrutar internamente a trav\u00e9s de un orificio en la parte posterior o mediante recortes en el lateral.<\/p>\n<p class=\"ds-markdown-paragraph\">Tambi\u00e9n es posible canalizar los cables externamente utilizando uno de los cuatro orificios en la base del soporte.<\/p>\n<p class=\"ds-markdown-paragraph\">Esta flexibilidad facilita la adaptaci\u00f3n de la instalaci\u00f3n a las condiciones locales.<\/p>\n<p class=\"ds-markdown-paragraph\">Descripci\u00f3n t\u00e9cnica<\/p>\n<ul>\n<li>\n<p class=\"ds-markdown-paragraph\">Carga m\u00e1xima: 10 kg<\/p>\n<\/li>\n<li>\n<p class=\"ds-markdown-paragraph\">Dimensiones: 80 x 161 x 120 mm<\/p>\n<\/li>\n<li>\n<p class=\"ds-markdown-paragraph\">Peso: 525 g<\/p>\n<\/li>\n<li>\n<p class=\"ds-markdown-paragraph\">Material: Aluminio cromado con recubrimiento en polvo<\/p>\n<\/li>\n<li>\n<p class=\"ds-markdown-paragraph\">Color: Blanco (NCS S 1002-B)<\/p>\n<\/li>\n<li>\n<p class=\"ds-markdown-paragraph\">Clase de protecci\u00f3n: IK10, clasificaci\u00f3n IP para uso en exteriores.<\/p>\n<\/li>\n<li>\n<p class=\"ds-markdown-paragraph\">Compatibilidad: Se adapta a las series Axis M3004-V, M3005-V, M3006-V, M3007-P, M3007-PV, M3024, P32, P33, Q35 con sus respectivos colgantes.<\/p>\n<\/li>\n<\/ul>\n<p class=\"ds-markdown-paragraph\">Resumen:<br \/>\nEl soporte de pared AXIS T91E61 ofrece una soluci\u00f3n fiable y discreta para la instalaci\u00f3n de c\u00e1maras domo fijas de Axis.<\/p>\n<p class=\"ds-markdown-paragraph\">Su robusta construcci\u00f3n, su f\u00e1cil instalaci\u00f3n y su flexible sistema de gesti\u00f3n de cables lo convierten en una excelente opci\u00f3n tanto para instaladores profesionales como para clientes finales que buscan una soluci\u00f3n duradera para sus necesidades de videovigilancia.<\/p>\n<\/div>\n<\/div>\n<\/div>\n<\/div>","protected":false},"excerpt":{"rendered":"<p class=\"ds-markdown-paragraph\">Soporte de pared AXIS T91E61: soluci\u00f3n discreta y robusta para c\u00e1maras domo fijas<\/p>\n<p class=\"ds-markdown-paragraph\">Este soporte de pared est\u00e1 especialmente dise\u00f1ado para c\u00e1maras de red domo fijas Axis.<\/p>\n<p class=\"ds-markdown-paragraph\">Con su forma compacta y color blanco, proporciona una instalaci\u00f3n discreta que es adecuada tanto para interiores como para exteriores.<\/p>\n<p class=\"ds-markdown-paragraph\">El soporte est\u00e1 hecho de material resistente a los impactos con clasificaci\u00f3n IK10 y es resistente a la corrosi\u00f3n para una larga vida \u00fatil.<\/p>","protected":false},"featured_media":160028,"template":"","meta":{"_acf_changed":false},"product_brand":[],"product_cat":[4954],"product_tag":[],"class_list":{"0":"post-160030","1":"product","2":"type-product","3":"status-publish","4":"has-post-thumbnail","6":"product_cat-axis-stativ-fasten","7":"pa_brands-axis","8":"pa_farg-vit","9":"tm-no-options","11":"first","12":"instock","13":"sale","14":"taxable","15":"shipping-taxable","16":"purchasable","17":"product-type-simple"},"acf":[],"_links":{"self":[{"href":"https:\/\/secureus.se\/es\/wp-json\/wp\/v2\/product\/160030","targetHints":{"allow":["GET"]}}],"collection":[{"href":"https:\/\/secureus.se\/es\/wp-json\/wp\/v2\/product"}],"about":[{"href":"https:\/\/secureus.se\/es\/wp-json\/wp\/v2\/types\/product"}],"wp:featuredmedia":[{"embeddable":true,"href":"https:\/\/secureus.se\/es\/wp-json\/wp\/v2\/media\/160028"}],"wp:attachment":[{"href":"https:\/\/secureus.se\/es\/wp-json\/wp\/v2\/media?parent=160030"}],"wp:term":[{"taxonomy":"product_brand","embeddable":true,"href":"https:\/\/secureus.se\/es\/wp-json\/wp\/v2\/product_brand?post=160030"},{"taxonomy":"product_cat","embeddable":true,"href":"https:\/\/secureus.se\/es\/wp-json\/wp\/v2\/product_cat?post=160030"},{"taxonomy":"product_tag","embeddable":true,"href":"https:\/\/secureus.se\/es\/wp-json\/wp\/v2\/product_tag?post=160030"}],"curies":[{"name":"wp","href":"https:\/\/api.w.org\/{rel}","templated":true}]}}