{"id":160038,"date":"2025-11-21T11:12:26","date_gmt":"2025-11-21T10:12:26","guid":{"rendered":"https:\/\/secureus.se\/?post_type=product&#038;p=160038"},"modified":"2026-04-23T13:11:25","modified_gmt":"2026-04-23T11:11:25","slug":"axis-t94n01d-pendelsats-for-inomhus-och-utomhusbruk","status":"publish","type":"product","link":"https:\/\/secureus.se\/es\/axis-t94n01d-pendelsats-for-inomhus-och-utomhusbruk\/","title":{"rendered":"Kit de p\u00e9ndulo AXIS T94N01D para uso en interiores y exteriores"},"content":{"rendered":"<h1>Kit de p\u00e9ndulo AXIS T94N01D para uso en interiores y exteriores<\/h1>\n<div class=\"dad65929\">\n<div class=\"_4f9bf79 d7dc56a8\">\n<div class=\"ds-message _63c77b1\">\n<div class=\"ds-markdown\">\n<p class=\"ds-markdown-paragraph\">Kit de p\u00e9ndulo AXIS T94N01D: Soluci\u00f3n de montaje adaptable para instalaciones de c\u00e1maras profesionales.<\/p>\n<p class=\"ds-markdown-paragraph\">El kit de montaje colgante AXIS T94N01D ofrece flexibilidad y adaptabilidad para el montaje de c\u00e1maras de red de la serie Axis P37.<\/p>\n<p class=\"ds-markdown-paragraph\">Este kit est\u00e1 dise\u00f1ado espec\u00edficamente para permitir su instalaci\u00f3n en una variedad de lugares y superficies, lo que lo convierte en una opci\u00f3n ideal tanto para interiores como para exteriores.<\/p>\n<p class=\"ds-markdown-paragraph\">Montaje flexible para diversas instalaciones<br \/>\nCon la AXIS T94N01D, los instaladores pueden montar f\u00e1cilmente las c\u00e1maras P37 en diversos tipos de superficies y estructuras.<\/p>\n<p class=\"ds-markdown-paragraph\">El kit es compatible con soportes roscados NPS de 1,5 pulgadas, lo que lo hace adecuado para su uso con una amplia gama de accesorios de montaje Axis.<\/p>\n<p class=\"ds-markdown-paragraph\">Esto incluye la posibilidad de montar la c\u00e1mara en postes, barandillas de edificios y esquinas exteriores, lo que proporciona una mayor libertad a la hora de planificar soluciones de vigilancia.<\/p>\n<p class=\"ds-markdown-paragraph\">Construcci\u00f3n robusta para un rendimiento fiable.<br \/>\nDise\u00f1ada para resistir condiciones tanto interiores como exteriores, la AXIS T94N01D garantiza que la c\u00e1mara permanezca montada de forma segura independientemente del entorno.<\/p>\n<p class=\"ds-markdown-paragraph\">Su robusta construcci\u00f3n proporciona fiabilidad y protecci\u00f3n a largo plazo para la c\u00e1mara, lo cual es esencial para la vigilancia y la seguridad continuas.<\/p>\n<p class=\"ds-markdown-paragraph\">Compatibilidad y usos<\/p>\n<p class=\"ds-markdown-paragraph\">El kit est\u00e1 dise\u00f1ado espec\u00edficamente para las c\u00e1maras de red Axis P3717-PLE y P3719-PLE.<\/p>\n<p class=\"ds-markdown-paragraph\">Mediante el uso de la serie T91 de accesorios de montaje de Axis, los instaladores pueden crear soluciones personalizadas que se adapten a los requisitos espec\u00edficos de cada instalaci\u00f3n.<\/p>\n<p class=\"ds-markdown-paragraph\">Esto convierte al AXIS T94N01D en una opci\u00f3n vers\u00e1til para todo tipo de aplicaciones, desde edificios comerciales e instalaciones industriales hasta espacios p\u00fablicos y zonas residenciales.<\/p>\n<p class=\"ds-markdown-paragraph\">F\u00e1cil instalaci\u00f3n y personalizaci\u00f3n<br \/>\nLa instalaci\u00f3n es sencilla y directa, lo que ahorra tiempo y reduce la complejidad de la configuraci\u00f3n de los sistemas de vigilancia.<\/p>\n<p class=\"ds-markdown-paragraph\">El dise\u00f1o del kit permite ajustar y posicionar f\u00e1cilmente la c\u00e1mara para obtener un campo de visi\u00f3n y una cobertura \u00f3ptimos.<\/p>\n<p class=\"ds-markdown-paragraph\">Resumen:<br \/>\nEl kit de p\u00e9ndulo AXIS T94N01D es una soluci\u00f3n fiable y flexible para el montaje de c\u00e1maras Axis P37.<\/p>\n<p class=\"ds-markdown-paragraph\">Su capacidad de adaptaci\u00f3n a diferentes entornos y escenarios de montaje la convierte en una excelente opci\u00f3n para instalaciones de vigilancia profesionales.<\/p>\n<p class=\"ds-markdown-paragraph\">Tanto si la c\u00e1mara necesita montarse en un poste, una barandilla o en una esquina, este kit proporciona la estabilidad y la adaptabilidad necesarias para garantizar un rendimiento a largo plazo.<\/p>\n<\/div>\n<\/div>\n<\/div>\n<\/div>","protected":false},"excerpt":{"rendered":"<p>Este kit colgante permite montar las c\u00e1maras de red Axis P3717-PLE y P3719-PLE en diversas ubicaciones y superficies.<\/p>\n<p>El kit es compatible con soportes roscados NPS de 1,5\u2033 y se puede utilizar tanto en interiores como en exteriores.<\/p>\n<p>Perfecto para instalaci\u00f3n en postes, barandillas y esquinas con accesorios de montaje Axis T91.<\/p>","protected":false},"featured_media":160036,"template":"","meta":{"_acf_changed":false},"product_brand":[],"product_cat":[4954],"product_tag":[],"class_list":{"0":"post-160038","1":"product","2":"type-product","3":"status-publish","4":"has-post-thumbnail","6":"product_cat-axis-stativ-fasten","7":"pa_brands-axis","8":"pa_farg-vit","9":"tm-no-options","11":"first","12":"instock","13":"sale","14":"taxable","15":"shipping-taxable","16":"purchasable","17":"product-type-simple"},"acf":[],"_links":{"self":[{"href":"https:\/\/secureus.se\/es\/wp-json\/wp\/v2\/product\/160038","targetHints":{"allow":["GET"]}}],"collection":[{"href":"https:\/\/secureus.se\/es\/wp-json\/wp\/v2\/product"}],"about":[{"href":"https:\/\/secureus.se\/es\/wp-json\/wp\/v2\/types\/product"}],"wp:featuredmedia":[{"embeddable":true,"href":"https:\/\/secureus.se\/es\/wp-json\/wp\/v2\/media\/160036"}],"wp:attachment":[{"href":"https:\/\/secureus.se\/es\/wp-json\/wp\/v2\/media?parent=160038"}],"wp:term":[{"taxonomy":"product_brand","embeddable":true,"href":"https:\/\/secureus.se\/es\/wp-json\/wp\/v2\/product_brand?post=160038"},{"taxonomy":"product_cat","embeddable":true,"href":"https:\/\/secureus.se\/es\/wp-json\/wp\/v2\/product_cat?post=160038"},{"taxonomy":"product_tag","embeddable":true,"href":"https:\/\/secureus.se\/es\/wp-json\/wp\/v2\/product_tag?post=160038"}],"curies":[{"name":"wp","href":"https:\/\/api.w.org\/{rel}","templated":true}]}}