{"id":160046,"date":"2025-11-21T11:12:27","date_gmt":"2025-11-21T10:12:27","guid":{"rendered":"https:\/\/secureus.se\/?post_type=product&#038;p=160046"},"modified":"2026-04-09T11:21:46","modified_gmt":"2026-04-09T09:21:46","slug":"axis-t91r61-vaggfaste-for-lutning-av-d2050-ve-natverksradardetektorer","status":"publish","type":"product","link":"https:\/\/secureus.se\/es\/axis-t91r61-vaggfaste-for-lutning-av-d2050-ve-natverksradardetektorer\/","title":{"rendered":"Soporte de pared AXIS T91R61 para detectores de radar de red inclinables D2050-VE"},"content":{"rendered":"<h1>Soporte de pared AXIS T91R61 para detectores de radar de red inclinables D2050-VE<\/h1>\n<div class=\"dad65929\">\n<div class=\"_4f9bf79 d7dc56a8 _43c05b5\">\n<div class=\"ds-message _63c77b1\">\n<div class=\"ds-markdown\">\n<p class=\"ds-markdown-paragraph\">El AXIS T91R61 es un soporte de pared que permite un montaje e inclinaci\u00f3n flexibles de detectores de radar de red Axis, como el detector de radar de red AXIS D2050-VE. El brazo ajustable puede inclinarse hasta 90 grados para un \u00e1ngulo de detecci\u00f3n vertical \u00f3ptimo y una mejor cobertura a corta distancia.<\/p>\n<h4>Caracter\u00edsticas principales:<\/h4>\n<ul>\n<li>\n<p class=\"ds-markdown-paragraph\">\u00c1ngulo de inclinaci\u00f3n de hasta 90 grados<\/p>\n<\/li>\n<li>\n<p class=\"ds-markdown-paragraph\">Protecci\u00f3n contra el agua y el polvo<\/p>\n<\/li>\n<li>\n<p class=\"ds-markdown-paragraph\">F\u00e1cil de instalar<\/p>\n<\/li>\n<li>\n<p class=\"ds-markdown-paragraph\">Construcci\u00f3n robusta y resistente a la intemperie.<\/p>\n<\/li>\n<li>\n<p class=\"ds-markdown-paragraph\">Cableado flexible<\/p>\n<\/li>\n<\/ul>\n<h4>Informaci\u00f3n t\u00e9cnica:<\/h4>\n<ul>\n<li>\n<p class=\"ds-markdown-paragraph\">Productos compatibles: Detector de radar de red AXIS D2050-VE<\/p>\n<\/li>\n<li>\n<p class=\"ds-markdown-paragraph\">Material: Aluminio con recubrimiento en polvo en color blanco (NCS 5 1002\u2013B)<\/p>\n<\/li>\n<li>\n<p class=\"ds-markdown-paragraph\">Dimensiones: 147 x 80 x 120 mm<\/p>\n<\/li>\n<li>\n<p class=\"ds-markdown-paragraph\">Peso: 0,9 kg<\/p>\n<\/li>\n<li>\n<p class=\"ds-markdown-paragraph\">Carga m\u00e1xima: 5 kg<\/p>\n<\/li>\n<li>\n<p class=\"ds-markdown-paragraph\">Enrutamiento de cables: Orificios para cables traseros y laterales para cables de 3\/4\u2033 y protecci\u00f3n de cables M25<\/p>\n<\/li>\n<li>\n<p class=\"ds-markdown-paragraph\">Resistencia ambiental: clasificaci\u00f3n IK08 y NEMA 250 Tipo 4X<\/p>\n<\/li>\n<\/ul>\n<h4>Accesorios incluidos:<\/h4>\n<ul>\n<li>\n<p class=\"ds-markdown-paragraph\">Caja posterior de conductos AXIS T94R01P<\/p>\n<\/li>\n<li>\n<p class=\"ds-markdown-paragraph\">Gu\u00eda de instalaci\u00f3n<\/p>\n<\/li>\n<\/ul>\n<h4>Accesorios opcionales:<\/h4>\n<ul>\n<li>\n<p class=\"ds-markdown-paragraph\">Montaje en poste AXIS T91R47 (montaje en poste)<\/p>\n<\/li>\n<li>\n<p class=\"ds-markdown-paragraph\">Soporte de esquina AXIS T94R01B (soporte de esquina)<\/p>\n<\/li>\n<\/ul>\n<h4>Informaci\u00f3n del producto:<\/h4>\n<ul>\n<li>\n<p class=\"ds-markdown-paragraph\">Categor\u00eda: Soportes para c\u00e1maras, Carcasas y soportes, Videovigilancia<\/p>\n<\/li>\n<li>\n<p class=\"ds-markdown-paragraph\">Nombre: Soporte de pared AXIS T91R61 para inclinaci\u00f3n de detectores de radar de red D2050-VE<\/p>\n<\/li>\n<li>\n<p class=\"ds-markdown-paragraph\">C\u00f3digo UPC: 7331021064461<\/p>\n<\/li>\n<li>\n<p class=\"ds-markdown-paragraph\">C\u00f3digo EAN: 7331021064461<\/p>\n<\/li>\n<li>\n<p class=\"ds-markdown-paragraph\">Garant\u00eda: 3 a\u00f1os de garant\u00eda de Axis<\/p>\n<\/li>\n<\/ul>\n<p class=\"ds-markdown-paragraph\">AXIS T91R61 es un soporte confiable y adaptable que es ideal para soluciones de vigilancia profesional donde la alineaci\u00f3n precisa y la durabilidad son importantes.<\/p>\n<\/div>\n<\/div>\n<\/div>\n<\/div>","protected":false},"excerpt":{"rendered":"<p>Soporte de pared Axis T91R61 para detector de radar D2050-VE.<\/p>\n<p>Inclinaci\u00f3n ajustable hasta 90\u00b0 para una detecci\u00f3n \u00f3ptima.<\/p>\n<p>Resistente a la intemperie con clasificaci\u00f3n IP y f\u00e1cil instalaci\u00f3n.<\/p>\n<p>Incluye soporte para cable y es adecuado para uso tanto en interiores como en exteriores. Garant\u00eda de 3 a\u00f1os de Axis.<\/p>","protected":false},"featured_media":160044,"template":"","meta":{"_acf_changed":false},"product_brand":[],"product_cat":[4954],"product_tag":[],"class_list":{"0":"post-160046","1":"product","2":"type-product","3":"status-publish","4":"has-post-thumbnail","6":"product_cat-axis-stativ-fasten","7":"pa_brands-axis","8":"pa_farg-vit","9":"tm-no-options","11":"first","12":"onbackorder","13":"sale","14":"taxable","15":"shipping-taxable","16":"purchasable","17":"product-type-simple"},"acf":[],"_links":{"self":[{"href":"https:\/\/secureus.se\/es\/wp-json\/wp\/v2\/product\/160046","targetHints":{"allow":["GET"]}}],"collection":[{"href":"https:\/\/secureus.se\/es\/wp-json\/wp\/v2\/product"}],"about":[{"href":"https:\/\/secureus.se\/es\/wp-json\/wp\/v2\/types\/product"}],"wp:featuredmedia":[{"embeddable":true,"href":"https:\/\/secureus.se\/es\/wp-json\/wp\/v2\/media\/160044"}],"wp:attachment":[{"href":"https:\/\/secureus.se\/es\/wp-json\/wp\/v2\/media?parent=160046"}],"wp:term":[{"taxonomy":"product_brand","embeddable":true,"href":"https:\/\/secureus.se\/es\/wp-json\/wp\/v2\/product_brand?post=160046"},{"taxonomy":"product_cat","embeddable":true,"href":"https:\/\/secureus.se\/es\/wp-json\/wp\/v2\/product_cat?post=160046"},{"taxonomy":"product_tag","embeddable":true,"href":"https:\/\/secureus.se\/es\/wp-json\/wp\/v2\/product_tag?post=160046"}],"curies":[{"name":"wp","href":"https:\/\/api.w.org\/{rel}","templated":true}]}}