{"id":160061,"date":"2025-11-21T11:12:27","date_gmt":"2025-11-21T10:12:27","guid":{"rendered":"https:\/\/secureus.se\/?post_type=product&#038;p=160061"},"modified":"2026-04-23T13:11:05","modified_gmt":"2026-04-23T11:11:05","slug":"axis-t91b67-stolpmontering-for-fasta-dome-kameror-15-nps-ganga","status":"publish","type":"product","link":"https:\/\/secureus.se\/es\/axis-t91b67-stolpmontering-for-fasta-dome-kameror-15-nps-ganga\/","title":{"rendered":"AXIS T91B67 Soporte de poste para c\u00e1maras domo fijas, 1,5\u2033, rosca NPS"},"content":{"rendered":"<h1>AXIS T91B67 Soporte de poste para c\u00e1maras domo fijas, 1,5\u2033, rosca NPS<\/h1>\n<div class=\"dad65929\">\n<div class=\"_4f9bf79 d7dc56a8 _43c05b5\">\n<div class=\"ds-message _63c77b1\">\n<div class=\"ds-markdown\">\n<p class=\"ds-markdown-paragraph\"><strong>Descripci\u00f3n general del producto<\/strong><\/p>\n<p class=\"ds-markdown-paragraph\">El Axis T91B67 es un soporte para m\u00e1stil robusto dise\u00f1ado espec\u00edficamente para c\u00e1maras panor\u00e1micas y de domo fijas de Axis con monturas pendulares roscadas NPS de 1,5 pulgadas.<\/p>\n<p class=\"ds-markdown-paragraph\">Gracias a su clasificaci\u00f3n IK10 y NEMA 4X, es apto tanto para interiores como para exteriores.<\/p>\n<p class=\"ds-markdown-paragraph\">El soporte est\u00e1 dise\u00f1ado para postes con un di\u00e1metro de 65 a 165 mm y vigas, y cuenta con entradas laterales para conductos de cables de 3\/4&quot; y una parte posterior cerrada con un sello para protegerlo contra insectos.<\/p>\n<p class=\"ds-markdown-paragraph\"><strong>Caracter\u00edsticas principales<\/strong><\/p>\n<ul>\n<li>\n<p class=\"ds-markdown-paragraph\">Rosca NPS de 1,5&quot; para kits de p\u00e9ndulo Axis<\/p>\n<\/li>\n<li>\n<p class=\"ds-markdown-paragraph\">Se adapta a postes de 65 a 165 mm.<\/p>\n<\/li>\n<li>\n<p class=\"ds-markdown-paragraph\">Protecci\u00f3n antivand\u00e1lica IK10 y protecci\u00f3n anticorrosi\u00f3n NEMA 4X.<\/p>\n<\/li>\n<li>\n<p class=\"ds-markdown-paragraph\">Sello de cable a prueba de insectos<\/p>\n<\/li>\n<li>\n<p class=\"ds-markdown-paragraph\">Correas marinas de acero inoxidable (SS316L) con tornillo TX30<\/p>\n<\/li>\n<\/ul>\n<p class=\"ds-markdown-paragraph\"><strong>Compatibilidad<\/strong><\/p>\n<ul>\n<li>\n<p class=\"ds-markdown-paragraph\">Todas las c\u00e1maras domo fijas Axis con kits de p\u00e9ndulo roscados NPS de 1,5\u2033<\/p>\n<\/li>\n<li>\n<p class=\"ds-markdown-paragraph\">C\u00e1maras de la serie Panorama<\/p>\n<\/li>\n<\/ul>\n<p class=\"ds-markdown-paragraph\"><strong>Informaci\u00f3n t\u00e9cnica<\/strong><\/p>\n<ul>\n<li>\n<p class=\"ds-markdown-paragraph\">Carga m\u00e1xima: 15 kg<\/p>\n<\/li>\n<li>\n<p class=\"ds-markdown-paragraph\">Material: Aluminio con recubrimiento en polvo, blanco (NCS S 1002-B)<\/p>\n<\/li>\n<li>\n<p class=\"ds-markdown-paragraph\">Dimensiones: 252 x 134 x 194 mm<\/p>\n<\/li>\n<li>\n<p class=\"ds-markdown-paragraph\">Peso: 1,2 kg<\/p>\n<\/li>\n<li>\n<p class=\"ds-markdown-paragraph\">Incluye: Gu\u00eda de instalaci\u00f3n, abrazaderas de acero inoxidable, sello de cable a prueba de insectos<\/p>\n<\/li>\n<li>\n<p class=\"ds-markdown-paragraph\">Requiere: Kit de p\u00e9ndulo Axis con rosca NPS de 1,5\u2033<\/p>\n<\/li>\n<\/ul>\n<p class=\"ds-markdown-paragraph\"><strong>Certificaciones<\/strong><\/p>\n<ul>\n<li>\n<p class=\"ds-markdown-paragraph\">Seguridad: IEC\/EN\/UL 60950-1, IEC\/EN\/UL 60950-22<\/p>\n<\/li>\n<li>\n<p class=\"ds-markdown-paragraph\">Medio ambiente: IEC 60721, NEMA 250 Tipo 4X, RoHS, WEEE<\/p>\n<\/li>\n<li>\n<p class=\"ds-markdown-paragraph\">Impacto: IEC 62262 IK10<\/p>\n<\/li>\n<\/ul>\n<p class=\"ds-markdown-paragraph\">El Axis T91B67 proporciona una soluci\u00f3n segura y duradera para el montaje avanzado de c\u00e1maras en entornos exigentes.<\/p>\n<\/div>\n<\/div>\n<\/div>\n<\/div>","protected":false},"excerpt":{"rendered":"<p>Soporte de poste Axis T91B67 para c\u00e1maras domo fijas con rosca NPS de 1,5&quot;. Para postes de 65-165 mm, IK10 y NEMA 4X.<\/p>\n<p>Cableado a prueba de insectos.<\/p>\n<p>Bandas de acero inoxidable incluidas.<\/p>","protected":false},"featured_media":160059,"template":"","meta":{"_acf_changed":false},"product_brand":[],"product_cat":[4954],"product_tag":[],"class_list":{"0":"post-160061","1":"product","2":"type-product","3":"status-publish","4":"has-post-thumbnail","6":"product_cat-axis-stativ-fasten","7":"pa_brands-axis","8":"pa_farg-vit","9":"tm-no-options","11":"first","12":"instock","13":"sale","14":"taxable","15":"shipping-taxable","16":"purchasable","17":"product-type-simple"},"acf":[],"_links":{"self":[{"href":"https:\/\/secureus.se\/es\/wp-json\/wp\/v2\/product\/160061","targetHints":{"allow":["GET"]}}],"collection":[{"href":"https:\/\/secureus.se\/es\/wp-json\/wp\/v2\/product"}],"about":[{"href":"https:\/\/secureus.se\/es\/wp-json\/wp\/v2\/types\/product"}],"wp:featuredmedia":[{"embeddable":true,"href":"https:\/\/secureus.se\/es\/wp-json\/wp\/v2\/media\/160059"}],"wp:attachment":[{"href":"https:\/\/secureus.se\/es\/wp-json\/wp\/v2\/media?parent=160061"}],"wp:term":[{"taxonomy":"product_brand","embeddable":true,"href":"https:\/\/secureus.se\/es\/wp-json\/wp\/v2\/product_brand?post=160061"},{"taxonomy":"product_cat","embeddable":true,"href":"https:\/\/secureus.se\/es\/wp-json\/wp\/v2\/product_cat?post=160061"},{"taxonomy":"product_tag","embeddable":true,"href":"https:\/\/secureus.se\/es\/wp-json\/wp\/v2\/product_tag?post=160061"}],"curies":[{"name":"wp","href":"https:\/\/api.w.org\/{rel}","templated":true}]}}