{"id":160064,"date":"2025-11-21T11:12:27","date_gmt":"2025-11-21T10:12:27","guid":{"rendered":"https:\/\/secureus.se\/?post_type=product&#038;p=160064"},"modified":"2026-04-09T11:23:27","modified_gmt":"2026-04-09T09:23:27","slug":"axis-t91a64-hornfaste-for-vaggfastena-t91b6-och-t91d61-inomhus-och-utomhusbruk-vit","status":"publish","type":"product","link":"https:\/\/secureus.se\/es\/axis-t91a64-hornfaste-for-vaggfastena-t91b6-och-t91d61-inomhus-och-utomhusbruk-vit\/","title":{"rendered":"Soporte de esquina AXIS T91A64 para soportes de pared T91B6 y T91D61, uso interior y exterior, blanco"},"content":{"rendered":"<h1>Soporte de esquina AXIS T91A64 para soportes de pared T91B6 y T91D61, uso interior y exterior, blanco<\/h1>\n<p class=\"ds-markdown-paragraph\"><strong>Descripci\u00f3n general del producto<\/strong><\/p>\n<p class=\"ds-markdown-paragraph\">El Axis T91A64 es un robusto soporte de esquina de aluminio, dise\u00f1ado para instalar c\u00e1maras de red Axis en esquinas exteriores. Requiere un soporte de pared independiente para su instalaci\u00f3n y es compatible con los soportes de pared AXIS T91B6 y AXIS T91D61. Gracias a su clasificaci\u00f3n IK10, es apto tanto para interiores como para exteriores.<\/p>\n<p class=\"ds-markdown-paragraph\"><strong>Caracter\u00edsticas principales<\/strong><\/p>\n<ul>\n<li>\n<p class=\"ds-markdown-paragraph\">Montaje robusto y seguro en esquinas exteriores<\/p>\n<\/li>\n<li>\n<p class=\"ds-markdown-paragraph\">Apto para uso interior y exterior.<\/p>\n<\/li>\n<li>\n<p class=\"ds-markdown-paragraph\">F\u00e1cil instalaci\u00f3n<\/p>\n<\/li>\n<li>\n<p class=\"ds-markdown-paragraph\">Aluminio con recubrimiento de polvo blanco<\/p>\n<\/li>\n<\/ul>\n<p class=\"ds-markdown-paragraph\"><strong>Compatibilidad<\/strong><\/p>\n<ul>\n<li>\n<p class=\"ds-markdown-paragraph\">Soporte de pared AXIS T91B6<\/p>\n<\/li>\n<li>\n<p class=\"ds-markdown-paragraph\">Soporte de pared AXIS T91D61 de 1,5\u2033 NPS<\/p>\n<\/li>\n<li>\n<p class=\"ds-markdown-paragraph\">Soporte de pared AXIS T91161<\/p>\n<\/li>\n<li>\n<p class=\"ds-markdown-paragraph\">Soporte de pared AXIS T91061<\/p>\n<\/li>\n<\/ul>\n<p class=\"ds-markdown-paragraph\"><strong>Informaci\u00f3n t\u00e9cnica<\/strong><\/p>\n<ul>\n<li>\n<p class=\"ds-markdown-paragraph\">Carga m\u00e1xima: 25 kg<\/p>\n<\/li>\n<li>\n<p class=\"ds-markdown-paragraph\">Peso: 1250g<\/p>\n<\/li>\n<li>\n<p class=\"ds-markdown-paragraph\">Material: Aluminio<\/p>\n<\/li>\n<li>\n<p class=\"ds-markdown-paragraph\">Color: blanco<\/p>\n<\/li>\n<li>\n<ul>\n<li>\n<p class=\"ds-markdown-paragraph\">Incluye: Gu\u00eda de instalaci\u00f3n<\/p>\n<\/li>\n<li>\n<p class=\"ds-markdown-paragraph\"><strong>Certificaciones<\/strong><\/p>\n<\/li>\n<\/ul>\n<ul>\n<li>\n<p class=\"ds-markdown-paragraph\">Impacto: IEC 62262 IK10<\/p>\n<\/li>\n<li>\n<p class=\"ds-markdown-paragraph\">Medio ambiente: EN 50581<\/p>\n<\/li>\n<\/ul>\n<\/li>\n<\/ul>","protected":false},"excerpt":{"rendered":"<p>Axis T91A64 ofrece una soluci\u00f3n flexible y confiable para el montaje de c\u00e1maras en esquinas con \u00e9nfasis en la estabilidad y la durabilidad.<\/p>","protected":false},"featured_media":160062,"template":"","meta":{"_acf_changed":false},"product_brand":[],"product_cat":[4954],"product_tag":[],"class_list":{"0":"post-160064","1":"product","2":"type-product","3":"status-publish","4":"has-post-thumbnail","6":"product_cat-axis-stativ-fasten","7":"pa_brands-axis","8":"pa_farg-vit","9":"tm-no-options","11":"first","12":"onbackorder","13":"sale","14":"taxable","15":"shipping-taxable","16":"purchasable","17":"product-type-simple"},"acf":[],"_links":{"self":[{"href":"https:\/\/secureus.se\/es\/wp-json\/wp\/v2\/product\/160064","targetHints":{"allow":["GET"]}}],"collection":[{"href":"https:\/\/secureus.se\/es\/wp-json\/wp\/v2\/product"}],"about":[{"href":"https:\/\/secureus.se\/es\/wp-json\/wp\/v2\/types\/product"}],"wp:featuredmedia":[{"embeddable":true,"href":"https:\/\/secureus.se\/es\/wp-json\/wp\/v2\/media\/160062"}],"wp:attachment":[{"href":"https:\/\/secureus.se\/es\/wp-json\/wp\/v2\/media?parent=160064"}],"wp:term":[{"taxonomy":"product_brand","embeddable":true,"href":"https:\/\/secureus.se\/es\/wp-json\/wp\/v2\/product_brand?post=160064"},{"taxonomy":"product_cat","embeddable":true,"href":"https:\/\/secureus.se\/es\/wp-json\/wp\/v2\/product_cat?post=160064"},{"taxonomy":"product_tag","embeddable":true,"href":"https:\/\/secureus.se\/es\/wp-json\/wp\/v2\/product_tag?post=160064"}],"curies":[{"name":"wp","href":"https:\/\/api.w.org\/{rel}","templated":true}]}}