{"id":160071,"date":"2025-11-21T11:12:28","date_gmt":"2025-11-21T10:12:28","guid":{"rendered":"https:\/\/secureus.se\/?post_type=product&#038;p=160071"},"modified":"2026-04-23T13:10:46","modified_gmt":"2026-04-23T11:10:46","slug":"axis-tu6004-e-kabel-for-modulara-kameror-i-f-serien-8-m-ip67","status":"publish","type":"product","link":"https:\/\/secureus.se\/es\/axis-tu6004-e-kabel-for-modulara-kameror-i-f-serien-8-m-ip67\/","title":{"rendered":"Cable AXIS TU6004-E para c\u00e1maras modulares de la serie F, 8 m, IP67"},"content":{"rendered":"<h1>Cable AXIS TU6004-E para c\u00e1maras modulares de la serie F, 8 m, IP67<\/h1>\n<p class=\"ds-markdown-paragraph\"><strong>Descripci\u00f3n general del producto<\/strong><\/p>\n<p class=\"ds-markdown-paragraph\">Axis TU6004-E es un cable profesional para interiores y exteriores desarrollado especialmente para la segunda generaci\u00f3n de c\u00e1maras modulares de la serie F de Axis.<\/p>\n<p class=\"ds-markdown-paragraph\">Este cable flexible y robusto ofrece una gran capacidad de ancho de banda para minimizar la latencia entre las unidades de sensor y las unidades principales.<\/p>\n<p class=\"ds-markdown-paragraph\">Con su avanzado nivel de protecci\u00f3n y amplia compatibilidad, es ideal para instalaciones de vigilancia exigentes tanto en entornos de oficina como en ubicaciones al aire libre.<\/p>\n<p class=\"ds-markdown-paragraph\"><strong>Caracter\u00edsticas principales<\/strong><\/p>\n<ul>\n<li>\n<p class=\"ds-markdown-paragraph\">Clasificaci\u00f3n IP67, IP66 e IP6K9K para una protecci\u00f3n confiable<\/p>\n<\/li>\n<li>\n<p class=\"ds-markdown-paragraph\">Radio de curvatura de 40 mm para una instalaci\u00f3n flexible<\/p>\n<\/li>\n<li>\n<p class=\"ds-markdown-paragraph\">Alto ancho de banda para una latencia m\u00ednima<\/p>\n<\/li>\n<li>\n<p class=\"ds-markdown-paragraph\">Dise\u00f1ado tanto para interiores como para exteriores.<\/p>\n<\/li>\n<li>\n<p class=\"ds-markdown-paragraph\">Disponible en versiones de 1m, 8m y 30m.<\/p>\n<\/li>\n<\/ul>\n<p class=\"ds-markdown-paragraph\"><strong>Compatibilidad<\/strong><\/p>\n<ul>\n<li>\n<p class=\"ds-markdown-paragraph\">Unidades principales del Axis F91<\/p>\n<\/li>\n<li>\n<p class=\"ds-markdown-paragraph\">Unidades de sensor Axis F21<\/p>\n<\/li>\n<li>\n<p class=\"ds-markdown-paragraph\">Sensor de domo Axis F4105-LRE<\/p>\n<\/li>\n<li>\n<p class=\"ds-markdown-paragraph\">Sensor estenopeico Axis F7225-RE<\/p>\n<\/li>\n<li>\n<p class=\"ds-markdown-paragraph\">Se puede personalizar en longitud con el kit de conector Axis TU6003<\/p>\n<\/li>\n<li>\n<p class=\"ds-markdown-paragraph\"><strong>Informaci\u00f3n t\u00e9cnica<\/strong><\/p>\n<ul>\n<li>\n<p class=\"ds-markdown-paragraph\">Longitud: 8 m (26 pies)<\/p>\n<\/li>\n<li>\n<p class=\"ds-markdown-paragraph\">Color: Negro<\/p>\n<\/li>\n<li>\n<p class=\"ds-markdown-paragraph\">Impedancia: 50 ohmios<\/p>\n<\/li>\n<li>\n<p class=\"ds-markdown-paragraph\">Rango de frecuencia: 0\u20133 GHz<\/p>\n<\/li>\n<li>\n<p class=\"ds-markdown-paragraph\">Conectores: SMA y FAKRA<\/p>\n<\/li>\n<li>\n<p class=\"ds-markdown-paragraph\">Resistencia a la temperatura: -40 \u00b0C a +75 \u00b0C<\/p>\n<\/li>\n<li>\n<p class=\"ds-markdown-paragraph\">Resistencia a la humedad: 10\u2013100% RH (condensaci\u00f3n)<\/p>\n<\/li>\n<li>\n<p class=\"ds-markdown-paragraph\">Peso: 300 g (versi\u00f3n de 8 m)<\/p>\n<\/li>\n<\/ul>\n<\/li>\n<\/ul>\n<div class=\"sc-bczRLJ fySwpa\">\n<div class=\"sc-bczRLJ kEeNDb\">\n<p class=\"ds-markdown-paragraph\"><strong>Certificaciones y garant\u00edas<\/strong><\/p>\n<ul>\n<li>\n<p class=\"ds-markdown-paragraph\">Resistente a la luz solar UL CL2 E335585-T<\/p>\n<\/li>\n<li>\n<p class=\"ds-markdown-paragraph\">Norma CEPE R118 de la ONU<\/p>\n<\/li>\n<li>\n<p class=\"ds-markdown-paragraph\">Garant\u00eda de 3 a\u00f1os de Axis<\/p>\n<\/li>\n<\/ul>\n<p class=\"ds-markdown-paragraph\">El cable Axis TU6004-E representa tecnolog\u00eda de cable de \u00faltima generaci\u00f3n para sistemas de videovigilancia profesionales, con foco en la confiabilidad, el rendimiento y la larga vida \u00fatil en diversas condiciones ambientales.<\/p>\n<\/div>\n<\/div>","protected":false},"excerpt":{"rendered":"<div class=\"_4f9bf79 _43c05b5\">\n<div class=\"ds-message _63c77b1\">\n<div class=\"ds-markdown\">\n<p class=\"ds-markdown-paragraph\">Cable robusto con clasificaci\u00f3n IP67 para la serie F de Axis.<\/p>\n<p class=\"ds-markdown-paragraph\">Radio de curvatura de 40 mm, alto ancho de banda para una latencia m\u00ednima.<\/p>\n<p class=\"ds-markdown-paragraph\">Compatible con F91, F21, F4105-LRE y F7225-RE.<\/p>\n<p class=\"ds-markdown-paragraph\">Funciona en temperaturas extremas (-40\u00b0C a +75\u00b0C).<\/p>\n<p class=\"ds-markdown-paragraph\">Disponible en versiones de 1m, 8m y 30m.<\/p>\n<\/div>\n<\/div>\n<div class=\"ds-theme\"><\/div>\n<div class=\"ds-flex _0a3d93b\">\n<div class=\"ds-flex _965abe9\">\n<div class=\"ds-icon-button db183363\" role=\"button\">\n<div class=\"ds-icon-button__hover-bg\"><\/div>\n<\/div>\n<div class=\"ds-icon-button db183363\" role=\"button\">\n<div class=\"ds-icon-button__hover-bg\">\n<div class=\"_4f9bf79 _43c05b5\">\n<div class=\"ds-message _63c77b1\">\n<div class=\"ds-markdown\">\n<p class=\"ds-markdown-paragraph\">\n<\/div>\n<\/div>\n<div class=\"ds-theme\"><\/div>\n<div class=\"ds-flex _0a3d93b\">\n<div class=\"ds-flex _965abe9\">\n<div class=\"ds-icon-button db183363\" role=\"button\">\n<div class=\"ds-icon-button__hover-bg\"><\/div>\n<div class=\"ds-icon\"><\/div>\n<\/div>\n<div class=\"ds-icon-button db183363 ds-icon-button--disabled\" role=\"button\">\n<div class=\"ds-icon\"><\/div>\n<\/div>\n<div class=\"ds-icon-button db183363\" role=\"button\">\n<div class=\"ds-icon-button__hover-bg\"><\/div>\n<div class=\"ds-icon\"><\/div>\n<\/div>\n<div class=\"ds-icon-button db183363\" role=\"button\">\n<div class=\"ds-icon-button__hover-bg\"><\/div>\n<div class=\"ds-icon\"><\/div>\n<\/div>\n<div class=\"ds-icon-button db183363\" role=\"button\">\n<div class=\"ds-icon-button__hover-bg\"><\/div>\n<div class=\"ds-icon\"><\/div>\n<\/div>\n<\/div>\n<div><\/div>\n<\/div>\n<\/div>\n<div class=\"_9663006\" data-um-id=\"33\">\n<div class=\"d29f3d7d ds-message _63c77b1\"><\/div>\n<\/div>\n<\/div>\n<div class=\"ds-icon\"><\/div>\n<\/div>\n<div class=\"ds-icon-button db183363\" role=\"button\">\n<div class=\"ds-icon-button__hover-bg\"><\/div>\n<div class=\"ds-icon\"><\/div>\n<\/div>\n<div class=\"ds-icon-button db183363\" role=\"button\">\n<div class=\"ds-icon-button__hover-bg\"><\/div>\n<div class=\"ds-icon\"><\/div>\n<\/div>\n<\/div>\n<div><\/div>\n<\/div>\n<\/div>\n<div class=\"_9663006\" data-um-id=\"33\">\n<div class=\"d29f3d7d ds-message _63c77b1\"><\/div>\n<\/div>","protected":false},"featured_media":160070,"template":"","meta":{"_acf_changed":false},"product_brand":[],"product_cat":[4956],"product_tag":[],"class_list":{"0":"post-160071","1":"product","2":"type-product","3":"status-publish","4":"has-post-thumbnail","6":"product_cat-ovrigt-fran-axis","7":"pa_brands-axis","8":"pa_farg-svart","9":"tm-no-options","11":"first","12":"onbackorder","13":"sale","14":"taxable","15":"shipping-taxable","16":"purchasable","17":"product-type-simple"},"acf":[],"_links":{"self":[{"href":"https:\/\/secureus.se\/es\/wp-json\/wp\/v2\/product\/160071","targetHints":{"allow":["GET"]}}],"collection":[{"href":"https:\/\/secureus.se\/es\/wp-json\/wp\/v2\/product"}],"about":[{"href":"https:\/\/secureus.se\/es\/wp-json\/wp\/v2\/types\/product"}],"wp:featuredmedia":[{"embeddable":true,"href":"https:\/\/secureus.se\/es\/wp-json\/wp\/v2\/media\/160070"}],"wp:attachment":[{"href":"https:\/\/secureus.se\/es\/wp-json\/wp\/v2\/media?parent=160071"}],"wp:term":[{"taxonomy":"product_brand","embeddable":true,"href":"https:\/\/secureus.se\/es\/wp-json\/wp\/v2\/product_brand?post=160071"},{"taxonomy":"product_cat","embeddable":true,"href":"https:\/\/secureus.se\/es\/wp-json\/wp\/v2\/product_cat?post=160071"},{"taxonomy":"product_tag","embeddable":true,"href":"https:\/\/secureus.se\/es\/wp-json\/wp\/v2\/product_tag?post=160071"}],"curies":[{"name":"wp","href":"https:\/\/api.w.org\/{rel}","templated":true}]}}