{"id":160073,"date":"2025-11-21T11:12:28","date_gmt":"2025-11-21T10:12:28","guid":{"rendered":"https:\/\/secureus.se\/?post_type=product&#038;p=160073"},"modified":"2026-04-09T11:22:50","modified_gmt":"2026-04-09T09:22:50","slug":"axis-01589-001l-judforlangningskabel-b-5m-for-utvalda-35-mm-mikrofoner","status":"publish","type":"product","link":"https:\/\/secureus.se\/es\/axis-01589-001l-judforlangningskabel-b-5m-for-utvalda-35-mm-mikrofoner\/","title":{"rendered":"Cable de extensi\u00f3n jud AXIS 01589-001l B 5M para micr\u00f3fonos de 3,5 mm seleccionados"},"content":{"rendered":"<h1>Cable de extensi\u00f3n de audio AXIS 01589-001 B 5M para micr\u00f3fonos de 3,5 mm seleccionados<\/h1>\n<p class=\"ds-markdown-paragraph\"><strong>Descripci\u00f3n general del producto<\/strong><\/p>\n<p class=\"ds-markdown-paragraph\">Axis 01589-001 es un cable de extensi\u00f3n de audio dedicado dise\u00f1ado para ampliar la gama de micr\u00f3fonos Axis compatibles con conexi\u00f3n de 3,5 mm.<\/p>\n<p class=\"ds-markdown-paragraph\">Con una longitud de 5 metros (16,4 pies), permite una colocaci\u00f3n flexible del micr\u00f3fono en relaci\u00f3n con la c\u00e1mara de red, lo que es ideal en instalaciones donde la conexi\u00f3n directa no es pr\u00e1ctica.<\/p>\n<p class=\"ds-markdown-paragraph\"><strong>Caracter\u00edsticas principales<\/strong><\/p>\n<ul>\n<li>\n<p class=\"ds-markdown-paragraph\">Conector mono o est\u00e9reo de 3,5 mm<\/p>\n<\/li>\n<li>\n<p class=\"ds-markdown-paragraph\">Longitud: 5 metros (16,4 pies)<\/p>\n<\/li>\n<li>\n<p class=\"ds-markdown-paragraph\">Compatible con micr\u00f3fonos Axis seleccionados<\/p>\n<\/li>\n<li>\n<p class=\"ds-markdown-paragraph\">Permite la transmisi\u00f3n de se\u00f1ales de audio a distancia.<\/p>\n<\/li>\n<li>\n<p class=\"ds-markdown-paragraph\">Instalaci\u00f3n sencilla y directa<\/p>\n<\/li>\n<\/ul>\n<p class=\"ds-markdown-paragraph\"><strong>\u00c1reas de uso<\/strong><\/p>\n<ul>\n<li>\n<p class=\"ds-markdown-paragraph\">Expansi\u00f3n de la grabaci\u00f3n de audio en los sistemas de vigilancia<\/p>\n<\/li>\n<li>\n<p class=\"ds-markdown-paragraph\">Colocaci\u00f3n flexible de micr\u00f3fonos en tiendas, oficinas y entornos p\u00fablicos.<\/p>\n<\/li>\n<li>\n<p class=\"ds-markdown-paragraph\">Instalaciones donde la c\u00e1mara y el micr\u00f3fono necesitan estar separados<\/p>\n<\/li>\n<\/ul>\n<p class=\"ds-markdown-paragraph\"><strong>Informaci\u00f3n t\u00e9cnica<\/strong><\/p>\n<ul>\n<li>\n<p class=\"ds-markdown-paragraph\">Tipo de conector: jack de 3,5 mm<\/p>\n<\/li>\n<li>\n<p class=\"ds-markdown-paragraph\">Longitud del cable: 5 m<\/p>\n<\/li>\n<li>\n<p class=\"ds-markdown-paragraph\">Color: Negro<\/p>\n<\/li>\n<li>\n<p class=\"ds-markdown-paragraph\">C\u00f3digo UPC: 7331021065628<\/p>\n<\/li>\n<li>\n<p class=\"ds-markdown-paragraph\">C\u00f3digo EAN: 7331021065628<\/p>\n<\/li>\n<li>\n<p class=\"ds-markdown-paragraph\">Pa\u00eds de origen: China<\/p>\n<\/li>\n<\/ul>\n<p class=\"ds-markdown-paragraph\"><strong>Compatibilidad<\/strong><\/p>\n<ul>\n<li>\n<p class=\"ds-markdown-paragraph\">Micr\u00f3fonos Axis seleccionados con conexi\u00f3n de 3,5 mm<\/p>\n<\/li>\n<li>\n<p class=\"ds-markdown-paragraph\">C\u00e1maras de red Axis con entrada de audio<\/p>\n<\/li>\n<\/ul>\n<p class=\"ds-markdown-paragraph\">El cable de extensi\u00f3n de audio Axis 01589-001 ofrece una soluci\u00f3n simple y efectiva para ampliar las capacidades de grabaci\u00f3n de audio de su sistema de vigilancia con alta calidad y rendimiento confiable.<\/p>","protected":false},"excerpt":{"rendered":"<div class=\"_4f9bf79 _43c05b5\">\n<div class=\"ds-message _63c77b1\">\n<div class=\"ds-markdown\">\n<p class=\"ds-markdown-paragraph\">Cable de extensi\u00f3n de 5 metros con conector de 3,5 mm para micr\u00f3fonos Axis seleccionados.<\/p>\n<p class=\"ds-markdown-paragraph\">Permite la transmisi\u00f3n de se\u00f1al de audio hasta 5 metros desde el micr\u00f3fono hasta la c\u00e1mara de red. Ideal para instalaciones donde el micr\u00f3fono debe estar alejado de la c\u00e1mara.<\/p>\n<p class=\"ds-markdown-paragraph\">F\u00e1cil de conectar y usar.<\/p>\n<\/div>\n<\/div>\n<div class=\"ds-theme\"><\/div>\n<div class=\"ds-flex _0a3d93b\">\n<div class=\"ds-flex _965abe9\">\n<div class=\"ds-icon-button db183363\" role=\"button\">\n<div class=\"ds-icon-button__hover-bg\"><\/div>\n<div class=\"ds-icon\"><\/div>\n<\/div>\n<div class=\"ds-icon-button db183363 ds-icon-button--disabled\" role=\"button\">\n<div class=\"ds-icon\"><\/div>\n<\/div>\n<div class=\"ds-icon-button db183363\" role=\"button\">\n<div class=\"ds-icon-button__hover-bg\"><\/div>\n<div class=\"ds-icon\"><\/div>\n<\/div>\n<div class=\"ds-icon-button db183363\" role=\"button\">\n<div class=\"ds-icon-button__hover-bg\"><\/div>\n<div class=\"ds-icon\"><\/div>\n<\/div>\n<div class=\"ds-icon-button db183363\" role=\"button\">\n<div class=\"ds-icon-button__hover-bg\"><\/div>\n<div class=\"ds-icon\"><\/div>\n<\/div>\n<\/div>\n<div><\/div>\n<\/div>\n<\/div>\n<div class=\"_9663006\" data-um-id=\"41\">\n<div class=\"d29f3d7d ds-message _63c77b1\"><\/div>\n<\/div>","protected":false},"featured_media":160072,"template":"","meta":{"_acf_changed":false},"product_brand":[],"product_cat":[4956],"product_tag":[],"class_list":{"0":"post-160073","1":"product","2":"type-product","3":"status-publish","4":"has-post-thumbnail","6":"product_cat-ovrigt-fran-axis","7":"pa_brands-axis","8":"pa_farg-vit","9":"tm-no-options","11":"first","12":"instock","13":"sale","14":"taxable","15":"shipping-taxable","16":"purchasable","17":"product-type-simple"},"acf":[],"_links":{"self":[{"href":"https:\/\/secureus.se\/es\/wp-json\/wp\/v2\/product\/160073","targetHints":{"allow":["GET"]}}],"collection":[{"href":"https:\/\/secureus.se\/es\/wp-json\/wp\/v2\/product"}],"about":[{"href":"https:\/\/secureus.se\/es\/wp-json\/wp\/v2\/types\/product"}],"wp:featuredmedia":[{"embeddable":true,"href":"https:\/\/secureus.se\/es\/wp-json\/wp\/v2\/media\/160072"}],"wp:attachment":[{"href":"https:\/\/secureus.se\/es\/wp-json\/wp\/v2\/media?parent=160073"}],"wp:term":[{"taxonomy":"product_brand","embeddable":true,"href":"https:\/\/secureus.se\/es\/wp-json\/wp\/v2\/product_brand?post=160073"},{"taxonomy":"product_cat","embeddable":true,"href":"https:\/\/secureus.se\/es\/wp-json\/wp\/v2\/product_cat?post=160073"},{"taxonomy":"product_tag","embeddable":true,"href":"https:\/\/secureus.se\/es\/wp-json\/wp\/v2\/product_tag?post=160073"}],"curies":[{"name":"wp","href":"https:\/\/api.w.org\/{rel}","templated":true}]}}