{"id":160078,"date":"2025-11-21T11:12:28","date_gmt":"2025-11-21T10:12:28","guid":{"rendered":"https:\/\/secureus.se\/?post_type=product&#038;p=160078"},"modified":"2026-04-23T13:10:42","modified_gmt":"2026-04-23T11:10:42","slug":"axis-m3086-v-4mp-mini-dome-kamera-med-deep-learning-inomhus","status":"publish","type":"product","link":"https:\/\/secureus.se\/es\/axis-m3086-v-4mp-mini-dome-kamera-med-deep-learning-inomhus\/","title":{"rendered":"Minic\u00e1mara domo para interiores AXIS M3086-V de 4 MP con Deep Learning"},"content":{"rendered":"<h1>Minic\u00e1mara domo para interiores AXIS M3086-V de 4 MP con Deep Learning<\/h1>\n<p class=\"ds-markdown-paragraph\"><strong>Descripci\u00f3n general del producto<\/strong><\/p>\n<p class=\"ds-markdown-paragraph\">La Axis M3086-V es una c\u00e1mara minidomo de 4 MP rentable con tecnolog\u00eda avanzada de aprendizaje profundo para an\u00e1lisis de video inteligente.<\/p>\n<p class=\"ds-markdown-paragraph\">Con su dise\u00f1o compacto y resistente al vandalismo, la c\u00e1mara es ideal para instalaciones interiores donde se requiere vigilancia discreta y an\u00e1lisis avanzados.<\/p>\n<p class=\"ds-markdown-paragraph\"><strong>Calidad de imagen y rendimiento avanzados<\/strong><br \/>\nLa c\u00e1mara ofrece una calidad de imagen excepcional con una resoluci\u00f3n de 4 MP y un gran \u00e1ngulo de 130\u00b0.<\/p>\n<p class=\"ds-markdown-paragraph\">Con la tecnolog\u00eda Axis Lightfinder, ofrece im\u00e1genes en color n\u00edtidas incluso con poca luz, mientras que el amplio rango din\u00e1mico (WDR) garantiza una calidad de imagen \u00f3ptima en escenarios con fuertes contrastes de luz.<\/p>\n<p class=\"ds-markdown-paragraph\">La c\u00e1mara viene enfocada de f\u00e1brica y no requiere ajuste manual.<\/p>\n<p class=\"ds-markdown-paragraph\"><strong>An\u00e1lisis inteligente con aprendizaje profundo<\/strong><br \/>\nCon una unidad de procesamiento de aprendizaje profundo dedicada, la c\u00e1mara permite un an\u00e1lisis de IA avanzado directamente en la c\u00e1mara.<\/p>\n<p class=\"ds-markdown-paragraph\">AXIS Object Analytics est\u00e1 preinstalado y puede detectar y clasificar personas, veh\u00edculos y tipos de veh\u00edculos en tiempo real.<\/p>\n<p class=\"ds-markdown-paragraph\">La c\u00e1mara tambi\u00e9n es compatible con AXIS Audio Analytics (en la variante de micr\u00f3fono) para la detecci\u00f3n y clasificaci\u00f3n de sonido.<\/p>\n<p class=\"ds-markdown-paragraph\"><strong>Construcci\u00f3n robusta y segura<\/strong><br \/>\nCon protecci\u00f3n IP42 contra polvo y goteo de agua y protecci\u00f3n antivand\u00e1lica IK08, la c\u00e1mara es adecuada para entornos exigentes.<\/p>\n<p class=\"ds-markdown-paragraph\">Su dise\u00f1o compacto con montaje de bayoneta facilita y agiliza la instalaci\u00f3n. Axis Edge Vault garantiza la ciberseguridad con cifrado basado en hardware y protecci\u00f3n contra accesos no autorizados.<\/p>\n<p class=\"ds-markdown-paragraph\"><strong>Informaci\u00f3n t\u00e9cnica<\/strong><\/p>\n<ul>\n<li>\n<p class=\"ds-markdown-paragraph\">Sensor: CMOS RGB de 1\/2,7\u2033<\/p>\n<\/li>\n<li>\n<p class=\"ds-markdown-paragraph\">Lente: Lente fija de 2,4 mm, F2.1<\/p>\n<\/li>\n<li>\n<p class=\"ds-markdown-paragraph\">Sensibilidad a la luz: 0,19 lux en color con Lightfinder<\/p>\n<\/li>\n<li>\n<p class=\"ds-markdown-paragraph\">Compresi\u00f3n de v\u00eddeo: H.264, H.265, Motion JPEG<\/p>\n<\/li>\n<li>\n<p class=\"ds-markdown-paragraph\">Red: Alimentaci\u00f3n a trav\u00e9s de Ethernet (PoE)<\/p>\n<\/li>\n<li>\n<p class=\"ds-markdown-paragraph\">Almacenamiento: tarjeta microSD y NAS<\/p>\n<\/li>\n<li>\n<p class=\"ds-markdown-paragraph\">Certificaciones: CE, FCC, IP42, IK08<\/p>\n<\/li>\n<\/ul>\n<p class=\"ds-markdown-paragraph\"><strong>Funciones de an\u00e1lisis<\/strong><\/p>\n<ul>\n<li>\n<p class=\"ds-markdown-paragraph\">AXIS Object Analytics: Detecci\u00f3n de personas y veh\u00edculos<\/p>\n<\/li>\n<li>\n<p class=\"ds-markdown-paragraph\">AXIS Audio Analytics: Detecci\u00f3n y clasificaci\u00f3n de sonido<\/p>\n<\/li>\n<li>\n<p class=\"ds-markdown-paragraph\">Metadatos de escenas AXIS: Extracci\u00f3n avanzada de metadatos<\/p>\n<\/li>\n<li>\n<p class=\"ds-markdown-paragraph\">Detecci\u00f3n de movimiento por v\u00eddeo AXIS: detecci\u00f3n de movimiento<\/p>\n<\/li>\n<li>\n<p class=\"ds-markdown-paragraph\">Soporte para aplicaciones ACAP<\/p>\n<\/li>\n<\/ul>\n<p class=\"ds-markdown-paragraph\">Axis M3086-V combina tecnolog\u00eda de im\u00e1genes avanzada con an\u00e1lisis inteligente para crear una soluci\u00f3n de vigilancia completa para entornos interiores modernos.<\/p>\n<p class=\"ds-markdown-paragraph\">Gracias a su dise\u00f1o compacto y sus amplias capacidades de an\u00e1lisis, la c\u00e1mara ofrece tanto seguridad preventiva como un eficaz monitoreo post mortem.<\/p>\n<div class=\"sc-bczRLJ gTFQwC\">\n<div class=\"sc-bczRLJ fySwpa\">\n<div class=\"sc-bczRLJ kEeNDb\"><\/div>\n<\/div>\n<\/div>","protected":false},"excerpt":{"rendered":"<p>Domo compacto para interiores con an\u00e1lisis de aprendizaje profundo. 4 MP, gran angular de 130\u00b0, WDR y Lightfinder para obtener una buena imagen incluso con poca luz. IA integrada para detecci\u00f3n de personas y veh\u00edculos.<\/p>\n<p>A prueba de vandalismo (IK08), f\u00e1cil instalaci\u00f3n con PoE. Ideal para supervisi\u00f3n inteligente con an\u00e1lisis avanzados.<\/p>","protected":false},"featured_media":160074,"template":"","meta":{"_acf_changed":false},"product_brand":[],"product_cat":[4950],"product_tag":[],"class_list":{"0":"post-160078","1":"product","2":"type-product","3":"status-publish","4":"has-post-thumbnail","6":"product_cat-axis-domekameror","7":"pa_brands-axis","8":"pa_farg-vit","9":"tm-no-options","11":"first","12":"instock","13":"sale","14":"taxable","15":"shipping-taxable","16":"purchasable","17":"product-type-simple"},"acf":[],"_links":{"self":[{"href":"https:\/\/secureus.se\/es\/wp-json\/wp\/v2\/product\/160078","targetHints":{"allow":["GET"]}}],"collection":[{"href":"https:\/\/secureus.se\/es\/wp-json\/wp\/v2\/product"}],"about":[{"href":"https:\/\/secureus.se\/es\/wp-json\/wp\/v2\/types\/product"}],"wp:featuredmedia":[{"embeddable":true,"href":"https:\/\/secureus.se\/es\/wp-json\/wp\/v2\/media\/160074"}],"wp:attachment":[{"href":"https:\/\/secureus.se\/es\/wp-json\/wp\/v2\/media?parent=160078"}],"wp:term":[{"taxonomy":"product_brand","embeddable":true,"href":"https:\/\/secureus.se\/es\/wp-json\/wp\/v2\/product_brand?post=160078"},{"taxonomy":"product_cat","embeddable":true,"href":"https:\/\/secureus.se\/es\/wp-json\/wp\/v2\/product_cat?post=160078"},{"taxonomy":"product_tag","embeddable":true,"href":"https:\/\/secureus.se\/es\/wp-json\/wp\/v2\/product_tag?post=160078"}],"curies":[{"name":"wp","href":"https:\/\/api.w.org\/{rel}","templated":true}]}}