{"id":160088,"date":"2025-11-21T11:12:28","date_gmt":"2025-11-21T10:12:28","guid":{"rendered":"https:\/\/secureus.se\/?post_type=product&#038;p=160088"},"modified":"2026-04-23T13:10:30","modified_gmt":"2026-04-23T11:10:30","slug":"axis-p9117-pv-hornmonterad-kamera-for-inomhusbruk","status":"publish","type":"product","link":"https:\/\/secureus.se\/es\/axis-p9117-pv-hornmonterad-kamera-for-inomhusbruk\/","title":{"rendered":"C\u00e1mara AXIS P9117-PV para montaje en esquina para uso en interiores"},"content":{"rendered":"<h1>C\u00e1mara AXIS P9117-PV para montaje en esquina para uso en interiores<\/h1>\n<p class=\"ds-markdown-paragraph\"><strong>Descripci\u00f3n general del producto<\/strong><\/p>\n<p class=\"ds-markdown-paragraph\">La Axis P9117-PV es una c\u00e1mara de esquina especialmente dise\u00f1ada para uso en interiores que ofrece una vista panor\u00e1mica completa de 360\u00b0 sin puntos ciegos.<\/p>\n<p class=\"ds-markdown-paragraph\">Gracias a su dise\u00f1o compacto y resistente a intentos de manipulaci\u00f3n, la c\u00e1mara es ideal para entornos exigentes como centros sanitarios, prisiones y espacios p\u00fablicos donde la seguridad y la vigilancia son prioritarias.<\/p>\n<p class=\"ds-markdown-paragraph\"><strong>Calidad de imagen avanzada con sensor de 6 MP<\/strong><\/p>\n<p class=\"ds-markdown-paragraph\">La c\u00e1mara est\u00e1 equipada con un sensor de 6 MP y una lente estereogr\u00e1fica que proporciona una calidad de imagen excepcional con un campo de visi\u00f3n horizontal y vertical de 176\u00b0.<\/p>\n<p class=\"ds-markdown-paragraph\">Gracias a Axis Lightfinder y Forensic WDR, se garantizan im\u00e1genes n\u00edtidas y detalladas incluso en condiciones de iluminaci\u00f3n dif\u00edciles o en la oscuridad casi total.<\/p>\n<p class=\"ds-markdown-paragraph\"><strong>An\u00e1lisis inteligente con aprendizaje profundo<\/strong><\/p>\n<p class=\"ds-markdown-paragraph\">Gracias a su procesador de aprendizaje profundo integrado, la c\u00e1mara permite realizar an\u00e1lisis avanzados de IA directamente en la propia c\u00e1mara.<\/p>\n<p class=\"ds-markdown-paragraph\">AXIS Object Analytics detecta y clasifica autom\u00e1ticamente personas y veh\u00edculos, mientras que el micr\u00f3fono incorporado permite que AXIS Audio Analytics detecte el sonido.<\/p>\n<p class=\"ds-markdown-paragraph\"><strong>Construcci\u00f3n robusta y segura<\/strong><\/p>\n<p class=\"ds-markdown-paragraph\">Con clasificaciones IP66 e IK10, la c\u00e1mara est\u00e1 protegida contra el polvo, el agua y el vandalismo.<\/p>\n<p class=\"ds-markdown-paragraph\">Su dise\u00f1o resistente a la manipulaci\u00f3n dificulta que se altere o se da\u00f1e.<\/p>\n<p class=\"ds-markdown-paragraph\">Axis Edge Vault garantiza la ciberseguridad basada en hardware con almacenamiento cifrado y transmisiones de v\u00eddeo firmadas.<\/p>\n<p class=\"ds-markdown-paragraph\"><strong>Informaci\u00f3n t\u00e9cnica<\/strong><\/p>\n<ul>\n<li>\n<p class=\"ds-markdown-paragraph\">Sensor: CMOS RGB de 1\/1,8\u2033, 6 MP<\/p>\n<\/li>\n<li>\n<p class=\"ds-markdown-paragraph\">Lente: lente fija de 1,1 mm, F2.2<\/p>\n<\/li>\n<li>\n<p class=\"ds-markdown-paragraph\">Campo de visi\u00f3n: 176\u00b0 horizontal y vertical (vista general)<\/p>\n<\/li>\n<li>\n<p class=\"ds-markdown-paragraph\">Compresi\u00f3n de v\u00eddeo: H.264, H.265, Motion JPEG<\/p>\n<\/li>\n<li>\n<p class=\"ds-markdown-paragraph\">Audio: Micr\u00f3fono MEMS integrado<\/p>\n<\/li>\n<li>\n<p class=\"ds-markdown-paragraph\">Red: Alimentaci\u00f3n a trav\u00e9s de Ethernet (PoE)<\/p>\n<\/li>\n<li>\n<p class=\"ds-markdown-paragraph\">Almacenamiento: tarjeta microSD y NAS<\/p>\n<\/li>\n<li>\n<p class=\"ds-markdown-paragraph\">Certificaciones: IP66, IK10<\/p>\n<\/li>\n<\/ul>\n<p class=\"ds-markdown-paragraph\"><strong>Funciones de an\u00e1lisis<\/strong><\/p>\n<ul>\n<li>\n<p class=\"ds-markdown-paragraph\">AXIS Object Analytics: detecci\u00f3n de personas y veh\u00edculos<\/p>\n<\/li>\n<li>\n<p class=\"ds-markdown-paragraph\">AXIS Audio Analytics: Detecci\u00f3n y clasificaci\u00f3n de sonido<\/p>\n<\/li>\n<li>\n<p class=\"ds-markdown-paragraph\">Detecci\u00f3n de movimiento por v\u00eddeo AXIS: detecci\u00f3n de movimiento<\/p>\n<\/li>\n<li>\n<p class=\"ds-markdown-paragraph\">Soporte para aplicaciones ACAP<\/p>\n<\/li>\n<\/ul>\n<p class=\"ds-markdown-paragraph\"><strong>Montaje e instalaci\u00f3n<\/strong><\/p>\n<p class=\"ds-markdown-paragraph\">La c\u00e1mara est\u00e1 especialmente dise\u00f1ada para su montaje en esquinas de paredes o paredes y techo, proporcionando una cobertura \u00f3ptima sin puntos ciegos.<\/p>\n<p class=\"ds-markdown-paragraph\">Es f\u00e1cil de instalar y limpiar, lo que lo hace perfecto para entornos con altos requisitos de higiene.<\/p>\n<p class=\"ds-markdown-paragraph\">El Axis P9117-PV combina tecnolog\u00eda panor\u00e1mica avanzada con an\u00e1lisis inteligentes para crear una soluci\u00f3n de vigilancia fiable para entornos interiores exigentes donde la seguridad y el dise\u00f1o discreto son cruciales.<\/p>","protected":false},"excerpt":{"rendered":"<p>C\u00e1mara interior con vista panor\u00e1mica de 360\u00b0 sin puntos ciegos. 6MP, micr\u00f3fono incorporado y an\u00e1lisis de IA para detecci\u00f3n de personas\/veh\u00edculos.<\/p>\n<p>Resistente a ligaduras, protecci\u00f3n IK10\/IP66.<\/p>\n<p>Perfecto para atenci\u00f3n m\u00e9dica, prisiones y entornos p\u00fablicos.<\/p>","protected":false},"featured_media":160084,"template":"","meta":{"_acf_changed":false},"product_brand":[],"product_cat":[4957],"product_tag":[],"class_list":{"0":"post-160088","1":"product","2":"type-product","3":"status-publish","4":"has-post-thumbnail","6":"product_cat-axis-horn-takkameror","7":"pa_brands-axis","8":"pa_farg-vit","9":"tm-no-options","11":"first","12":"onbackorder","13":"sale","14":"taxable","15":"shipping-taxable","16":"purchasable","17":"product-type-simple"},"acf":[],"_links":{"self":[{"href":"https:\/\/secureus.se\/es\/wp-json\/wp\/v2\/product\/160088","targetHints":{"allow":["GET"]}}],"collection":[{"href":"https:\/\/secureus.se\/es\/wp-json\/wp\/v2\/product"}],"about":[{"href":"https:\/\/secureus.se\/es\/wp-json\/wp\/v2\/types\/product"}],"wp:featuredmedia":[{"embeddable":true,"href":"https:\/\/secureus.se\/es\/wp-json\/wp\/v2\/media\/160084"}],"wp:attachment":[{"href":"https:\/\/secureus.se\/es\/wp-json\/wp\/v2\/media?parent=160088"}],"wp:term":[{"taxonomy":"product_brand","embeddable":true,"href":"https:\/\/secureus.se\/es\/wp-json\/wp\/v2\/product_brand?post=160088"},{"taxonomy":"product_cat","embeddable":true,"href":"https:\/\/secureus.se\/es\/wp-json\/wp\/v2\/product_cat?post=160088"},{"taxonomy":"product_tag","embeddable":true,"href":"https:\/\/secureus.se\/es\/wp-json\/wp\/v2\/product_tag?post=160088"}],"curies":[{"name":"wp","href":"https:\/\/api.w.org\/{rel}","templated":true}]}}