{"id":160091,"date":"2025-11-21T11:12:28","date_gmt":"2025-11-21T10:12:28","guid":{"rendered":"https:\/\/secureus.se\/?post_type=product&#038;p=160091"},"modified":"2026-04-09T11:22:24","modified_gmt":"2026-04-09T09:22:24","slug":"axis-m4216-v-m42-serien-4mp-zipstream-ip-dome-kamera-3-6-mm-varifokalt-objektiv-ip42-vit","status":"publish","type":"product","link":"https:\/\/secureus.se\/es\/axis-m4216-v-m42-serien-4mp-zipstream-ip-dome-kamera-3-6-mm-varifokalt-objektiv-ip42-vit\/","title":{"rendered":"C\u00e1mara domo IP Zipstream AXIS M4216-V Serie M42 de 4 MP con lente varifocal de 3-6 mm, IP42, blanca"},"content":{"rendered":"<h1>C\u00e1mara domo IP Zipstream AXIS M4216-V Serie M42 de 4 MP con lente varifocal de 3-6 mm, IP42, blanca<\/h1>\n<div class=\"dad65929\">\n<div class=\"_4f9bf79 d7dc56a8 _43c05b5\">\n<div class=\"ds-message _63c77b1\">\n<div class=\"ds-markdown\">\n<p class=\"ds-markdown-paragraph\"><strong>Descripci\u00f3n general del producto<\/strong><\/p>\n<p class=\"ds-markdown-paragraph\">La Axis M4216-V es una c\u00e1mara domo avanzada de 4 MP que combina una calidad de imagen excepcional con an\u00e1lisis inteligente para vigilancia profesional en interiores.<\/p>\n<p class=\"ds-markdown-paragraph\">Con su lente variable de 3-6 mm y zoom y enfoque remotos, la c\u00e1mara ofrece una flexibilidad excepcional en la instalaci\u00f3n y adaptaci\u00f3n a diferentes necesidades de vigilancia.<\/p>\n<p class=\"ds-markdown-paragraph\"><strong>Tecnolog\u00eda de imagen avanzada con lente flexible<\/strong><br \/>\nLa c\u00e1mara est\u00e1 equipada con una lente varifocal de 3-6 mm que permite el ajuste remoto tanto del zoom como del enfoque, lo que simplifica enormemente la instalaci\u00f3n.<\/p>\n<p class=\"ds-markdown-paragraph\">Con un sensor de 4MP y tecnolog\u00eda Axis Lightfinder, ofrece im\u00e1genes en color n\u00edtidas incluso con poca luz, mientras que el amplio rango din\u00e1mico (WDR) garantiza una calidad de imagen \u00f3ptima en escenarios con fuertes contrastes de luz.<\/p>\n<p class=\"ds-markdown-paragraph\"><strong>An\u00e1lisis inteligente con aprendizaje profundo<\/strong><br \/>\nCon una unidad de procesamiento de aprendizaje profundo (DLPU) dedicada, la c\u00e1mara permite un an\u00e1lisis de IA avanzado directamente en la c\u00e1mara.<\/p>\n<p class=\"ds-markdown-paragraph\">AXIS Object Analytics est\u00e1 preinstalado y puede detectar y clasificar personas, veh\u00edculos y tipos de veh\u00edculos en tiempo real.<\/p>\n<p class=\"ds-markdown-paragraph\">La c\u00e1mara tambi\u00e9n es compatible con AXIS Scene Metadata para la extracci\u00f3n avanzada de metadatos y AXIS Face Detector para la detecci\u00f3n de rostros.<\/p>\n<p class=\"ds-markdown-paragraph\"><strong>Opciones de dise\u00f1o y conexi\u00f3n flexibles<\/strong><br \/>\nEl dise\u00f1o compacto y discreto de la c\u00e1mara la hace adecuada para una variedad de entornos interiores.<\/p>\n<p class=\"ds-markdown-paragraph\">Con salida HDMI, el v\u00eddeo se puede mostrar f\u00e1cilmente en monitores locales, lo que es ideal para tiendas, recepciones y espacios p\u00fablicos.<\/p>\n<p class=\"ds-markdown-paragraph\">La c\u00e1mara tambi\u00e9n admite audio a trav\u00e9s de los accesorios de la serie Axis T61 para soluciones completas.<\/p>\n<p class=\"ds-markdown-paragraph\"><strong>Informaci\u00f3n t\u00e9cnica<\/strong><\/p>\n<ul>\n<li>\n<p class=\"ds-markdown-paragraph\">Sensor: CMOS RGB de 1\/2,7\u2033, 4 MP<\/p>\n<\/li>\n<li>\n<p class=\"ds-markdown-paragraph\">Lente: varifocal de 3-6 mm, F1.9-2.7<\/p>\n<\/li>\n<li>\n<p class=\"ds-markdown-paragraph\">Campo de visi\u00f3n: 100\u00b0\u201345\u00b0 horizontal, 72\u00b0\u201334\u00b0 vertical<\/p>\n<\/li>\n<li>\n<p class=\"ds-markdown-paragraph\">Compresi\u00f3n de v\u00eddeo: H.264, H.265, Motion JPEG<\/p>\n<\/li>\n<li>\n<p class=\"ds-markdown-paragraph\">Velocidad de fotogramas: hasta 30 fotogramas por segundo<\/p>\n<\/li>\n<li>\n<p class=\"ds-markdown-paragraph\">Audio: compatible con la serie Axis T61<\/p>\n<\/li>\n<li>\n<p class=\"ds-markdown-paragraph\">Red: Alimentaci\u00f3n a trav\u00e9s de Ethernet (PoE)<\/p>\n<\/li>\n<li>\n<p class=\"ds-markdown-paragraph\">Almacenamiento: tarjeta microSD y NAS<\/p>\n<\/li>\n<li>\n<p class=\"ds-markdown-paragraph\">Certificaciones: IP42, IK08<\/p>\n<\/li>\n<\/ul>\n<p class=\"ds-markdown-paragraph\"><strong>Funciones de an\u00e1lisis<\/strong><\/p>\n<ul>\n<li>\n<p class=\"ds-markdown-paragraph\">AXIS Object Analytics: detecci\u00f3n de personas y veh\u00edculos<\/p>\n<\/li>\n<li>\n<p class=\"ds-markdown-paragraph\">Metadatos de escenas de AXIS: Extracci\u00f3n de metadatos<\/p>\n<\/li>\n<li>\n<p class=\"ds-markdown-paragraph\">Detector de rostros AXIS: Detecci\u00f3n de rostros<\/p>\n<\/li>\n<li>\n<p class=\"ds-markdown-paragraph\">Detecci\u00f3n de movimiento por v\u00eddeo AXIS: detecci\u00f3n de movimiento<\/p>\n<\/li>\n<li>\n<p class=\"ds-markdown-paragraph\">Escudo de privacidad de AXIS Live: protecci\u00f3n de la privacidad<\/p>\n<\/li>\n<li>\n<p class=\"ds-markdown-paragraph\">Soporte para aplicaciones ACAP<\/p>\n<\/li>\n<\/ul>\n<p class=\"ds-markdown-paragraph\"><strong>Seguridad e integraci\u00f3n<\/strong><br \/>\nAxis Edge Vault garantiza ciberseguridad basada en hardware con arranque seguro, almacenamiento cifrado y transmisiones de video firmadas.<\/p>\n<p class=\"ds-markdown-paragraph\">La c\u00e1mara es compatible con ONVIF y se integra perfectamente con los principales sistemas VMS, incluida AXIS Camera Station.<\/p>\n<p class=\"ds-markdown-paragraph\">Axis M4216-V combina tecnolog\u00eda de im\u00e1genes avanzada con an\u00e1lisis inteligente para crear una soluci\u00f3n de vigilancia vers\u00e1til para entornos interiores modernos.<\/p>\n<p class=\"ds-markdown-paragraph\">Con su soluci\u00f3n de lente flexible y amplias capacidades de an\u00e1lisis, la c\u00e1mara ofrece adaptabilidad y funcionalidad avanzada para las necesidades de vigilancia profesional.<\/p>\n<\/div>\n<\/div>\n<\/div>\n<\/div>","protected":false},"excerpt":{"rendered":"<p>Domo compacto para interiores con lente varifocal de 3-6 mm y zoom\/enfoque remoto. Sensor de 4 MP con WDR y Lightfinder para obtener buenas im\u00e1genes en todas las condiciones de iluminaci\u00f3n.<\/p>\n<p>Procesador de inteligencia artificial incorporado para an\u00e1lisis de aprendizaje profundo con detecci\u00f3n de personas y veh\u00edculos.<\/p>\n<p>Salida HDMI para visualizaci\u00f3n de im\u00e1genes locales, con protecci\u00f3n IP42\/IK08. Ideal para tiendas, oficinas y entornos p\u00fablicos.<\/p>","protected":false},"featured_media":160089,"template":"","meta":{"_acf_changed":false},"product_brand":[],"product_cat":[4950],"product_tag":[],"class_list":{"0":"post-160091","1":"product","2":"type-product","3":"status-publish","4":"has-post-thumbnail","6":"product_cat-axis-domekameror","7":"pa_brands-axis","8":"pa_farg-vit","9":"tm-no-options","11":"first","12":"instock","13":"sale","14":"taxable","15":"shipping-taxable","16":"purchasable","17":"product-type-simple"},"acf":[],"_links":{"self":[{"href":"https:\/\/secureus.se\/es\/wp-json\/wp\/v2\/product\/160091","targetHints":{"allow":["GET"]}}],"collection":[{"href":"https:\/\/secureus.se\/es\/wp-json\/wp\/v2\/product"}],"about":[{"href":"https:\/\/secureus.se\/es\/wp-json\/wp\/v2\/types\/product"}],"wp:featuredmedia":[{"embeddable":true,"href":"https:\/\/secureus.se\/es\/wp-json\/wp\/v2\/media\/160089"}],"wp:attachment":[{"href":"https:\/\/secureus.se\/es\/wp-json\/wp\/v2\/media?parent=160091"}],"wp:term":[{"taxonomy":"product_brand","embeddable":true,"href":"https:\/\/secureus.se\/es\/wp-json\/wp\/v2\/product_brand?post=160091"},{"taxonomy":"product_cat","embeddable":true,"href":"https:\/\/secureus.se\/es\/wp-json\/wp\/v2\/product_cat?post=160091"},{"taxonomy":"product_tag","embeddable":true,"href":"https:\/\/secureus.se\/es\/wp-json\/wp\/v2\/product_tag?post=160091"}],"curies":[{"name":"wp","href":"https:\/\/api.w.org\/{rel}","templated":true}]}}