{"id":160102,"date":"2025-11-21T11:12:28","date_gmt":"2025-11-21T10:12:28","guid":{"rendered":"https:\/\/secureus.se\/?post_type=product&#038;p=160102"},"modified":"2026-04-23T13:01:58","modified_gmt":"2026-04-23T11:01:58","slug":"axis-m3086-v-m30-serien-4mp-vandalskyddad-ip-minidomkamera-med-zipstream-24-mm-fast-objektiv-ip42","status":"publish","type":"product","link":"https:\/\/secureus.se\/es\/axis-m3086-v-m30-serien-4mp-vandalskyddad-ip-minidomkamera-med-zipstream-24-mm-fast-objektiv-ip42\/","title":{"rendered":"AXIS M3086-V Serie M30, c\u00e1mara minidomo IP antivand\u00e1lica de 4 MP con zipstream, lente fija de 2,4 mm, IP42"},"content":{"rendered":"<h1>AXIS M3086-V Serie M30, c\u00e1mara minidomo IP antivand\u00e1lica de 4 MP con zipstream, lente fija de 2,4 mm, IP42<\/h1>\n<div class=\"dad65929\">\n<div class=\"_4f9bf79 d7dc56a8 _43c05b5\">\n<div class=\"ds-message _63c77b1\">\n<div class=\"ds-markdown\">\n<p class=\"ds-markdown-paragraph\"><strong>Descripci\u00f3n general del producto<\/strong><\/p>\n<p class=\"ds-markdown-paragraph\">La Axis M3086-V es una c\u00e1mara minidomo de 4 MP rentable que combina tecnolog\u00eda de im\u00e1genes avanzada con an\u00e1lisis de inteligencia artificial inteligente para vigilancia profesional en interiores.<\/p>\n<p class=\"ds-markdown-paragraph\">Con su dise\u00f1o compacto y a prueba de vandalismo, la c\u00e1mara es ideal para tiendas, oficinas y espacios p\u00fablicos donde se requiere una vigilancia discreta y confiable.<\/p>\n<p class=\"ds-markdown-paragraph\"><strong>Calidad de imagen excepcional en todas las condiciones de iluminaci\u00f3n.<\/strong><br \/>\nLa c\u00e1mara ofrece una resoluci\u00f3n de 4MP con un gran \u00e1ngulo de 130\u00b0 que proporciona una amplia cobertura sin puntos ciegos.<\/p>\n<p class=\"ds-markdown-paragraph\">Gracias a la tecnolog\u00eda Axis Lightfinder, ofrece im\u00e1genes n\u00edtidas en color incluso con poca luz, mientras que el amplio rango din\u00e1mico (WDR) garantiza una calidad de imagen \u00f3ptima en escenarios con fuertes contrastes de luz. La c\u00e1mara viene enfocada de f\u00e1brica y no requiere ajuste manual.<\/p>\n<p class=\"ds-markdown-paragraph\"><strong>An\u00e1lisis inteligente con aprendizaje profundo<\/strong><br \/>\nCon una unidad de procesamiento de aprendizaje profundo dedicada, la c\u00e1mara permite un an\u00e1lisis de IA avanzado directamente en la c\u00e1mara.<\/p>\n<p class=\"ds-markdown-paragraph\">AXIS Object Analytics est\u00e1 preinstalado y puede detectar y clasificar personas, veh\u00edculos y tipos de veh\u00edculos en tiempo real.<\/p>\n<p class=\"ds-markdown-paragraph\">La c\u00e1mara tambi\u00e9n es compatible con AXIS Audio Analytics (en la variante de micr\u00f3fono) para la detecci\u00f3n y clasificaci\u00f3n de sonido.<\/p>\n<p class=\"ds-markdown-paragraph\"><strong>Construcci\u00f3n robusta y segura<\/strong><br \/>\nCon protecci\u00f3n IP42 contra polvo y goteo de agua y protecci\u00f3n antivand\u00e1lica IK08, la c\u00e1mara es adecuada para entornos exigentes.<\/p>\n<p class=\"ds-markdown-paragraph\">Su dise\u00f1o compacto con montaje de bayoneta facilita y agiliza la instalaci\u00f3n. Axis Edge Vault garantiza la ciberseguridad con cifrado basado en hardware y protecci\u00f3n contra accesos no autorizados.<\/p>\n<p class=\"ds-markdown-paragraph\"><strong>Informaci\u00f3n t\u00e9cnica<\/strong><\/p>\n<ul>\n<li>\n<p class=\"ds-markdown-paragraph\">Sensor: CMOS RGB de 1\/2,7\u2033, 4 MP<\/p>\n<\/li>\n<li>\n<p class=\"ds-markdown-paragraph\">Lente: Lente fija de 2,4 mm, F2.1<\/p>\n<\/li>\n<li>\n<p class=\"ds-markdown-paragraph\">Campo de visi\u00f3n: 130\u00b0 horizontal, 93\u00b0 vertical<\/p>\n<\/li>\n<li>\n<p class=\"ds-markdown-paragraph\">Sensibilidad a la luz: 0,19 lux en color con Lightfinder<\/p>\n<\/li>\n<li>\n<p class=\"ds-markdown-paragraph\">Compresi\u00f3n de v\u00eddeo: H.264, H.265, Motion JPEG<\/p>\n<\/li>\n<li>\n<p class=\"ds-markdown-paragraph\">Velocidad de fotogramas: 25\/30 fotogramas\/segundo<\/p>\n<\/li>\n<li>\n<p class=\"ds-markdown-paragraph\">Red: Alimentaci\u00f3n a trav\u00e9s de Ethernet (PoE)<\/p>\n<\/li>\n<li>\n<p class=\"ds-markdown-paragraph\">Almacenamiento: tarjeta microSD y NAS<\/p>\n<\/li>\n<li>\n<p class=\"ds-markdown-paragraph\">Consumo de energ\u00eda: t\u00edpico 3,6 W<\/p>\n<\/li>\n<li>\n<p class=\"ds-markdown-paragraph\">Certificaciones: IP42, IK08<\/p>\n<\/li>\n<\/ul>\n<p class=\"ds-markdown-paragraph\"><strong>Funciones de an\u00e1lisis<\/strong><\/p>\n<ul>\n<li>\n<p class=\"ds-markdown-paragraph\">AXIS Object Analytics: detecci\u00f3n de personas y veh\u00edculos<\/p>\n<\/li>\n<li>\n<p class=\"ds-markdown-paragraph\">Metadatos de escenas AXIS: Extracci\u00f3n avanzada de metadatos<\/p>\n<\/li>\n<li>\n<p class=\"ds-markdown-paragraph\">AXIS Audio Analytics: Detecci\u00f3n y clasificaci\u00f3n de sonido (variante de micr\u00f3fono)<\/p>\n<\/li>\n<li>\n<p class=\"ds-markdown-paragraph\">Detecci\u00f3n de movimiento por v\u00eddeo AXIS: detecci\u00f3n de movimiento<\/p>\n<\/li>\n<li>\n<p class=\"ds-markdown-paragraph\">Escudo de privacidad de AXIS Live: protecci\u00f3n de la privacidad<\/p>\n<\/li>\n<li>\n<p class=\"ds-markdown-paragraph\">Soporte para aplicaciones ACAP<\/p>\n<\/li>\n<\/ul>\n<p class=\"ds-markdown-paragraph\"><strong>Montaje y accesorios<\/strong><br \/>\nEl dise\u00f1o compacto de la c\u00e1mara y el soporte de bayoneta permiten una instalaci\u00f3n r\u00e1pida y sencilla.<\/p>\n<p class=\"ds-markdown-paragraph\">Ofrece una amplia gama de accesorios de montaje para una ubicaci\u00f3n flexible y se puede complementar con accesorios de audio y E\/S para ampliar la funcionalidad.<\/p>\n<p class=\"ds-markdown-paragraph\">Axis M3086-V combina tecnolog\u00eda de im\u00e1genes avanzada con an\u00e1lisis inteligente para crear una soluci\u00f3n de vigilancia rentable para entornos interiores modernos.<\/p>\n<p class=\"ds-markdown-paragraph\">Con su dise\u00f1o a prueba de vandalismo y amplias capacidades de an\u00e1lisis, la c\u00e1mara ofrece confiabilidad y funcionalidad avanzada para las necesidades de vigilancia profesional.<\/p>\n<\/div>\n<\/div>\n<div class=\"ds-theme\"><\/div>\n<\/div>\n<\/div>","protected":false},"excerpt":{"rendered":"<p>C\u00e1mara domo para interiores econ\u00f3mica con 4 MP y gran angular de 130\u00b0. WDR y Lightfinder para obtener im\u00e1genes de alta calidad en cualquier condici\u00f3n de iluminaci\u00f3n.<\/p>\n<p>An\u00e1lisis de IA para detecci\u00f3n de personas y veh\u00edculos. A prueba de vandalismo (IK08), f\u00e1cil instalaci\u00f3n con PoE.<\/p>\n<p>Perfecto para tiendas y oficinas.<\/p>","protected":false},"featured_media":160098,"template":"","meta":{"_acf_changed":false},"product_brand":[],"product_cat":[4950],"product_tag":[],"class_list":{"0":"post-160102","1":"product","2":"type-product","3":"status-publish","4":"has-post-thumbnail","6":"product_cat-axis-domekameror","7":"pa_brands-axis","8":"pa_farg-vit","9":"tm-no-options","11":"first","12":"instock","13":"sale","14":"taxable","15":"shipping-taxable","16":"purchasable","17":"product-type-simple"},"acf":[],"_links":{"self":[{"href":"https:\/\/secureus.se\/es\/wp-json\/wp\/v2\/product\/160102","targetHints":{"allow":["GET"]}}],"collection":[{"href":"https:\/\/secureus.se\/es\/wp-json\/wp\/v2\/product"}],"about":[{"href":"https:\/\/secureus.se\/es\/wp-json\/wp\/v2\/types\/product"}],"wp:featuredmedia":[{"embeddable":true,"href":"https:\/\/secureus.se\/es\/wp-json\/wp\/v2\/media\/160098"}],"wp:attachment":[{"href":"https:\/\/secureus.se\/es\/wp-json\/wp\/v2\/media?parent=160102"}],"wp:term":[{"taxonomy":"product_brand","embeddable":true,"href":"https:\/\/secureus.se\/es\/wp-json\/wp\/v2\/product_brand?post=160102"},{"taxonomy":"product_cat","embeddable":true,"href":"https:\/\/secureus.se\/es\/wp-json\/wp\/v2\/product_cat?post=160102"},{"taxonomy":"product_tag","embeddable":true,"href":"https:\/\/secureus.se\/es\/wp-json\/wp\/v2\/product_tag?post=160102"}],"curies":[{"name":"wp","href":"https:\/\/api.w.org\/{rel}","templated":true}]}}