{"id":160133,"date":"2025-11-21T11:12:29","date_gmt":"2025-11-21T10:12:29","guid":{"rendered":"https:\/\/secureus.se\/?post_type=product&#038;p=160133"},"modified":"2026-04-09T11:21:55","modified_gmt":"2026-04-09T09:21:55","slug":"axis-p4705-plve-p47-serien-2x2mp-zipstream-360-25x-optisk-zoom-multisensor-ip-panoramic-dome-kamera-326-812-mm-varifokalt-objektiv-ip67","status":"publish","type":"product","link":"https:\/\/secureus.se\/es\/axis-p4705-plve-p47-serien-2x2mp-zipstream-360-25x-optisk-zoom-multisensor-ip-panoramic-dome-kamera-326-812-mm-varifokalt-objektiv-ip67\/","title":{"rendered":"C\u00e1mara domo panor\u00e1mica IP multisensor AXIS P4705-PLVE Serie P47, 2 x 2 MP, Zipstream, 360\u00b0, zoom \u00f3ptico de 2,5x, lente varifocal de 3,26-8,12 mm, IP67"},"content":{"rendered":"<h1>C\u00e1mara domo panor\u00e1mica IP multisensor AXIS P4705-PLVE Serie P47, 2 x 2 MP, Zipstream, 360\u00b0, zoom \u00f3ptico de 2,5x, lente varifocal de 3,26-8,12 mm, IP67<\/h1>\n<div class=\"dad65929\">\n<div class=\"_4f9bf79 d7dc56a8 _43c05b5\">\n<div class=\"ds-message _63c77b1\">\n<div class=\"ds-markdown\">\n<p class=\"ds-markdown-paragraph\">AXIS P4705-PLVE es una innovadora c\u00e1mara panor\u00e1mica de 360\u00b0 que combina dos sensores de 2MP en una unidad compacta con una sola direcci\u00f3n IP.<\/p>\n<p class=\"ds-markdown-paragraph\">Esta c\u00e1mara multidireccional ofrece una flexibilidad excepcional con zoom \u00f3ptico de 2,5x (lente varifocal de 3,26-8,12 mm) y ajuste de enfoque remoto, lo que simplifica la instalaci\u00f3n y la personalizaci\u00f3n seg\u00fan las necesidades de vigilancia espec\u00edficas.<\/p>\n<p class=\"ds-markdown-paragraph\">Con sensores duales que brindan im\u00e1genes n\u00edtidas de 1080p a hasta 30 cuadros por segundo, la c\u00e1mara cubre un \u00e1rea amplia sin puntos ciegos.<\/p>\n<p class=\"ds-markdown-paragraph\">La avanzada iluminaci\u00f3n infrarroja de 360\u00b0 con LED controlables individualmente garantiza im\u00e1genes n\u00edtidas incluso en la oscuridad total, mientras que la tecnolog\u00eda Lightfinder garantiza colores y detalles naturales con poca luz. El WDR forense gestiona condiciones de iluminaci\u00f3n exigentes con un rango din\u00e1mico de hasta 120 dB.<\/p>\n<p class=\"ds-markdown-paragraph\">Construida sobre el procesador ARTPEC-8 de Axis con unidad de procesamiento de aprendizaje profundo (DLPU) dedicada, la c\u00e1mara permite un an\u00e1lisis de IA avanzado directamente en ambos sensores.<\/p>\n<p class=\"ds-markdown-paragraph\">Con AXIS Object Analytics, el sistema puede detectar y clasificar autom\u00e1ticamente personas, veh\u00edculos y tipos de veh\u00edculos en toda el \u00e1rea monitoreada. La c\u00e1mara admite hasta 10 escenarios de an\u00e1lisis paralelos, incluyendo cruce de l\u00edneas, monitoreo de \u00e1rea y conteo.<\/p>\n<p class=\"ds-markdown-paragraph\">Con una robusta protecci\u00f3n IP67 e IK10, la c\u00e1mara soporta condiciones clim\u00e1ticas adversas y estr\u00e9s f\u00edsico. La funcionalidad de ciberseguridad integrada incluye la plataforma Axis Edge Vault para el almacenamiento seguro de claves criptogr\u00e1ficas y un sistema de archivos cifrado.<\/p>\n<p class=\"ds-markdown-paragraph\">La c\u00e1mara est\u00e1 certificada seg\u00fan ETSI EN 303 645 y BSI IT Security Label.<\/p>\n<p class=\"ds-markdown-paragraph\"><strong>Principales caracter\u00edsticas t\u00e9cnicas:<\/strong><\/p>\n<ul>\n<li>\n<p class=\"ds-markdown-paragraph\">2 sensores de 2 MP con zoom \u00f3ptico de 2,5x (3,26-8,12 mm)<\/p>\n<\/li>\n<li>\n<p class=\"ds-markdown-paragraph\">Iluminaci\u00f3n infrarroja de 360\u00b0 con un alcance de hasta 30 metros<\/p>\n<\/li>\n<li>\n<p class=\"ds-markdown-paragraph\">Lightfinder y Forensic WDR para una calidad de imagen excepcional<\/p>\n<\/li>\n<li>\n<p class=\"ds-markdown-paragraph\">Procesador ARTPEC-8 con unidad de procesamiento de aprendizaje profundo (DLPU)<\/p>\n<\/li>\n<li>\n<p class=\"ds-markdown-paragraph\">An\u00e1lisis de IA en ambos sensores con AXIS Object Analytics<\/p>\n<\/li>\n<li>\n<p class=\"ds-markdown-paragraph\">Protecci\u00f3n IP67 e IK10 para uso exterior<\/p>\n<\/li>\n<li>\n<p class=\"ds-markdown-paragraph\">Axis Edge Vault para ciberseguridad avanzada<\/p>\n<\/li>\n<li>\n<p class=\"ds-markdown-paragraph\">Compatibilidad con compresi\u00f3n H.264\/H.265 con Axis Zipstream<\/p>\n<\/li>\n<li>\n<p class=\"ds-markdown-paragraph\">Funcionamiento PoE (IEEE 802.3at) para una f\u00e1cil instalaci\u00f3n<\/p>\n<\/li>\n<li>\n<p class=\"ds-markdown-paragraph\">Garant\u00eda de 5 a\u00f1os<\/p>\n<\/li>\n<\/ul>\n<p class=\"ds-markdown-paragraph\">AXIS P4705-PLVE es la soluci\u00f3n definitiva para la vigilancia de \u00e1reas amplias donde la cobertura completa, la alta calidad de imagen y el an\u00e1lisis inteligente son esenciales para una soluci\u00f3n de vigilancia eficiente y preparada para el futuro.<\/p>\n<\/div>\n<\/div>\n<\/div>\n<\/div>","protected":false},"excerpt":{"rendered":"<p>AXIS P4705-PLVE es una c\u00e1mara panor\u00e1mica avanzada de 360\u00b0 con sensores duales de 2 MP y zoom \u00f3ptico de 2,5x.<\/p>\n<p>Con iluminaci\u00f3n IR de 360\u00b0, tecnolog\u00eda Lightfinder y an\u00e1lisis de IA en ambos sensores, proporciona una vigilancia completa con una calidad de imagen excepcional. Protecci\u00f3n IP67 para uso en exteriores.<\/p>","protected":false},"featured_media":160129,"template":"","meta":{"_acf_changed":false},"product_brand":[],"product_cat":[4950],"product_tag":[],"class_list":{"0":"post-160133","1":"product","2":"type-product","3":"status-publish","4":"has-post-thumbnail","6":"product_cat-axis-domekameror","7":"pa_brands-axis","8":"pa_farg-vit","9":"tm-no-options","11":"first","12":"onbackorder","13":"sale","14":"taxable","15":"shipping-taxable","16":"purchasable","17":"product-type-simple"},"acf":[],"_links":{"self":[{"href":"https:\/\/secureus.se\/es\/wp-json\/wp\/v2\/product\/160133","targetHints":{"allow":["GET"]}}],"collection":[{"href":"https:\/\/secureus.se\/es\/wp-json\/wp\/v2\/product"}],"about":[{"href":"https:\/\/secureus.se\/es\/wp-json\/wp\/v2\/types\/product"}],"wp:featuredmedia":[{"embeddable":true,"href":"https:\/\/secureus.se\/es\/wp-json\/wp\/v2\/media\/160129"}],"wp:attachment":[{"href":"https:\/\/secureus.se\/es\/wp-json\/wp\/v2\/media?parent=160133"}],"wp:term":[{"taxonomy":"product_brand","embeddable":true,"href":"https:\/\/secureus.se\/es\/wp-json\/wp\/v2\/product_brand?post=160133"},{"taxonomy":"product_cat","embeddable":true,"href":"https:\/\/secureus.se\/es\/wp-json\/wp\/v2\/product_cat?post=160133"},{"taxonomy":"product_tag","embeddable":true,"href":"https:\/\/secureus.se\/es\/wp-json\/wp\/v2\/product_tag?post=160133"}],"curies":[{"name":"wp","href":"https:\/\/api.w.org\/{rel}","templated":true}]}}