{"id":160137,"date":"2025-11-21T11:12:29","date_gmt":"2025-11-21T10:12:29","guid":{"rendered":"https:\/\/secureus.se\/?post_type=product&#038;p=160137"},"modified":"2026-04-23T13:01:41","modified_gmt":"2026-04-23T11:01:41","slug":"axis-p1465-le-p14-serien-2mp-zipstream-ip-bullet-kamera-29-mm-objektiv-ir-80m-ip67-vit","status":"publish","type":"product","link":"https:\/\/secureus.se\/es\/axis-p1465-le-p14-serien-2mp-zipstream-ip-bullet-kamera-29-mm-objektiv-ir-80m-ip67-vit\/","title":{"rendered":"C\u00e1mara bala IP AXIS P1465-LE Serie P14, Zipstream de 2 MP, lente de 29 mm, IR 80 M, IP67, color blanco"},"content":{"rendered":"<h1>C\u00e1mara bala IP AXIS P1465-LE Serie P14, Zipstream de 2 MP, lente de 29 mm, IR 80 M, IP67, color blanco<\/h1>\n<h3 class=\"TypographyStyle--11lquxl jakscM titleText\" data-test-selector=\"OverviewTitle\">Descripci\u00f3n general del producto<\/h3>\n<div class=\"sc-bczRLJ eJpGGI\">\n<div class=\"headernamehrnone\">Esta c\u00e1mara completa ofrece una excelente calidad de imagen en cualquier condici\u00f3n de iluminaci\u00f3n. Tiene una resoluci\u00f3n de 2 MP y una velocidad de fotogramas de hasta 60 fps.<\/div>\n<div><\/div>\n<div class=\"headernamehrnone\">Gracias a Lightfinder 2.0 y Forensic WDR, ofrece colores reales y excelentes detalles forenses en condiciones de luz dif\u00edciles o casi en la oscuridad.<\/div>\n<div><\/div>\n<div class=\"headernamehrnone\">OptimizedIR permite la vigilancia en total oscuridad hasta 40 m (131 pies) sin necesidad de iluminaci\u00f3n adicional.<\/div>\n<div><\/div>\n<div class=\"headernamehrnone\">Adem\u00e1s, la exposici\u00f3n adaptable al movimiento reduce el desenfoque de movimiento producido por objetos que se aproximan o est\u00e1n cerca.<\/div>\n<div><\/div>\n<div class=\"headernamehrnone\">La c\u00e1mara tambi\u00e9n est\u00e1 disponible en dos variantes con diferentes lentes: un lente gran angular de 9 mm para monitorear \u00e1reas grandes y un teleobjetivo de 29 mm para monitorear a distancia.<\/div>\n<div><\/div>\n<div class=\"headernamehrnone\">Esta c\u00e1mara de alto rendimiento se basa en el ARTPEC-8 y tiene una DLPU (Unidad de procesamiento de aprendizaje profundo).<\/div>\n<div><\/div>\n<div class=\"headernamehrnone\">Esto permite capacidades mejoradas de procesamiento y almacenamiento para que pueda recopilar y analizar incluso m\u00e1s datos que antes, en el borde.<\/div>\n<div><\/div>\n<div class=\"headernamehrnone\">Gracias a AXIS Object Analytics, puede detectar y clasificar personas, veh\u00edculos y tipos de veh\u00edculos, todo ello adaptado a sus necesidades espec\u00edficas.<\/div>\n<div><\/div>\n<div class=\"headernamehrnone\">Con tecnolog\u00eda de borde a borde, se puede conectar a un altavoz de red Axis para audio bidireccional.<\/div>\n<div><\/div>\n<div class=\"headernamehrnone\">Adem\u00e1s, puede alimentarse con corriente continua (CC) y PoE.<\/div>\n<div><\/div>\n<div class=\"headernamehrnone\">Incluso si hay un corte de energ\u00eda, la alimentaci\u00f3n de CC redundante garantiza un suministro de energ\u00eda confiable para proteger sus datos.<\/div>\n<div><\/div>\n<div class=\"headernamehrnone\">AXIS P1465-LE tiene funciones de ciberseguridad integradas que ayudan a prevenir el acceso no autorizado y proteger su sistema.<\/div>\n<div><\/div>\n<div class=\"headernamehrnone\">Axis Edge Vault protege el ID de su dispositivo Axis y simplifica la autorizaci\u00f3n de los productos Axis en su red.<\/div>\n<div><\/div>\n<div class=\"headernamehrnone\">Adem\u00e1s, el firmware firmado y el arranque seguro garantizan que el firmware no se haya visto comprometido y que solo se instale firmware autorizado.<\/div>\n<div><\/div>\n<div class=\"headernamehrnone\">Y si es necesario, el arranque seguro garantiza que la c\u00e1mara est\u00e9 completamente libre de malware incluso despu\u00e9s de un restablecimiento de f\u00e1brica.<\/div>\n<div><\/div>\n<div class=\"headernamehrnone\">Adem\u00e1s, esta c\u00e1mara robusta y preparada para exteriores con clasificaciones IP66\/67, NEMA 4X e IK10 est\u00e1 protegida contra el polvo, la lluvia, la nieve y los golpes y puede soportar vientos de hasta 50 m\/s.<\/div>\n<div><\/div>\n<div class=\"row headername\">\n<div class=\"item-header rd-hyg-item-header\"><strong>Caracter\u00edsticas principales<\/strong><\/div>\n<div class=\"row\">\n<ul>\n<li>Lightfinder 2.0, WDR forense, IR optimizado<\/li>\n<li>An\u00e1lisis con aprendizaje profundo<\/li>\n<li>Conexiones de audio y E\/S<\/li>\n<li>Funciones de ciberseguridad integradas<\/li>\n<li>Dos lentes alternativas<\/li>\n<\/ul>\n<\/div>\n<\/div>\n<div>\n<div class=\"row headername non-etl-overview\"><\/div>\n<\/div>\n<\/div>\n<div class=\"sc-bczRLJ fySwpa\">\n<div class=\"sc-bczRLJ kEeNDb\"><\/div>\n<\/div>","protected":false},"excerpt":{"rendered":"<p>C\u00e1mara bala IP AXIS P1465-LE Serie P14, Zipstream de 2 MP, lente de 29 mm, IR 80 M, IP67, color blanco<\/p>","protected":false},"featured_media":160134,"template":"","meta":{"_acf_changed":false},"product_brand":[],"product_cat":[4949],"product_tag":[],"class_list":{"0":"post-160137","1":"product","2":"type-product","3":"status-publish","4":"has-post-thumbnail","6":"product_cat-axis-bulletkameror","7":"pa_brands-axis","8":"pa_farg-vit","9":"tm-no-options","11":"first","12":"onbackorder","13":"sale","14":"taxable","15":"shipping-taxable","16":"purchasable","17":"product-type-simple"},"acf":[],"_links":{"self":[{"href":"https:\/\/secureus.se\/es\/wp-json\/wp\/v2\/product\/160137","targetHints":{"allow":["GET"]}}],"collection":[{"href":"https:\/\/secureus.se\/es\/wp-json\/wp\/v2\/product"}],"about":[{"href":"https:\/\/secureus.se\/es\/wp-json\/wp\/v2\/types\/product"}],"wp:featuredmedia":[{"embeddable":true,"href":"https:\/\/secureus.se\/es\/wp-json\/wp\/v2\/media\/160134"}],"wp:attachment":[{"href":"https:\/\/secureus.se\/es\/wp-json\/wp\/v2\/media?parent=160137"}],"wp:term":[{"taxonomy":"product_brand","embeddable":true,"href":"https:\/\/secureus.se\/es\/wp-json\/wp\/v2\/product_brand?post=160137"},{"taxonomy":"product_cat","embeddable":true,"href":"https:\/\/secureus.se\/es\/wp-json\/wp\/v2\/product_cat?post=160137"},{"taxonomy":"product_tag","embeddable":true,"href":"https:\/\/secureus.se\/es\/wp-json\/wp\/v2\/product_tag?post=160137"}],"curies":[{"name":"wp","href":"https:\/\/api.w.org\/{rel}","templated":true}]}}