{"id":160146,"date":"2025-11-21T11:12:30","date_gmt":"2025-11-21T10:12:30","guid":{"rendered":"https:\/\/secureus.se\/?post_type=product&#038;p=160146"},"modified":"2026-04-01T12:18:56","modified_gmt":"2026-04-01T10:18:56","slug":"axis-p1455-le-p14-serien-wdr-ip66-2mp-9mm-ip-bulletkamera-med-fast-objektiv-vit","status":"publish","type":"product","link":"https:\/\/secureus.se\/es\/axis-p1455-le-p14-serien-wdr-ip66-2mp-9mm-ip-bulletkamera-med-fast-objektiv-vit\/","title":{"rendered":"C\u00e1mara bala IP AXIS P1455-LE Serie P14, WDR IP66, 2 MP, lente fija de 9 mm, color blanco"},"content":{"rendered":"<div class=\"sc-bczRLJ gTFQwC\">\n<div class=\"sc-bczRLJ eJpGGI\">\n<div class=\"row headername\">\n<div class=\"row\">\n<h1>C\u00e1mara bala IP AXIS P1455-LE Serie P14, WDR IP66, 2 MP, lente fija de 9 mm, color blanco<\/h1>\n<p class=\"ds-markdown-paragraph\">La AXIS P1455-LE es una c\u00e1mara tipo bala de 2 MP con numerosas funciones que ofrece una calidad de imagen excepcional en HDTV 1080p a hasta 60 fotogramas por segundo.<\/p>\n<p class=\"ds-markdown-paragraph\">Con una lente fija de 9 mm, la c\u00e1mara ofrece un campo de visi\u00f3n \u00f3ptimo para la monitorizaci\u00f3n de \u00e1reas de tama\u00f1o medio.<\/p>\n<p class=\"ds-markdown-paragraph\">Est\u00e1 equipada con la avanzada tecnolog\u00eda de imagen de Axis, que incluye Lightfinder 2.0 para obtener colores naturales en condiciones de poca luz y Forensic WDR con un rango din\u00e1mico de hasta 120 dB para obtener im\u00e1genes detalladas en escenas de alto contraste.<\/p>\n<p class=\"ds-markdown-paragraph\">La c\u00e1mara se basa en el procesador ARTPEC-7 con unidad de procesamiento de aprendizaje autom\u00e1tico (MLPU), que permite un an\u00e1lisis inteligente directamente en la c\u00e1mara.<\/p>\n<p class=\"ds-markdown-paragraph\">Con AXIS Object Analytics, el sistema puede detectar y clasificar autom\u00e1ticamente tanto a personas como a veh\u00edculos.<\/p>\n<p class=\"ds-markdown-paragraph\">Admite hasta 10 escenarios de an\u00e1lisis paralelos, incluyendo el cruce de l\u00edneas y la entrada en rangos de alcance.<\/p>\n<p class=\"ds-markdown-paragraph\">Para la vigilancia en la oscuridad, la c\u00e1mara ofrece la tecnolog\u00eda OptimizedIR con LED de 850 nm de alta eficiencia que alcanzan hasta 40 metros.<\/p>\n<p class=\"ds-markdown-paragraph\">La exposici\u00f3n adaptativa al movimiento minimiza el desenfoque causado por el movimiento de los objetos, lo que garantiza im\u00e1genes n\u00edtidas incluso durante movimientos r\u00e1pidos. La tecnolog\u00eda inteligente de borde a borde permite una f\u00e1cil integraci\u00f3n con los altavoces de red Axis para la comunicaci\u00f3n bidireccional.<\/p>\n<p class=\"ds-markdown-paragraph\">Con una robusta protecci\u00f3n IP66\/IP67 e IK10, la c\u00e1mara puede soportar duras condiciones clim\u00e1ticas y estr\u00e9s f\u00edsico.<\/p>\n<p class=\"ds-markdown-paragraph\">La funcionalidad de ciberseguridad integrada incluye Axis Edge Vault para la autenticaci\u00f3n segura del dispositivo y el almacenamiento de datos cifrados. La c\u00e1mara admite alimentaci\u00f3n PoE y tarjetas microSD para una instalaci\u00f3n y almacenamiento flexibles.<\/p>\n<p class=\"ds-markdown-paragraph\"><strong>Principales caracter\u00edsticas t\u00e9cnicas:<\/strong><\/p>\n<ul>\n<li>\n<p class=\"ds-markdown-paragraph\">Sensor de 2 MP con lente fija de 9 mm<\/p>\n<\/li>\n<li>\n<p class=\"ds-markdown-paragraph\">Lightfinder 2.0 y WDR forense de hasta 120 dB<\/p>\n<\/li>\n<li>\n<p class=\"ds-markdown-paragraph\">OptimizedIR con iluminaci\u00f3n infrarroja de hasta 40 metros.<\/p>\n<\/li>\n<li>\n<p class=\"ds-markdown-paragraph\">Procesador ARTPEC-7 con unidad de procesamiento de aprendizaje autom\u00e1tico<\/p>\n<\/li>\n<li>\n<p class=\"ds-markdown-paragraph\">An\u00e1lisis de objetos AXIS para personas y veh\u00edculos<\/p>\n<\/li>\n<li>\n<p class=\"ds-markdown-paragraph\">Protecci\u00f3n IP66\/IP67 e IK10 para uso exterior<\/p>\n<\/li>\n<li>\n<p class=\"ds-markdown-paragraph\">Axis Edge Vault para ciberseguridad avanzada<\/p>\n<\/li>\n<li>\n<p class=\"ds-markdown-paragraph\">Compatibilidad con H.264\/H.265 con tecnolog\u00eda Axis Zipstream<\/p>\n<\/li>\n<li>\n<p class=\"ds-markdown-paragraph\">Operaci\u00f3n PoE (IEEE 802.3af\/at) para una f\u00e1cil instalaci\u00f3n<\/p>\n<\/li>\n<li>\n<p class=\"ds-markdown-paragraph\">Garant\u00eda de 5 a\u00f1os<\/p>\n<\/li>\n<\/ul>\n<p class=\"ds-markdown-paragraph\">El AXIS P1455-LE es una excelente opci\u00f3n para necesidades de videovigilancia exigentes donde la alta calidad de imagen, el an\u00e1lisis inteligente y la construcci\u00f3n robusta son esenciales para una soluci\u00f3n eficiente y segura.<\/p>\n<\/div>\n<\/div>\n<div>\n<div class=\"row headername non-etl-overview\"><\/div>\n<\/div>\n<\/div>\n<\/div>","protected":false},"excerpt":{"rendered":"<p>La AXIS P1455-LE es una c\u00e1mara bala vers\u00e1til de 2 MP con una lente fija de 9 mm.<\/p>\n<p>Con Lightfinder 2.0, WDR forense e iluminaci\u00f3n IR de hasta 40 m, garantiza una excelente calidad de imagen en todas las condiciones de iluminaci\u00f3n.<\/p>\n<p>La c\u00e1mara cuenta con an\u00e1lisis de inteligencia artificial y protecci\u00f3n IP66\/IP67 para una vigilancia exterior confiable.<\/p>","protected":false},"featured_media":160145,"template":"","meta":{"_acf_changed":false},"product_brand":[],"product_cat":[4949],"product_tag":[],"class_list":{"0":"post-160146","1":"product","2":"type-product","3":"status-publish","4":"has-post-thumbnail","6":"product_cat-axis-bulletkameror","7":"pa_brands-axis","8":"pa_farg-vit","9":"tm-no-options","11":"first","12":"onbackorder","13":"sale","14":"taxable","15":"shipping-taxable","16":"purchasable","17":"product-type-simple"},"acf":[],"_links":{"self":[{"href":"https:\/\/secureus.se\/es\/wp-json\/wp\/v2\/product\/160146","targetHints":{"allow":["GET"]}}],"collection":[{"href":"https:\/\/secureus.se\/es\/wp-json\/wp\/v2\/product"}],"about":[{"href":"https:\/\/secureus.se\/es\/wp-json\/wp\/v2\/types\/product"}],"wp:featuredmedia":[{"embeddable":true,"href":"https:\/\/secureus.se\/es\/wp-json\/wp\/v2\/media\/160145"}],"wp:attachment":[{"href":"https:\/\/secureus.se\/es\/wp-json\/wp\/v2\/media?parent=160146"}],"wp:term":[{"taxonomy":"product_brand","embeddable":true,"href":"https:\/\/secureus.se\/es\/wp-json\/wp\/v2\/product_brand?post=160146"},{"taxonomy":"product_cat","embeddable":true,"href":"https:\/\/secureus.se\/es\/wp-json\/wp\/v2\/product_cat?post=160146"},{"taxonomy":"product_tag","embeddable":true,"href":"https:\/\/secureus.se\/es\/wp-json\/wp\/v2\/product_tag?post=160146"}],"curies":[{"name":"wp","href":"https:\/\/api.w.org\/{rel}","templated":true}]}}