{"id":160164,"date":"2025-11-21T11:12:30","date_gmt":"2025-11-21T10:12:30","guid":{"rendered":"https:\/\/secureus.se\/?post_type=product&#038;p=160164"},"modified":"2026-04-23T12:59:27","modified_gmt":"2026-04-23T10:59:27","slug":"axis-30w-1-port-midspan-for-inomhusbruk-240v-ac-02172-002","status":"publish","type":"product","link":"https:\/\/secureus.se\/es\/axis-30w-1-port-midspan-for-inomhusbruk-240v-ac-02172-002\/","title":{"rendered":"Midspan AXIS de 30 W y 1 puerto para uso en interiores, 240 V CA (02172-002)"},"content":{"rendered":"<h1>Midspan AXIS de 30 W y 1 puerto para uso en interiores, 240 V CA<\/h1>\n<p class=\"ds-markdown-paragraph\">El AXIS 30 W Midspan es un inyector PoE (midspan) de 1 puerto confiable y de bajo consumo energ\u00e9tico, dise\u00f1ado para alimentar de manera eficiente un solo dispositivo de red de alta potencia.<\/p>\n<p class=\"ds-markdown-paragraph\">Ofrece una soluci\u00f3n \u00f3ptima para situaciones donde los conmutadores de red existentes carecen de funcionalidad PoE o no pueden suministrar suficiente energ\u00eda, eliminando la necesidad de invertir en un conmutador completamente nuevo o realizar costosas instalaciones el\u00e9ctricas.<\/p>\n<p class=\"ds-markdown-paragraph\"><strong>Soluci\u00f3n Power over Ethernet sencilla y rentable<\/strong><br \/>\nEl n\u00facleo de este dispositivo es su capacidad de entregar datos y energ\u00eda a trav\u00e9s de un \u00fanico cable Ethernet est\u00e1ndar (Categor\u00eda 5e o superior).<\/p>\n<p class=\"ds-markdown-paragraph\">Esta soluci\u00f3n \u201cplug-and-play\u201d simplifica enormemente la instalaci\u00f3n de equipos de red, especialmente en lugares donde el acceso a tomas de corriente el\u00e9ctricas es limitado o deficiente.<\/p>\n<p class=\"ds-markdown-paragraph\">El inyector es compatible con los est\u00e1ndares IEEE 802.3af (PoE) e IEEE 802.3at (PoE+), lo que lo convierte en un socio vers\u00e1til para una amplia gama de productos Axis, desde c\u00e1maras IP b\u00e1sicas hasta dispositivos m\u00e1s potentes como c\u00e1maras t\u00e9rmicas y radares de seguridad que requieren hasta 30 W.<\/p>\n<p class=\"ds-markdown-paragraph\"><strong>Ventajas t\u00e9cnicas y rendimiento<\/strong><br \/>\nEl midspan AXIS 30 W admite Gigabit Ethernet (10\/100\/1000 Mbps), lo que garantiza que el ancho de banda de datos no est\u00e9 limitado mientras el dispositivo suministra energ\u00eda a su equipo.<\/p>\n<p class=\"ds-markdown-paragraph\">Tiene un amplio rango de voltaje de entrada de 100 a 240 V CA, lo que lo hace adecuado para uso global.<\/p>\n<p class=\"ds-markdown-paragraph\">La potencia de salida es de 56 V CC con una potencia m\u00e1xima de 30 W. Para garantizar la eficiencia energ\u00e9tica, el midspan consume solo 100 mW cuando no hay ning\u00fan dispositivo conectado.<\/p>\n<p class=\"ds-markdown-paragraph\">Est\u00e1 equipado con un indicador LED en el panel frontal para una f\u00e1cil confirmaci\u00f3n visual del suministro de energ\u00eda y datos.<\/p>\n<p class=\"ds-markdown-paragraph\"><strong>Dise\u00f1o duradero y montaje vers\u00e1til.<\/strong><br \/>\nLa unidad est\u00e1 fabricada en un chasis de pl\u00e1stico negro duradero y no contiene PVC ni hal\u00f3genos, de acuerdo con las ambiciones medioambientales de Axis.<\/p>\n<p class=\"ds-markdown-paragraph\">Su dise\u00f1o compacto (30 x 46 x 140,1 mm) y su bajo peso (145 g) lo hacen discreto y f\u00e1cil de integrar en cualquier espacio.<\/p>\n<p class=\"ds-markdown-paragraph\">Para una instalaci\u00f3n flexible, se puede montar en la pared, colocar en un estante o fijar a un riel DIN est\u00e1ndar utilizando el accesorio que se vende por separado (clip para riel DIN AXIS T91A03).<\/p>\n<p class=\"ds-markdown-paragraph\"><strong>Condiciones de funcionamiento robustas y homologaciones<\/strong><br \/>\nEl AXIS 30 W Midspan est\u00e1 dise\u00f1ado para un funcionamiento confiable dentro de un rango de temperatura de -20 \u00b0C a 40 \u00b0C a plena carga (30 W) y hasta 55 \u00b0C a menor potencia (15 W).<\/p>\n<p class=\"ds-markdown-paragraph\">Se ha sometido a rigurosas pruebas y cumple con los est\u00e1ndares de seguridad y EMC pertinentes, incluidos UL, CE, FCC y RoHS, lo que garantiza un funcionamiento seguro y una alta calidad.<\/p>\n<p class=\"ds-markdown-paragraph\"><strong>Resumen<\/strong><br \/>\nAXIS 30 W Midspan es el complemento perfecto para su soluci\u00f3n de seguridad Axis.<\/p>\n<p class=\"ds-markdown-paragraph\">Elimina las barreras de instalaci\u00f3n al brindarle la capacidad de alimentar f\u00e1cilmente dispositivos que consumen mucha energ\u00eda donde los necesita, sin comprometer el rendimiento de la red.<\/p>\n<p class=\"ds-markdown-paragraph\">Ya sea que est\u00e9 ampliando un sistema existente o instalando nuevos equipos, este midspan ofrece una soluci\u00f3n de suministro de energ\u00eda confiable, segura y preparada para el futuro.<\/p>\n<p class=\"ds-markdown-paragraph\"><strong>Especificaciones clave:<\/strong><\/p>\n<ul>\n<li>\n<p class=\"ds-markdown-paragraph\"><strong>Tipo:<\/strong>\u00a0Inyector PoE de 1 puerto (Midspan)<\/p>\n<\/li>\n<li>\n<p class=\"ds-markdown-paragraph\"><strong>Est\u00e1ndar PoE:<\/strong>\u00a0IEEE 802.3af (PoE) e IEEE 802.3at (PoE+)<\/p>\n<\/li>\n<li>\n<p class=\"ds-markdown-paragraph\"><strong>Potencia m\u00e1xima de salida:<\/strong>\u00a030 W<\/p>\n<\/li>\n<li>\n<p class=\"ds-markdown-paragraph\"><strong>Movimiento de datos:<\/strong>\u00a010\/100\/1000 Mbps<\/p>\n<\/li>\n<li>\n<p class=\"ds-markdown-paragraph\"><strong>Voltaje de entrada:<\/strong>\u00a0100-240 V CA<\/p>\n<\/li>\n<li>\n<p class=\"ds-markdown-paragraph\"><strong>Montaje:<\/strong>\u00a0Pared, estante, carril DIN (accesorio)<\/p>\n<\/li>\n<li>\n<p class=\"ds-markdown-paragraph\"><strong>Garantizar:<\/strong>\u00a0Garant\u00eda de 3 a\u00f1os<\/p>\n<\/li>\n<\/ul>\n<div class=\"sc-bczRLJ fySwpa\">\n<div class=\"sc-bczRLJ kEeNDb\"><\/div>\n<\/div>","protected":false},"excerpt":{"rendered":"<p>AXIS 30 W Midspan es un inyector PoE (midspan) de 1 puerto compacto y eficiente que entrega hasta 30 W de potencia a un dispositivo de red a trav\u00e9s de un solo cable Ethernet.<\/p>\n<p>Es compatible con los est\u00e1ndares IEEE 802.3af (15 W) e IEEE 802.3at (30 W), lo que garantiza la compatibilidad con la mayor\u00eda de los productos de red Axis con PoE incorporado, como c\u00e1maras y radares.<\/p>","protected":false},"featured_media":160162,"template":"","meta":{"_acf_changed":false},"product_brand":[],"product_cat":[4951],"product_tag":[],"class_list":{"0":"post-160164","1":"product","2":"type-product","3":"status-publish","4":"has-post-thumbnail","6":"product_cat-axis-natverksuttag-poe","7":"pa_brands-axis","8":"tm-no-options","10":"first","11":"onbackorder","12":"sale","13":"taxable","14":"shipping-taxable","15":"purchasable","16":"product-type-simple"},"acf":[],"_links":{"self":[{"href":"https:\/\/secureus.se\/es\/wp-json\/wp\/v2\/product\/160164","targetHints":{"allow":["GET"]}}],"collection":[{"href":"https:\/\/secureus.se\/es\/wp-json\/wp\/v2\/product"}],"about":[{"href":"https:\/\/secureus.se\/es\/wp-json\/wp\/v2\/types\/product"}],"wp:featuredmedia":[{"embeddable":true,"href":"https:\/\/secureus.se\/es\/wp-json\/wp\/v2\/media\/160162"}],"wp:attachment":[{"href":"https:\/\/secureus.se\/es\/wp-json\/wp\/v2\/media?parent=160164"}],"wp:term":[{"taxonomy":"product_brand","embeddable":true,"href":"https:\/\/secureus.se\/es\/wp-json\/wp\/v2\/product_brand?post=160164"},{"taxonomy":"product_cat","embeddable":true,"href":"https:\/\/secureus.se\/es\/wp-json\/wp\/v2\/product_cat?post=160164"},{"taxonomy":"product_tag","embeddable":true,"href":"https:\/\/secureus.se\/es\/wp-json\/wp\/v2\/product_tag?post=160164"}],"curies":[{"name":"wp","href":"https:\/\/api.w.org\/{rel}","templated":true}]}}