{"id":160168,"date":"2025-11-21T11:12:31","date_gmt":"2025-11-21T10:12:31","guid":{"rendered":"https:\/\/secureus.se\/?post_type=product&#038;p=160168"},"modified":"2026-04-09T11:18:26","modified_gmt":"2026-04-09T09:18:26","slug":"axis-t8134-midspan-for-hogeffektsenheter-60w-100-240v-ac","status":"publish","type":"product","link":"https:\/\/secureus.se\/es\/axis-t8134-midspan-for-hogeffektsenheter-60w-100-240v-ac\/","title":{"rendered":"Midspan AXIS T8134 para dispositivos de alta potencia, 60 W, 100-240 V CA"},"content":{"rendered":"<h1>AXIS T8134 Midspan f\u00f6r h\u00f6geffektsenheter<\/h1>\n<p class=\"ds-markdown-paragraph\">AXIS T8134 60 W Midspan \u00e4r en specialiserad Power over Ethernet-injektor (midspan) som adresserar behovet av h\u00f6g effekt i n\u00e4tverksbaserade s\u00e4kerhetssystem.<\/p>\n<p class=\"ds-markdown-paragraph\">Den \u00e4r avsedd f\u00f6r kr\u00e4vande enheter som f\u00f6rbrukar mer \u00e4n den konventionella PoE-standarden till\u00e5ter, och erbjuder en robust och p\u00e5litlig str\u00f6mf\u00f6rs\u00f6rjningsl\u00f6sning.<\/p>\n<p class=\"ds-markdown-paragraph\"><strong>High PoE f\u00f6r extrempresterande enheter<\/strong><br \/>\nAXIS T8134 skiljer sig fr\u00e5n vanliga PoE-injektorer genom sin f\u00f6rm\u00e5ga att leverera upp till 60 W effekt.<\/p>\n<p class=\"ds-markdown-paragraph\">Denna &#8220;High PoE&#8221;-kapacitet \u00e4r absolut n\u00f6dv\u00e4ndig f\u00f6r att driva vissa av Axis mest avancerade enheter under alla f\u00f6rh\u00e5llanden.<\/p>\n<p class=\"ds-markdown-paragraph\">Ett utm\u00e4rkt exempel \u00e4r AXIS Q60-e n\u00e4tverkskameran, som kr\u00e4ver denna extra effekt f\u00f6r att fungera p\u00e5litligt i extrema kyligheter under -20 \u00b0C. Den \u00e4r \u00e4ven l\u00e4mplig f\u00f6r att str\u00f6mf\u00f6rs\u00f6rja PTZ-dome-kameror med omfattande v\u00e4rmeslingor, flera sensorer och avancerade motorer f\u00f6r panorerning, lutning och zoom.<\/p>\n<p class=\"ds-markdown-paragraph\"><strong>F\u00f6renklad installation och kraftfull prestanda<\/strong><br \/>\nPrecis som med standard-PoE eliminerar T8134 behovet av separat elkabeldragning, vilket sparar tid och installationskostnader.<\/p>\n<p class=\"ds-markdown-paragraph\">Genom att anv\u00e4nda en enda Ethernet-kabel (Kategori 5e eller h\u00f6gre) f\u00f6rse den den anslutna enheten med b\u00e5de data och str\u00f6m, utan att p\u00e5verka n\u00e4tverksprestandan.<\/p>\n<p class=\"ds-markdown-paragraph\">Den st\u00f6der full Gigabit Ethernet (10\/100\/1000 Mbps) och fungerar plug-and-play \u2013 den uppt\u00e4cker automatiskt enheten och b\u00f6rjar leverera den n\u00f6dv\u00e4ndiga effekten utan konfiguration.<\/p>\n<p class=\"ds-markdown-paragraph\"><strong>Dise\u00f1o duradero y montaje vers\u00e1til.<\/strong><br \/>\nEnheten \u00e4r byggd f\u00f6r professionellt bruk med en kompakt och robust design.<\/p>\n<p class=\"ds-markdown-paragraph\">Den kan monteras p\u00e5 v\u00e4gg, f\u00f6rvaras p\u00e5 en hylla eller f\u00e4stas p\u00e5 ett standards DIN-skena med hj\u00e4lp av det separata tillbeh\u00f6ret AXIS Midspan DIN Clip A.<\/p>\n<p class=\"ds-markdown-paragraph\">Med en ing\u00e5ngssp\u00e4nning p\u00e5 100\u2013240 V AC \u00e4r den redo f\u00f6r global anv\u00e4ndning. En LED-indikator ger omedelbar visuell \u00e5terkoppling om str\u00f6m- och datatillst\u00e5nd.<\/p>\n<p class=\"ds-markdown-paragraph\"><strong>P\u00e5litlighet under olika f\u00f6rh\u00e5llanden<\/strong><br \/>\nAXIS T8134 \u00e4r konstruerad f\u00f6r att fungera p\u00e5litligt i en rad olika milj\u00f6er.<\/p>\n<p class=\"ds-markdown-paragraph\">Den har en drifttemperatur p\u00e5 -10 \u00b0C till 45 \u00b0C vid full belastning (60 W) och kan hantera upp till 55 \u00b0C vid en l\u00e4gre belastning p\u00e5 30 W.<\/p>\n<p class=\"ds-markdown-paragraph\">Den \u00e4r PVC-free och uppfyller en rad internationella s\u00e4kerhets- och EMC-standarder s\u00e5som CE, UL och RoHS, vilket garanterar b\u00e5de s\u00e4ker drift och milj\u00f6h\u00e4nsyn.<\/p>\n<p class=\"ds-markdown-paragraph\"><strong>Resumen<\/strong><br \/>\nAXIS T8134 60 W Midspan \u00e4r den ultimata str\u00f6mf\u00f6rs\u00f6rjningsl\u00f6sningen n\u00e4r du beh\u00f6ver mer kraft.<\/p>\n<p class=\"ds-markdown-paragraph\">Oavsett om du driver kameror i arktiskt klimat, kraftfulla PTZ-enheter eller andra h\u00f6geffektsn\u00e4tverksprodukter, ger denna midspan dig m\u00f6jligheten att placera utrustningen precis d\u00e4r den beh\u00f6vs, utan begr\u00e4nsningar fr\u00e5n eln\u00e4tet. Det \u00e4r en p\u00e5litlig, s\u00e4ker och enkel l\u00f6sning f\u00f6r framtida s\u00e4kra installationer.<\/p>\n<p class=\"ds-markdown-paragraph\"><strong>Especificaciones clave:<\/strong><\/p>\n<ul>\n<li>\n<p class=\"ds-markdown-paragraph\"><strong>Tipo:<\/strong>\u00a01-port High PoE-injektor (Midspan)<\/p>\n<\/li>\n<li>\n<p class=\"ds-markdown-paragraph\"><strong>Potencia m\u00e1xima de salida:<\/strong>\u00a060 W<\/p>\n<\/li>\n<li>\n<p class=\"ds-markdown-paragraph\"><strong>Compatibilidad:<\/strong>\u00a0IEEE 802.3at (PoE+) &amp; IEEE 802.3af (PoE)<\/p>\n<\/li>\n<li>\n<p class=\"ds-markdown-paragraph\"><strong>Movimiento de datos:<\/strong>\u00a010\/100\/1000 Mbps (Gigabit)<\/p>\n<\/li>\n<li>\n<p class=\"ds-markdown-paragraph\"><strong>Voltaje de entrada:<\/strong>\u00a0100-240 V CA<\/p>\n<\/li>\n<li>\n<p class=\"ds-markdown-paragraph\"><strong>Montaje:<\/strong>\u00a0Pared, estante, carril DIN (accesorio)<\/p>\n<\/li>\n<li>\n<p class=\"ds-markdown-paragraph\"><strong>Garantizar:<\/strong>\u00a0Garant\u00eda de 3 a\u00f1os<\/p>\n<\/li>\n<\/ul>\n<div class=\"sc-bczRLJ fySwpa\">\n<div class=\"sc-bczRLJ kEeNDb\"><\/div>\n<\/div>","protected":false},"excerpt":{"rendered":"<p>El midspan AXIS T8134 de 60 W es un inyector High PoE de 1 puerto dise\u00f1ado para alimentar dispositivos de red potentes que requieren m\u00e1s energ\u00eda de la que puede proporcionar el PoE est\u00e1ndar.<\/p>\n<p>Proporciona hasta 60 W, el doble que IEEE 802.3at (PoE+), lo que lo hace ideal, por ejemplo, para c\u00e1maras de red AXIS Q60-e que funcionan a temperaturas inferiores a -20 \u00b0C o para c\u00e1maras domo PTZ avanzadas.<\/p>","protected":false},"featured_media":160167,"template":"","meta":{"_acf_changed":false},"product_brand":[],"product_cat":[4951],"product_tag":[],"class_list":{"0":"post-160168","1":"product","2":"type-product","3":"status-publish","4":"has-post-thumbnail","6":"product_cat-axis-natverksuttag-poe","7":"pa_brands-axis","8":"tm-no-options","10":"first","11":"onbackorder","12":"sale","13":"taxable","14":"shipping-taxable","15":"purchasable","16":"product-type-simple"},"acf":[],"_links":{"self":[{"href":"https:\/\/secureus.se\/es\/wp-json\/wp\/v2\/product\/160168","targetHints":{"allow":["GET"]}}],"collection":[{"href":"https:\/\/secureus.se\/es\/wp-json\/wp\/v2\/product"}],"about":[{"href":"https:\/\/secureus.se\/es\/wp-json\/wp\/v2\/types\/product"}],"wp:featuredmedia":[{"embeddable":true,"href":"https:\/\/secureus.se\/es\/wp-json\/wp\/v2\/media\/160167"}],"wp:attachment":[{"href":"https:\/\/secureus.se\/es\/wp-json\/wp\/v2\/media?parent=160168"}],"wp:term":[{"taxonomy":"product_brand","embeddable":true,"href":"https:\/\/secureus.se\/es\/wp-json\/wp\/v2\/product_brand?post=160168"},{"taxonomy":"product_cat","embeddable":true,"href":"https:\/\/secureus.se\/es\/wp-json\/wp\/v2\/product_cat?post=160168"},{"taxonomy":"product_tag","embeddable":true,"href":"https:\/\/secureus.se\/es\/wp-json\/wp\/v2\/product_tag?post=160168"}],"curies":[{"name":"wp","href":"https:\/\/api.w.org\/{rel}","templated":true}]}}