{"id":160176,"date":"2025-11-21T11:12:31","date_gmt":"2025-11-21T10:12:31","guid":{"rendered":"https:\/\/secureus.se\/?post_type=product&#038;p=160176"},"modified":"2026-04-09T11:18:21","modified_gmt":"2026-04-09T09:18:21","slug":"axis-q6075-e-60-hz-nm-dome-ptz-ip-kamera-hdtv-1080p-50-hz","status":"publish","type":"product","link":"https:\/\/secureus.se\/es\/axis-q6075-e-60-hz-nm-dome-ptz-ip-kamera-hdtv-1080p-50-hz\/","title":{"rendered":"C\u00e1mara IP domo PTZ AXIS Q6075-E NM de 60 Hz, HDTV 1080p, 50 Hz"},"content":{"rendered":"<h1>C\u00e1mara IP domo PTZ AXIS Q6075-E NM de 60 Hz, HDTV 1080p, 50 Hz<\/h1>\n<p class=\"ds-markdown-paragraph\">La c\u00e1mara de red PTZ AXIS Q6075-E es una c\u00e1mara para exteriores robusta y potente dise\u00f1ada para satisfacer las demandas de amplios escenarios de vigilancia.<\/p>\n<p class=\"ds-markdown-paragraph\">Con su impresionante zoom \u00f3ptico de 40x y resoluci\u00f3n HDTV 1080p, proporciona una amplia visi\u00f3n general y la capacidad de identificar detalles cr\u00edticos a distancia, lo que lo hace ideal para proteger \u00e1reas grandes como \u00e1reas industriales, estacionamientos, \u00e1reas portuarias y lugares p\u00fablicos.<\/p>\n<p class=\"ds-markdown-paragraph\"><strong>Rendimiento PTZ avanzado y seguimiento inteligente<\/strong><br \/>\nEl rendimiento f\u00edsico de la c\u00e1mara es excepcional, ofreciendo un movimiento panor\u00e1mico de 360\u00b0 y una inclinaci\u00f3n de 220\u00b0 r\u00e1pidos y suaves, con velocidades de zoom ajustables.<\/p>\n<p class=\"ds-markdown-paragraph\">La caracter\u00edstica m\u00e1s destacada es\u00a0<strong>Seguimiento autom\u00e1tico 2<\/strong>, que incluye la funci\u00f3n &quot;clic y seguimiento&quot;. Esto permite que el operador simplemente haga clic en un objeto en la vista en vivo para que la c\u00e1mara comience a seguir autom\u00e1ticamente su movimiento.<\/p>\n<p class=\"ds-markdown-paragraph\">Una \u201cayuda de orientaci\u00f3n\u201d proporciona una referencia visual para comprender r\u00e1pidamente la direcci\u00f3n de la c\u00e1mara en tiempo real.<\/p>\n<p class=\"ds-markdown-paragraph\"><strong>Calidad de imagen excepcional en todas las condiciones de iluminaci\u00f3n.<\/strong><br \/>\nLa AXIS Q6075-E est\u00e1 equipada con\u00a0<strong>Buscador de luz Axis 2.0<\/strong>Tecnolog\u00eda que garantiza que la c\u00e1mara produzca im\u00e1genes coloridas, n\u00edtidas y utilizables incluso en situaciones de muy poca luz.<\/p>\n<p class=\"ds-markdown-paragraph\">Tambi\u00e9n gestiona escenarios de alto contraste gracias a su amplio rango din\u00e1mico (WDR) de hasta 120 dB. La estabilizaci\u00f3n de imagen (EIS) compensa las vibraciones y el viento, lo que resulta en clips de v\u00eddeo estables.<\/p>\n<p class=\"ds-markdown-paragraph\"><strong>An\u00e1lisis integrado y ciberseguridad de vanguardia<\/strong><br \/>\nLa c\u00e1mara est\u00e1 equipada con un chipset ARTPEC-7 con una unidad de procesamiento de aprendizaje autom\u00e1tico (MLPU) para an\u00e1lisis inteligentes en el borde.<\/p>\n<p class=\"ds-markdown-paragraph\">El preinstalado\u00a0<strong>An\u00e1lisis de objetos AXIS<\/strong>\u00a0Puede detectar personas y veh\u00edculos y utilizarse en escenarios como cruce de l\u00edneas y entrada a zonas prohibidas.<\/p>\n<p class=\"ds-markdown-paragraph\">Para proteger la integridad del sistema, la c\u00e1mara tiene la plataforma de seguridad basada en hardware\u00a0<strong>B\u00f3veda del borde del eje<\/strong>\u00a0con un m\u00f3dulo TPM 2.0 que es\u00a0<strong>Certificaci\u00f3n FIPS 140-2 Nivel 2<\/strong>.<\/p>\n<p class=\"ds-markdown-paragraph\">Esto garantiza un arranque seguro, firmware firmado y protege la identidad y los datos de la c\u00e1mara.<\/p>\n<p class=\"ds-markdown-paragraph\"><strong>Construcci\u00f3n robusta para entornos exteriores extremos<\/strong><br \/>\nCon una carcasa con clasificaci\u00f3n IP66\/IP67 y clasificaci\u00f3n NEMA 4X e IK10, esta c\u00e1mara est\u00e1 dise\u00f1ada para sobrevivir y funcionar en condiciones clim\u00e1ticas extremas, como lluvia, polvo y abuso f\u00edsico.<\/p>\n<p class=\"ds-markdown-paragraph\">Tambi\u00e9n est\u00e1 dise\u00f1ado para climas \u00e1rticos con un control de temperatura \u00e1rtico que permite el arranque hasta -40 \u00b0C.<\/p>\n<p class=\"ds-markdown-paragraph\">Viene con un dedicado\u00a0<strong>Midspan SFP Axis High PoE de 60 W<\/strong>\u00a0Para garantizar un suministro de energ\u00eda confiable a largas distancias.<\/p>\n<p class=\"ds-markdown-paragraph\"><strong>Resumen<\/strong><br \/>\nAXIS Q6075-E es una opci\u00f3n premium para necesidades de vigilancia profesional en exteriores donde el largo alcance, el seguimiento inteligente y la confiabilidad absoluta son esenciales.<\/p>\n<p class=\"ds-markdown-paragraph\">Su combinaci\u00f3n de potencia \u00f3ptica, procesamiento avanzado de im\u00e1genes, an\u00e1lisis proactivo y durabilidad inmejorable lo convierten en una piedra angular de los sistemas de seguridad modernos.<\/p>\n<p class=\"ds-markdown-paragraph\"><strong>Especificaciones clave:<\/strong><\/p>\n<ul>\n<li>\n<p class=\"ds-markdown-paragraph\"><strong>Sensor:<\/strong>\u00a0CMOS de escaneo progresivo de 1\/2,8\u2033<\/p>\n<\/li>\n<li>\n<p class=\"ds-markdown-paragraph\"><strong>Objetivo:<\/strong>\u00a04,25-170 mm, F1,6-4,95, zoom \u00f3ptico de 40x<\/p>\n<\/li>\n<li>\n<p class=\"ds-markdown-paragraph\"><strong>PTZ:<\/strong>\u00a0Panor\u00e1mica de 360\u00b0, inclinaci\u00f3n de 220\u00b0, seguimiento autom\u00e1tico 2<\/p>\n<\/li>\n<li>\n<p class=\"ds-markdown-paragraph\"><strong>Tecnolog\u00eda de imagen:<\/strong>\u00a0Lightfinder 2.0, WDR (hasta 120 dB)<\/p>\n<\/li>\n<li>\n<p class=\"ds-markdown-paragraph\"><strong>An\u00e1lisis:<\/strong>\u00a0An\u00e1lisis de objetos AXIS (personas, veh\u00edculos)<\/p>\n<\/li>\n<li>\n<p class=\"ds-markdown-paragraph\"><strong>Ciberseguridad:<\/strong>\u00a0Axis Edge Vault, TPM (FIPS 140-2 Nivel 2)<\/p>\n<\/li>\n<li>\n<p class=\"ds-markdown-paragraph\"><strong>Clase de protecci\u00f3n:<\/strong>\u00a0IP66\/IP67, IK10, NEMA 4X<\/p>\n<\/li>\n<li>\n<p class=\"ds-markdown-paragraph\"><strong>Fuente de alimentaci\u00f3n:<\/strong>\u00a0Incluye midspan PoE de 60 W de alta potencia<\/p>\n<\/li>\n<li>\n<p class=\"ds-markdown-paragraph\"><strong>Garantizar:<\/strong>\u00a0Garant\u00eda de 5 a\u00f1os<\/p>\n<\/li>\n<\/ul>\n<div class=\"sc-bczRLJ fySwpa\">\n<div class=\"sc-bczRLJ kEeNDb\"><\/div>\n<\/div>","protected":false},"excerpt":{"rendered":"<p>AXIS Q6075-E es una c\u00e1mara PTZ de alto rendimiento para entornos exteriores exigentes.<\/p>\n<p>Ofrece im\u00e1genes n\u00edtidas en HDTV 1080p y un excepcional zoom \u00f3ptico de 40x que permite capturar primeros planos detallados desde lejos.<\/p>\n<p>La c\u00e1mara est\u00e1 equipada con la funci\u00f3n avanzada Autotracking 2 con \u201cclic y seguimiento\u201d, que rastrea y sigue autom\u00e1ticamente objetos en movimiento para garantizar que no se pierda ning\u00fan evento importante.<\/p>","protected":false},"featured_media":160173,"template":"","meta":{"_acf_changed":false},"product_brand":[],"product_cat":[4948,4952],"product_tag":[],"class_list":{"0":"post-160176","1":"product","2":"type-product","3":"status-publish","4":"has-post-thumbnail","6":"product_cat-axis-kamerasystem","7":"product_cat-axis-ptz-kamera","8":"pa_brands-axis","9":"tm-no-options","11":"first","12":"onbackorder","13":"sale","14":"taxable","15":"shipping-taxable","16":"purchasable","17":"product-type-simple"},"acf":[],"_links":{"self":[{"href":"https:\/\/secureus.se\/es\/wp-json\/wp\/v2\/product\/160176","targetHints":{"allow":["GET"]}}],"collection":[{"href":"https:\/\/secureus.se\/es\/wp-json\/wp\/v2\/product"}],"about":[{"href":"https:\/\/secureus.se\/es\/wp-json\/wp\/v2\/types\/product"}],"wp:featuredmedia":[{"embeddable":true,"href":"https:\/\/secureus.se\/es\/wp-json\/wp\/v2\/media\/160173"}],"wp:attachment":[{"href":"https:\/\/secureus.se\/es\/wp-json\/wp\/v2\/media?parent=160176"}],"wp:term":[{"taxonomy":"product_brand","embeddable":true,"href":"https:\/\/secureus.se\/es\/wp-json\/wp\/v2\/product_brand?post=160176"},{"taxonomy":"product_cat","embeddable":true,"href":"https:\/\/secureus.se\/es\/wp-json\/wp\/v2\/product_cat?post=160176"},{"taxonomy":"product_tag","embeddable":true,"href":"https:\/\/secureus.se\/es\/wp-json\/wp\/v2\/product_tag?post=160176"}],"curies":[{"name":"wp","href":"https:\/\/api.w.org\/{rel}","templated":true}]}}