{"id":160189,"date":"2025-11-21T11:12:31","date_gmt":"2025-11-21T10:12:31","guid":{"rendered":"https:\/\/secureus.se\/?post_type=product&#038;p=160189"},"modified":"2026-04-09T11:18:13","modified_gmt":"2026-04-09T09:18:13","slug":"axis-a9210-relamodul-for-i-o-i-natverk","status":"publish","type":"product","link":"https:\/\/secureus.se\/es\/axis-a9210-relamodul-for-i-o-i-natverk\/","title":{"rendered":"M\u00f3dulo de rel\u00e9 de E\/S de red AXIS A9210"},"content":{"rendered":"<h1>M\u00f3dulo de rel\u00e9 de E\/S de red AXIS A9210<\/h1>\n<p class=\"ds-markdown-paragraph\">El m\u00f3dulo de rel\u00e9 de E\/S de red AXIS A9210 es un dispositivo de interfaz sofisticado dise\u00f1ado para ampliar las capacidades de los sistemas de seguridad y gesti\u00f3n de edificios.<\/p>\n<p class=\"ds-markdown-paragraph\">Al proporcionar m\u00faltiples conexiones de entrada\/salida en un \u00fanico dispositivo de red, permite una monitorizaci\u00f3n y un control exhaustivos de diversos dispositivos y sistemas perif\u00e9ricos.<\/p>\n<p class=\"ds-markdown-paragraph\"><strong>Configuraci\u00f3n integral de E\/S<\/strong><br \/>\nEl A9210 ofrece un total de 10 puertos de E\/S con opciones de configuraci\u00f3n flexibles:<\/p>\n<ul>\n<li>\n<p class=\"ds-markdown-paragraph\">2 entradas\/salidas configurables que pueden configurarse como entradas o salidas.<\/p>\n<\/li>\n<li>\n<p class=\"ds-markdown-paragraph\">5 entradas digitales dedicadas con capacidad de supervisi\u00f3n (0-12 V CC, 4 estados)<\/p>\n<\/li>\n<li>\n<p class=\"ds-markdown-paragraph\">3 salidas digitales (drenador abierto, m\u00e1x. 30 V CC, 100 mA cada una)<\/p>\n<\/li>\n<li>\n<p class=\"ds-markdown-paragraph\">1 contacto de rel\u00e9 tipo C (NA\/NC) con capacidad nominal de 2 A a 30 V CC.<\/p>\n<\/li>\n<\/ul>\n<p class=\"ds-markdown-paragraph\">Las entradas supervisadas incorporan resistencias de final de l\u00ednea programables (1K, 2,2K, 4,7K y 10K), lo que proporciona una monitorizaci\u00f3n de seguridad mejorada al detectar manipulaciones o cortes de cable.<\/p>\n<p class=\"ds-markdown-paragraph\">El m\u00f3dulo tambi\u00e9n incluye una salida de alimentaci\u00f3n de 12 V CC (50 mA) para alimentar los dispositivos conectados.<\/p>\n<p class=\"ds-markdown-paragraph\"><strong>Expansi\u00f3n del sistema escalable<\/strong><br \/>\nUna ventaja clave del A9210 es su capacidad multipunto, que permite la conexi\u00f3n de hasta 16 m\u00f3dulos de expansi\u00f3n a trav\u00e9s de una \u00fanica conexi\u00f3n IP.<\/p>\n<p class=\"ds-markdown-paragraph\">Esta escalabilidad permite admitir hasta 128 E\/S y 64 rel\u00e9s, lo que la hace ideal para instalaciones a gran escala sin necesidad de infraestructura de red adicional.<\/p>\n<p class=\"ds-markdown-paragraph\"><strong>Conectividad e integraci\u00f3n robustas<\/strong><br \/>\nEl m\u00f3dulo incluye un puerto RS485 con soporte para Modbus, lo que facilita la integraci\u00f3n con sistemas de control industrial y automatizaci\u00f3n de edificios.<\/p>\n<p class=\"ds-markdown-paragraph\">Es compatible con protocolos de red est\u00e1ndar como IPv4\/IPv6, HTTP\/HTTPS y SNMP, lo que garantiza la compatibilidad con la mayor\u00eda de los sistemas de seguridad y gesti\u00f3n.<\/p>\n<p class=\"ds-markdown-paragraph\">Basada en las plataformas abiertas de Axis, la A9210 es compatible con la API VAPIX y la plataforma de aplicaciones de c\u00e1mara AXIS (ACAP), lo que permite el desarrollo de aplicaciones personalizadas y una integraci\u00f3n perfecta con los sistemas de gesti\u00f3n de v\u00eddeo de Axis y soluciones de terceros.<\/p>\n<p class=\"ds-markdown-paragraph\"><strong>Funciones de seguridad mejoradas<\/strong><br \/>\nLa seguridad se refuerza mediante Axis Edge Vault, una plataforma de ciberseguridad basada en hardware que proporciona:<\/p>\n<ul>\n<li>\n<p class=\"ds-markdown-paragraph\">Arranque seguro y verificaci\u00f3n de firmware firmado<\/p>\n<\/li>\n<li>\n<p class=\"ds-markdown-paragraph\">Almac\u00e9n de claves seguro para operaciones criptogr\u00e1ficas<\/p>\n<\/li>\n<li>\n<p class=\"ds-markdown-paragraph\">M\u00f3dulo de seguridad de hardware con certificaci\u00f3n FIPS 140-2<\/p>\n<\/li>\n<li>\n<p class=\"ds-markdown-paragraph\">Sistema de archivos cifrado (AES-XTS-Plain64 de 256 bits)<\/p>\n<\/li>\n<\/ul>\n<p class=\"ds-markdown-paragraph\">Estas caracter\u00edsticas garantizan la integridad del dispositivo y lo protegen contra el acceso no autorizado durante todo su ciclo de vida.<\/p>\n<p class=\"ds-markdown-paragraph\"><strong>Construcci\u00f3n duradera e instalaci\u00f3n flexible<\/strong><br \/>\nEl A9210, alojado en una robusta carcasa de acero, est\u00e1 dise\u00f1ado para entornos exigentes con un rango de temperatura de funcionamiento de -40 \u00b0C a 55 \u00b0C (-40 \u00b0F a 131 \u00b0F).<\/p>\n<p class=\"ds-markdown-paragraph\">Admite m\u00faltiples opciones de montaje, incluyendo montaje en pared e instalaci\u00f3n en riel DIN, con bloques de terminales desmontables y codificados por colores para simplificar el cableado.<\/p>\n<p class=\"ds-markdown-paragraph\">El m\u00f3dulo puede alimentarse mediante Power over Ethernet (PoE+ IEEE 802.3at) o mediante una entrada de 12 V CC, lo que proporciona flexibilidad en los lugares de instalaci\u00f3n.<\/p>\n<p class=\"ds-markdown-paragraph\">La salida del rel\u00e9 admite contactos tanto h\u00famedos como secos, lo que permite su uso en diversas aplicaciones de control.<\/p>\n<p class=\"ds-markdown-paragraph\"><strong>Versatilidad de la aplicaci\u00f3n<\/strong><br \/>\nEl AXIS A9210 es adecuado para numerosas aplicaciones, entre las que se incluyen:<\/p>\n<ul>\n<li>\n<p class=\"ds-markdown-paragraph\">Integraci\u00f3n del sistema de control de acceso<\/p>\n<\/li>\n<li>\n<p class=\"ds-markdown-paragraph\">Monitoreo ambiental (temperatura, humedad, detecci\u00f3n de agua)<\/p>\n<\/li>\n<li>\n<p class=\"ds-markdown-paragraph\">Ampliaci\u00f3n del sistema de alarma<\/p>\n<\/li>\n<li>\n<p class=\"ds-markdown-paragraph\">Automatizaci\u00f3n industrial<\/p>\n<\/li>\n<li>\n<p class=\"ds-markdown-paragraph\">Sistemas de gesti\u00f3n de edificios<\/p>\n<\/li>\n<li>\n<p class=\"ds-markdown-paragraph\">Mejoras en la protecci\u00f3n perimetral<\/p>\n<\/li>\n<\/ul>\n<p class=\"ds-markdown-paragraph\"><strong>Resumen<\/strong><br \/>\nEl m\u00f3dulo de rel\u00e9 de E\/S de red AXIS A9210 proporciona una soluci\u00f3n segura, escalable y vers\u00e1til para ampliar las capacidades del sistema m\u00e1s all\u00e1 de la videovigilancia.<\/p>\n<p class=\"ds-markdown-paragraph\">Su completa configuraci\u00f3n de E\/S, sus robustas funciones de seguridad y sus opciones de integraci\u00f3n flexibles lo convierten en un componente esencial para los sistemas modernos de seguridad y automatizaci\u00f3n, ya que permite la monitorizaci\u00f3n y el control centralizados de diversos dispositivos y sensores a trav\u00e9s de una \u00fanica conexi\u00f3n de red.<\/p>\n<p class=\"ds-markdown-paragraph\"><strong>Especificaciones clave:<\/strong><\/p>\n<ul>\n<li>\n<p class=\"ds-markdown-paragraph\">Puertos de E\/S: 10 en total (2 E\/S configurables, 5 entradas, 3 salidas)<\/p>\n<\/li>\n<li>\n<p class=\"ds-markdown-paragraph\">Rel\u00e9: 1 contacto tipo C (2A, 30V CC)<\/p>\n<\/li>\n<li>\n<p class=\"ds-markdown-paragraph\">Expansi\u00f3n: Admite hasta 128 E\/S y 64 rel\u00e9s.<\/p>\n<\/li>\n<li>\n<p class=\"ds-markdown-paragraph\">Conectividad: Ethernet, RS485 (Modbus)<\/p>\n<\/li>\n<li>\n<p class=\"ds-markdown-paragraph\">Alimentaci\u00f3n: PoE+ (IEEE 802.3at) o 12 V CC.<\/p>\n<\/li>\n<li>\n<p class=\"ds-markdown-paragraph\">Seguridad: Axis Edge Vault con arranque seguro<\/p>\n<\/li>\n<li>\n<p class=\"ds-markdown-paragraph\">Temperatura de funcionamiento: -40 \u00b0C a 55 \u00b0C<\/p>\n<\/li>\n<li>\n<p class=\"ds-markdown-paragraph\">Montaje: Pared o riel DIN<\/p>\n<\/li>\n<li>\n<p class=\"ds-markdown-paragraph\">Garant\u00eda: 5 a\u00f1os de garant\u00eda<\/p>\n<\/li>\n<\/ul>\n<div class=\"sc-bczRLJ fySwpa\">\n<div class=\"sc-bczRLJ kEeNDb\"><\/div>\n<\/div>","protected":false},"excerpt":{"rendered":"<p>El m\u00f3dulo de rel\u00e9 de E\/S de red AXIS A9210 ampl\u00eda la funcionalidad de los sistemas de seguridad al proporcionar 10 puertos de E\/S configurables que incluyen 5 entradas supervisadas, 3 salidas y 1 salida de rel\u00e9 de formato C.<\/p>\n<p>Este dispositivo vers\u00e1til permite la integraci\u00f3n con varios sensores, alarmas y sistemas de control, permitiendo el monitoreo de sensores ambientales, botones de alarma y otros dispositivos de seguridad.<\/p>","protected":false},"featured_media":160186,"template":"","meta":{"_acf_changed":false},"product_brand":[],"product_cat":[4956],"product_tag":[],"class_list":{"0":"post-160189","1":"product","2":"type-product","3":"status-publish","4":"has-post-thumbnail","6":"product_cat-ovrigt-fran-axis","7":"pa_brands-axis","8":"pa_farg-vit","9":"tm-no-options","11":"first","12":"instock","13":"sale","14":"taxable","15":"shipping-taxable","16":"purchasable","17":"product-type-simple"},"acf":[],"_links":{"self":[{"href":"https:\/\/secureus.se\/es\/wp-json\/wp\/v2\/product\/160189","targetHints":{"allow":["GET"]}}],"collection":[{"href":"https:\/\/secureus.se\/es\/wp-json\/wp\/v2\/product"}],"about":[{"href":"https:\/\/secureus.se\/es\/wp-json\/wp\/v2\/types\/product"}],"wp:featuredmedia":[{"embeddable":true,"href":"https:\/\/secureus.se\/es\/wp-json\/wp\/v2\/media\/160186"}],"wp:attachment":[{"href":"https:\/\/secureus.se\/es\/wp-json\/wp\/v2\/media?parent=160189"}],"wp:term":[{"taxonomy":"product_brand","embeddable":true,"href":"https:\/\/secureus.se\/es\/wp-json\/wp\/v2\/product_brand?post=160189"},{"taxonomy":"product_cat","embeddable":true,"href":"https:\/\/secureus.se\/es\/wp-json\/wp\/v2\/product_cat?post=160189"},{"taxonomy":"product_tag","embeddable":true,"href":"https:\/\/secureus.se\/es\/wp-json\/wp\/v2\/product_tag?post=160189"}],"curies":[{"name":"wp","href":"https:\/\/api.w.org\/{rel}","templated":true}]}}