{"id":160300,"date":"2025-11-21T10:58:58","date_gmt":"2025-11-21T09:58:58","guid":{"rendered":"https:\/\/secureus.se\/ateco-vd-6295-60-kapslad-varmedetektor-varmedetektor-60-grader\/"},"modified":"2026-04-23T13:11:48","modified_gmt":"2026-04-23T11:11:48","slug":"ateco-vd-6295-60-kapslad-varmedetektor-varmedetektor-60-grader","status":"publish","type":"product","link":"https:\/\/secureus.se\/es\/ateco-vd-6295-60-kapslad-varmedetektor-varmedetektor-60-grader\/","title":{"rendered":"Detector de calor cerrado Ateco VD-6295-60, Detector de calor 60 grados"},"content":{"rendered":"<div class=\"headernamehrnone\">El Panasonic 6295 es un detector de calor m\u00e1ximo convencional encapsulado (IP67). El sensor de calor del detector es bimet\u00e1lico. Los detectores est\u00e1n equipados con indicador LED (no en el detector de 120\u00b0) y una salida para indicaci\u00f3n adicional. Se suministran con 3 prensaestopas. Los detectores de la serie 629X son independientes de la polaridad. El detector cuenta con clasificaci\u00f3n ATEX. Se suministra con 3 reductores para prensaestopas para diferentes grosores de cable de 3 a 10 mm. La rosca del soporte de tornillo es PF \u00bd\u201d. La polaridad de la salida E siempre se ajusta a la marca, independientemente de c\u00f3mo se conecten A y B. Los detectores est\u00e1n certificados seg\u00fan CPD y DoP.<\/div>\n<div><\/div>\n<div class=\"row headername\">\n<div class=\"item-header rd-hyg-item-header\"><strong>Caracter\u00edsticas principales<\/strong><\/div>\n<div class=\"row\">\n<ul>\n<li>Detector de calor m\u00e1ximo convencional encapsulado (IP67)<\/li>\n<li>Sensor de calor de tipo bimet\u00e1lico para una detecci\u00f3n confiable<\/li>\n<li>Equipado con indicaci\u00f3n LED (excepto detector de 120\u00b0)<\/li>\n<li>Incluye 3 prensaestopas para una f\u00e1cil instalaci\u00f3n.<\/li>\n<li>Polaridad independiente para cableado flexible<\/li>\n<li>Clasificaci\u00f3n ATEX para seguridad en entornos peligrosos<\/li>\n<li>Certificado seg\u00fan los est\u00e1ndares CPD y DoP<\/li>\n<\/ul>\n<\/div>\n<\/div>","protected":false},"excerpt":{"rendered":"<ul class=\"UnorderedListStyle--1koui9a ksyVRL mainfeatureslist\">\n<li class=\"ListItemStyle--1yqofwy kEFzCE\">Detector de calor m\u00e1ximo convencional encapsulado (IP67)<\/li>\n<li class=\"ListItemStyle--1yqofwy kEFzCE\">Sensor de calor de tipo bimet\u00e1lico para una detecci\u00f3n confiable<\/li>\n<li class=\"ListItemStyle--1yqofwy kEFzCE\">Equipado con indicaci\u00f3n LED (excepto detector de 120\u00b0)<\/li>\n<\/ul>","protected":false},"featured_media":160299,"template":"","meta":{"_acf_changed":false},"product_brand":[],"product_cat":[4157],"product_tag":[],"class_list":{"0":"post-160300","1":"product","2":"type-product","3":"status-publish","4":"has-post-thumbnail","6":"product_cat-varmedetektor","7":"pa_brands-ateco","8":"pa_farg-vit","9":"tm-no-options","11":"first","12":"instock","13":"taxable","14":"shipping-taxable","15":"purchasable","16":"product-type-simple"},"acf":[],"_links":{"self":[{"href":"https:\/\/secureus.se\/es\/wp-json\/wp\/v2\/product\/160300","targetHints":{"allow":["GET"]}}],"collection":[{"href":"https:\/\/secureus.se\/es\/wp-json\/wp\/v2\/product"}],"about":[{"href":"https:\/\/secureus.se\/es\/wp-json\/wp\/v2\/types\/product"}],"wp:featuredmedia":[{"embeddable":true,"href":"https:\/\/secureus.se\/es\/wp-json\/wp\/v2\/media\/160299"}],"wp:attachment":[{"href":"https:\/\/secureus.se\/es\/wp-json\/wp\/v2\/media?parent=160300"}],"wp:term":[{"taxonomy":"product_brand","embeddable":true,"href":"https:\/\/secureus.se\/es\/wp-json\/wp\/v2\/product_brand?post=160300"},{"taxonomy":"product_cat","embeddable":true,"href":"https:\/\/secureus.se\/es\/wp-json\/wp\/v2\/product_cat?post=160300"},{"taxonomy":"product_tag","embeddable":true,"href":"https:\/\/secureus.se\/es\/wp-json\/wp\/v2\/product_tag?post=160300"}],"curies":[{"name":"wp","href":"https:\/\/api.w.org\/{rel}","templated":true}]}}