{"id":160302,"date":"2025-11-21T11:15:46","date_gmt":"2025-11-21T10:15:46","guid":{"rendered":"https:\/\/secureus.se\/ateco-vd-6297-100-kapslad-varmedetektor-varmedetektor-100-grader\/"},"modified":"2026-04-09T11:18:06","modified_gmt":"2026-04-09T09:18:06","slug":"ateco-vd-6297-100-kapslad-varmedetektor-varmedetektor-100-grader","status":"publish","type":"product","link":"https:\/\/secureus.se\/es\/ateco-vd-6297-100-kapslad-varmedetektor-varmedetektor-100-grader\/","title":{"rendered":"Detector de calor cerrado Ateco VD-6297-100, Detector de calor 100 grados"},"content":{"rendered":"<div class=\"headernamehrnone\">El 6297 es un detector de calor m\u00e1ximo convencional cerrado (IP67). El sensor de calor del detector es de tipo bimet\u00e1lico. Los detectores est\u00e1n equipados con indicador LED (excepto el detector de 120\u00b0) y salida para indicaci\u00f3n adicional. Se suministran con 3 prensaestopas. Los detectores de la serie 629X son independientes de la polaridad. Se suministran con 3 reductores para prensaestopas para diferentes grosores de cable (3-10 mm). La rosca de la conexi\u00f3n es PF \u00bd&quot;. La polaridad de la salida E siempre coincide con la marcada, independientemente de la polaridad de las conexiones A y B. Los detectores est\u00e1n certificados seg\u00fan las normas CPD y DoP.<\/div>\n<div><\/div>\n<div class=\"row headername\">\n<div class=\"item-header rd-hyg-item-header\"><strong>Caracter\u00edsticas principales<\/strong><\/div>\n<div class=\"row\">\n<ul>\n<li>Detector de calor encapsulado con umbral de 100 grados<\/li>\n<li>Sensor de calor de tipo bimet\u00e1lico para una detecci\u00f3n confiable<\/li>\n<li>Clasificaci\u00f3n IP67 para resistencia al polvo y al agua.<\/li>\n<li>Equipado con indicador LED y alimentaci\u00f3n adicional.<\/li>\n<li>Contiene 3 prensaestopas y 3 reductores para diferentes tama\u00f1os de cable.<\/li>\n<li>Polaridad independiente para una f\u00e1cil instalaci\u00f3n<\/li>\n<li>Certificado seg\u00fan los est\u00e1ndares CPD y DoP<\/li>\n<\/ul>\n<\/div>\n<\/div>","protected":false},"excerpt":{"rendered":"<ul class=\"UnorderedListStyle--1koui9a ksyVRL mainfeatureslist\">\n<li class=\"ListItemStyle--1yqofwy kEFzCE\">Detector de calor encapsulado con umbral de 100 grados<\/li>\n<li class=\"ListItemStyle--1yqofwy kEFzCE\">Sensor de calor de tipo bimet\u00e1lico para una detecci\u00f3n confiable<\/li>\n<li class=\"ListItemStyle--1yqofwy kEFzCE\">Clasificaci\u00f3n IP67 para resistencia al polvo y al agua.<\/li>\n<\/ul>","protected":false},"featured_media":160301,"template":"","meta":{"_acf_changed":false},"product_brand":[],"product_cat":[4157],"product_tag":[],"class_list":{"0":"post-160302","1":"product","2":"type-product","3":"status-publish","4":"has-post-thumbnail","6":"product_cat-varmedetektor","7":"pa_brands-ateco","8":"pa_farg-vit","9":"tm-no-options","11":"first","12":"onbackorder","13":"taxable","14":"shipping-taxable","15":"purchasable","16":"product-type-simple"},"acf":[],"_links":{"self":[{"href":"https:\/\/secureus.se\/es\/wp-json\/wp\/v2\/product\/160302","targetHints":{"allow":["GET"]}}],"collection":[{"href":"https:\/\/secureus.se\/es\/wp-json\/wp\/v2\/product"}],"about":[{"href":"https:\/\/secureus.se\/es\/wp-json\/wp\/v2\/types\/product"}],"wp:featuredmedia":[{"embeddable":true,"href":"https:\/\/secureus.se\/es\/wp-json\/wp\/v2\/media\/160301"}],"wp:attachment":[{"href":"https:\/\/secureus.se\/es\/wp-json\/wp\/v2\/media?parent=160302"}],"wp:term":[{"taxonomy":"product_brand","embeddable":true,"href":"https:\/\/secureus.se\/es\/wp-json\/wp\/v2\/product_brand?post=160302"},{"taxonomy":"product_cat","embeddable":true,"href":"https:\/\/secureus.se\/es\/wp-json\/wp\/v2\/product_cat?post=160302"},{"taxonomy":"product_tag","embeddable":true,"href":"https:\/\/secureus.se\/es\/wp-json\/wp\/v2\/product_tag?post=160302"}],"curies":[{"name":"wp","href":"https:\/\/api.w.org\/{rel}","templated":true}]}}