{"id":160378,"date":"2025-11-24T15:14:31","date_gmt":"2025-11-24T14:14:31","guid":{"rendered":"https:\/\/secureus.se\/metallkapsling-till-easyline-4g\/"},"modified":"2026-03-27T15:07:07","modified_gmt":"2026-03-27T14:07:07","slug":"metallkapsling-till-easyline-4g","status":"publish","type":"product","link":"https:\/\/secureus.se\/es\/metallkapsling-till-easyline-4g\/","title":{"rendered":"Carcasa met\u00e1lica para EasyLine 4G"},"content":{"rendered":"<h1>Carcasa met\u00e1lica para transmisor EasyLine 4G<\/h1>\n<p class=\"ds-markdown-paragraph\">Orificios pretaladrados para un correcto montaje del m\u00f3dulo EasyLine 4G.<\/p>\n<p class=\"ds-markdown-paragraph\">Los m\u00f3dulos GSM\/GPRS se pueden montar f\u00e1cilmente en la caja de metal, que est\u00e1 equipada con un interruptor antimanipulaci\u00f3n y un espaciador de pl\u00e1stico.<\/p>\n<p class=\"ds-markdown-paragraph\"><strong>Descripci\u00f3n:<\/strong><br \/>\nInterruptor de manipulaci\u00f3n incorporado<br \/>\nEl m\u00f3dulo contiene soportes de fijaci\u00f3n.<br \/>\nLa puerta met\u00e1lica se puede quitar con un movimiento de mano.<br \/>\nInterruptor de manipulaci\u00f3n incorporado.<br \/>\nHay orificios preparados disponibles para transmisores Easyline 4G.<br \/>\nLa puerta de metal se puede quitar f\u00e1cilmente.<\/p>\n<p>Dimensiones: 125 mm (ancho) x 155 mm (alto) x 52 mm (profundidad) + 8 mm (distancia)<\/p>","protected":false},"excerpt":{"rendered":"<p>Esta resistente caja met\u00e1lica est\u00e1 especialmente dise\u00f1ada para alojar y proteger de forma segura su transmisor Easyline 4G.<\/p>\n<p>&nbsp;<\/p>","protected":false},"featured_media":160373,"template":"","meta":{"_acf_changed":false},"product_brand":[],"product_cat":[3323,1551],"product_tag":[],"class_list":{"0":"post-160378","1":"product","2":"type-product","3":"status-publish","4":"has-post-thumbnail","6":"product_cat-kapsling","7":"product_cat-larmoverforing","8":"pa_brands-asc","9":"tm-no-options","11":"first","12":"instock","13":"sale","14":"taxable","15":"shipping-taxable","16":"purchasable","17":"product-type-simple"},"acf":[],"_links":{"self":[{"href":"https:\/\/secureus.se\/es\/wp-json\/wp\/v2\/product\/160378","targetHints":{"allow":["GET"]}}],"collection":[{"href":"https:\/\/secureus.se\/es\/wp-json\/wp\/v2\/product"}],"about":[{"href":"https:\/\/secureus.se\/es\/wp-json\/wp\/v2\/types\/product"}],"wp:featuredmedia":[{"embeddable":true,"href":"https:\/\/secureus.se\/es\/wp-json\/wp\/v2\/media\/160373"}],"wp:attachment":[{"href":"https:\/\/secureus.se\/es\/wp-json\/wp\/v2\/media?parent=160378"}],"wp:term":[{"taxonomy":"product_brand","embeddable":true,"href":"https:\/\/secureus.se\/es\/wp-json\/wp\/v2\/product_brand?post=160378"},{"taxonomy":"product_cat","embeddable":true,"href":"https:\/\/secureus.se\/es\/wp-json\/wp\/v2\/product_cat?post=160378"},{"taxonomy":"product_tag","embeddable":true,"href":"https:\/\/secureus.se\/es\/wp-json\/wp\/v2\/product_tag?post=160378"}],"curies":[{"name":"wp","href":"https:\/\/api.w.org\/{rel}","templated":true}]}}