{"id":160691,"date":"2025-12-05T12:36:20","date_gmt":"2025-12-05T11:36:20","guid":{"rendered":"https:\/\/secureus.se\/?post_type=product&#038;p=160691"},"modified":"2026-02-09T16:19:16","modified_gmt":"2026-02-09T15:19:16","slug":"pro-battery-750mah-li-polymer-batteri-for-asc-pro-produktfamiljen","status":"publish","type":"product","link":"https:\/\/secureus.se\/es\/pro-battery-750mah-li-polymer-batteri-for-asc-pro-produktfamiljen\/","title":{"rendered":"Bater\u00eda PRO - Bater\u00eda de pol\u00edmero de litio de 750 mAh para la familia de productos ASC PRO"},"content":{"rendered":"<p><strong>Bater\u00eda de pol\u00edmero de litio de 750 mAh<\/strong><br \/>\nPermite indicar cortes de energ\u00eda (mediante SMS, llamada de voz o Contact ID). Adem\u00e1s, garantiza el funcionamiento continuo del dispositivo.<\/p>\n<table>\n<tbody>\n<tr>\n<td><strong>Propiedad<\/strong><\/td>\n<td><strong>Valor<\/strong><\/td>\n<\/tr>\n<tr>\n<td>Bater\u00eda de pol\u00edmero de litio de 3,7 V y 750 mAh<\/td>\n<td><\/td>\n<\/tr>\n<tr>\n<td>El m\u00f3dulo GSM gestiona la carga de la bater\u00eda.<\/td>\n<td><\/td>\n<\/tr>\n<tr>\n<td>La bater\u00eda tiene un conector especial para una f\u00e1cil conexi\u00f3n al comunicador.<\/td>\n<td><\/td>\n<\/tr>\n<tr>\n<td>Temperatura de trabajo<\/td>\n<td>-20\u00b0C a +50\u00b0C<\/td>\n<\/tr>\n<\/tbody>\n<\/table>","protected":false},"excerpt":{"rendered":"<ul>\n<li>Permite el funcionamiento ininterrumpido del m\u00f3dulo.<\/li>\n<li>En caso de corte de corriente, el m\u00f3dulo env\u00eda una notificaci\u00f3n.<\/li>\n<\/ul>","protected":false},"featured_media":160689,"template":"","meta":{"_acf_changed":false},"product_brand":[],"product_cat":[1551],"product_tag":[],"class_list":{"0":"post-160691","1":"product","2":"type-product","3":"status-publish","4":"has-post-thumbnail","6":"product_cat-larmoverforing","7":"pa_brands-asc","8":"tm-no-options","10":"first","11":"instock","12":"taxable","13":"shipping-taxable","14":"purchasable","15":"product-type-simple"},"acf":[],"_links":{"self":[{"href":"https:\/\/secureus.se\/es\/wp-json\/wp\/v2\/product\/160691","targetHints":{"allow":["GET"]}}],"collection":[{"href":"https:\/\/secureus.se\/es\/wp-json\/wp\/v2\/product"}],"about":[{"href":"https:\/\/secureus.se\/es\/wp-json\/wp\/v2\/types\/product"}],"wp:featuredmedia":[{"embeddable":true,"href":"https:\/\/secureus.se\/es\/wp-json\/wp\/v2\/media\/160689"}],"wp:attachment":[{"href":"https:\/\/secureus.se\/es\/wp-json\/wp\/v2\/media?parent=160691"}],"wp:term":[{"taxonomy":"product_brand","embeddable":true,"href":"https:\/\/secureus.se\/es\/wp-json\/wp\/v2\/product_brand?post=160691"},{"taxonomy":"product_cat","embeddable":true,"href":"https:\/\/secureus.se\/es\/wp-json\/wp\/v2\/product_cat?post=160691"},{"taxonomy":"product_tag","embeddable":true,"href":"https:\/\/secureus.se\/es\/wp-json\/wp\/v2\/product_tag?post=160691"}],"curies":[{"name":"wp","href":"https:\/\/api.w.org\/{rel}","templated":true}]}}