{"id":160694,"date":"2025-12-05T12:30:05","date_gmt":"2025-12-05T11:30:05","guid":{"rendered":"https:\/\/secureus.se\/?post_type=product&#038;p=160694"},"modified":"2026-03-13T10:54:10","modified_gmt":"2026-03-13T09:54:10","slug":"usb-eco-usb-programmerare-for-asc-larmsandare","status":"publish","type":"product","link":"https:\/\/secureus.se\/es\/usb-eco-usb-programmerare-for-asc-larmsandare\/","title":{"rendered":"USB Eco - Programador USB para transmisores de alarma ASC"},"content":{"rendered":"<p data-start=\"91\" data-end=\"282\">Dise\u00f1o simple y compacto.<br data-start=\"134\" data-end=\"137\" \/>Cable y CD de instalaci\u00f3n no incluidos.<br data-start=\"175\" data-end=\"178\" \/>El controlador USB se puede descargar desde nuestro sitio web.<br data-start=\"226\" data-end=\"229\" \/>Proporciona energ\u00eda y permite la programaci\u00f3n del m\u00f3dulo GSM.<\/p>\n<p data-start=\"284\" data-end=\"423\"><strong data-start=\"284\" data-end=\"328\">Compatible con el software ProRead para:<\/strong><br data-start=\"328\" data-end=\"331\" \/>\u2013 EasyCon GSM<br data-start=\"344\" data-end=\"347\" \/>\u2013 ProCon GSM \/ Nube \/ 4G<br data-start=\"372\" data-end=\"375\" \/>\u2013 ProLine GSM<br data-start=\"388\" data-end=\"391\" \/>\u2013 Intercomunicador GSM<br data-start=\"405\" data-end=\"408\" \/>\u2013 M\u00f3dulo Exp 8IO<\/p>\n<p data-start=\"425\" data-end=\"502\" data-is-last-node=\"\" data-is-only-node=\"\"><strong data-start=\"425\" data-end=\"446\">\u00c1rea de aplicaci\u00f3n<\/strong><br data-start=\"446\" data-end=\"449\" \/>Se utiliza para la programaci\u00f3n completa de m\u00f3dulos GSM.<\/p>","protected":false},"excerpt":{"rendered":"<ul>\n<li>Dise\u00f1o sencillo y compacto. Con\u00e9ctelo directamente a su transmisor de alarma.<\/li>\n<li>Cable y CD de instalaci\u00f3n no incluidos.<\/li>\n<li>El controlador USB puede descargarse de la p\u00e1gina web del proveedor.<\/li>\n<li>Proporciona alimentaci\u00f3n y permite la programaci\u00f3n del m\u00f3dulo ASC GSM.<\/li>\n<\/ul>","protected":false},"featured_media":160692,"template":"","meta":{"_acf_changed":false},"product_brand":[],"product_cat":[1551],"product_tag":[],"class_list":{"0":"post-160694","1":"product","2":"type-product","3":"status-publish","4":"has-post-thumbnail","6":"product_cat-larmoverforing","7":"pa_brands-asc","8":"tm-no-options","10":"first","11":"instock","12":"taxable","13":"shipping-taxable","14":"purchasable","15":"product-type-simple"},"acf":[],"_links":{"self":[{"href":"https:\/\/secureus.se\/es\/wp-json\/wp\/v2\/product\/160694","targetHints":{"allow":["GET"]}}],"collection":[{"href":"https:\/\/secureus.se\/es\/wp-json\/wp\/v2\/product"}],"about":[{"href":"https:\/\/secureus.se\/es\/wp-json\/wp\/v2\/types\/product"}],"wp:featuredmedia":[{"embeddable":true,"href":"https:\/\/secureus.se\/es\/wp-json\/wp\/v2\/media\/160692"}],"wp:attachment":[{"href":"https:\/\/secureus.se\/es\/wp-json\/wp\/v2\/media?parent=160694"}],"wp:term":[{"taxonomy":"product_brand","embeddable":true,"href":"https:\/\/secureus.se\/es\/wp-json\/wp\/v2\/product_brand?post=160694"},{"taxonomy":"product_cat","embeddable":true,"href":"https:\/\/secureus.se\/es\/wp-json\/wp\/v2\/product_cat?post=160694"},{"taxonomy":"product_tag","embeddable":true,"href":"https:\/\/secureus.se\/es\/wp-json\/wp\/v2\/product_tag?post=160694"}],"curies":[{"name":"wp","href":"https:\/\/api.w.org\/{rel}","templated":true}]}}