{"id":160700,"date":"2025-12-05T12:27:40","date_gmt":"2025-12-05T11:27:40","guid":{"rendered":"https:\/\/secureus.se\/?post_type=product&#038;p=160700"},"modified":"2026-02-09T16:19:14","modified_gmt":"2026-02-09T15:19:14","slug":"procon-4g-cloud-4g-sandare-och-fjarrstyrning-med-5-ingangar-och-1-relautgang","status":"publish","type":"product","link":"https:\/\/secureus.se\/es\/procon-4g-cloud-4g-sandare-och-fjarrstyrning-med-5-ingangar-och-1-relautgang\/","title":{"rendered":"ProCon 4G Cloud - Emisor y mando a distancia 4G con 5 entradas y 1 salida de rel\u00e9"},"content":{"rendered":"<p><strong>El mensaje principal de ProCon 4G Cloud:<\/strong> un comunicador GSM\/GPRS 4G profesional que funciona como m\u00f3dulo de monitoreo remoto, control de portones a trav\u00e9s de llamadas gratuitas y tambi\u00e9n como un sistema de alarma independiente completo.<\/p>\n<h2><strong>Caracter\u00edsticas principales de un vistazo<\/strong><\/h2>\n<p><strong>Comunicador GSM\/2G\/3G\/4G y transmisor GPRS<\/strong> que tambi\u00e9n se puede utilizar como panel de alarma independiente. <strong>5 entradas<\/strong> para control de se\u00f1ales (alarma, sabotaje, monitoreo de energ\u00eda, se\u00f1al de vida, etc.) y <strong>1 salida de rel\u00e9 NO\/NC<\/strong>. Ampliable con m\u00f3dulos de rel\u00e9 +1 \/ +3 \/ +8.<\/p>\n<h2><strong>Alarma y notificaci\u00f3n<\/strong><\/h2>\n<p>Comunicaci\u00f3n por SMS, llamadas de voz (se\u00f1al de sirena o mensaje de voz) y Contact ID hasta <strong>8 n\u00fameros de tel\u00e9fono<\/strong> Monitoreo remoto basado en eventos entrantes. SMS personalizados, configuraci\u00f3n independiente de la duraci\u00f3n del timbre, remarcaci\u00f3n y funci\u00f3n de ronda de timbre.<\/p>\n<h2><strong>Salida y control<\/strong><\/h2>\n<p>1 salida de rel\u00e9 que se puede controlar mediante una llamada de voz gratuita: \u2013 N\u00famero ilimitado de n\u00fameros sin identificador de llamadas \u2013 Hasta <strong>1.000 n\u00fameros<\/strong> con identificaci\u00f3n num\u00e9rica<\/p>\n<p>Funci\u00f3n monoestable (controlada por tiempo, m\u00e1ximo 65.000 ms) o biestable, controlable mediante llamadas telef\u00f3nicas, SMS y c\u00f3digos DTMF.<\/p>\n<h2><strong>Panel de alarma independiente<\/strong><\/h2>\n<p>Se puede utilizar de forma independiente. <strong>Sistema de alarma GSM de 4 zonas<\/strong> Con c\u00f3digos \u00fanicos de zona y Contact ID. La salida de rel\u00e9 puede controlar la sirena, y el sistema se puede armar\/desarmar mediante una llamada gratuita. Incluye entrada de sabotaje y restablecimiento de f\u00e1brica mediante pulsadores de sabotaje. Se puede ampliar con... <strong>M\u00f3dulo de alarma Exp<\/strong> que proporciona sirena, estado y salida piezoel\u00e9ctrica, as\u00ed como control de interruptor de llave.<\/p>\n<h2><strong>Seguridad, registro y suministro de energ\u00eda<\/strong><\/h2>\n<p>Incorporado <strong>Sistema antiinterferencias (AJS)<\/strong> Que protege contra interferencias GSM y activa la alarma\/salida en caso de sabotaje. Registros <strong>16.000 eventos<\/strong> (entradas, salidas, intensidad de se\u00f1al, fallos de alimentaci\u00f3n, llamadas, SMS) y registra la se\u00f1al GSM cada hora. Se puede analizar en diagramas mediante software para PC. La opci\u00f3n... <strong>ProBater\u00eda<\/strong> garantiza una indicaci\u00f3n completa de fallo de alimentaci\u00f3n y hasta <strong>24 horas<\/strong> operaci\u00f3n de respaldo.<\/p>\n<h2><strong>Programaci\u00f3n y capacidades en la nube<\/strong><\/h2>\n<p>Configuraci\u00f3n mediante SMS, men\u00fa de voz o PC (USB\/Bluetooth\/WiFi con ProRead). <strong>Administrador de ASCloud<\/strong> interfaz web y <strong>Administrador de la nube<\/strong> La aplicaci\u00f3n m\u00f3vil proporciona programaci\u00f3n remota, control de salida, derechos de usuario e \u00edconos de control basados en la nube (monoestable\/biestable, control de tiempo).<\/p>\n<h2><strong>Caracter\u00edsticas de la tarjeta SIM y servicios adicionales<\/strong><\/h2>\n<p>Soporte para reenviar mensajes SMS entrantes a otro n\u00famero.<\/p>\n<p><strong>\u00c1reas de uso:<\/strong><\/p>\n<ul>\n<li>Transmisi\u00f3n GSM\/GPRS para paneles de alarma<\/li>\n<li>Sistema de alarma independiente<\/li>\n<li>Control de port\u00f3n, barrera o puerta de garaje<\/li>\n<li>Dom\u00f3tica (aire acondicionado, calefacci\u00f3n, sauna, iluminaci\u00f3n)<\/li>\n<li>Monitorizaci\u00f3n de la tensi\u00f3n de alimentaci\u00f3n (230 V) y notificaci\u00f3n de alarmas<\/li>\n<li>Monitoreo y reinicio de servidores<\/li>\n<\/ul>","protected":false},"excerpt":{"rendered":"<p><strong>El comunicador GSM\/2G\/3G\/4G puede utilizarse como central de alarma aut\u00f3noma<\/strong><\/p>\n<ul>\n<li>5 entradas controladas por contacto<\/li>\n<li>1 salida de rel\u00e9 NA\/NC que puede controlarse mediante SMS desde un n\u00famero de tel\u00e9fono ilimitado o mediante llamada de voz desde 1.000 n\u00fameros de tel\u00e9fono.<\/li>\n<li>8 n\u00fameros de tel\u00e9fono notificados pueden cancelarse<\/li>\n<li>SMS, mensaje de voz, emisi\u00f3n de ID de contacto<\/li>\n<li>Oportunidad de expansi\u00f3n<\/li>\n<li>Transmisi\u00f3n GPRS a la central de alarmas mediante protocolo Enigma y SIA IP<\/li>\n<li>Programaci\u00f3n v\u00eda SMS, PC y aplicaci\u00f3n Android v\u00eda Bluetooth e internet<\/li>\n<\/ul>","protected":false},"featured_media":160695,"template":"","meta":{"_acf_changed":false},"product_brand":[],"product_cat":[1551],"product_tag":[],"class_list":{"0":"post-160700","1":"product","2":"type-product","3":"status-publish","4":"has-post-thumbnail","6":"product_cat-larmoverforing","7":"pa_brands-asc","8":"tm-no-options","10":"first","11":"instock","12":"taxable","13":"shipping-taxable","14":"purchasable","15":"product-type-simple"},"acf":[],"_links":{"self":[{"href":"https:\/\/secureus.se\/es\/wp-json\/wp\/v2\/product\/160700","targetHints":{"allow":["GET"]}}],"collection":[{"href":"https:\/\/secureus.se\/es\/wp-json\/wp\/v2\/product"}],"about":[{"href":"https:\/\/secureus.se\/es\/wp-json\/wp\/v2\/types\/product"}],"wp:featuredmedia":[{"embeddable":true,"href":"https:\/\/secureus.se\/es\/wp-json\/wp\/v2\/media\/160695"}],"wp:attachment":[{"href":"https:\/\/secureus.se\/es\/wp-json\/wp\/v2\/media?parent=160700"}],"wp:term":[{"taxonomy":"product_brand","embeddable":true,"href":"https:\/\/secureus.se\/es\/wp-json\/wp\/v2\/product_brand?post=160700"},{"taxonomy":"product_cat","embeddable":true,"href":"https:\/\/secureus.se\/es\/wp-json\/wp\/v2\/product_cat?post=160700"},{"taxonomy":"product_tag","embeddable":true,"href":"https:\/\/secureus.se\/es\/wp-json\/wp\/v2\/product_tag?post=160700"}],"curies":[{"name":"wp","href":"https:\/\/api.w.org\/{rel}","templated":true}]}}