{"id":160784,"date":"2025-10-02T11:32:28","date_gmt":"2025-10-02T09:32:28","guid":{"rendered":"https:\/\/secureus.se\/temperatur-fuktsensor-for-wifi-vaderstation\/"},"modified":"2026-04-09T15:51:09","modified_gmt":"2026-04-09T13:51:09","slug":"temperatur-fuktsensor-for-wifi-vaderstation","status":"publish","type":"product","link":"https:\/\/secureus.se\/es\/temperatur-fuktsensor-for-wifi-vaderstation\/","title":{"rendered":"Sensor de temperatura y humedad para estaci\u00f3n meteorol\u00f3gica Wifi"},"content":{"rendered":"<h1 data-start=\"342\" data-end=\"661\">Sensor de temperatura y humedad para estaci\u00f3n meteorol\u00f3gica Wifi<\/h1>\n<p data-start=\"342\" data-end=\"661\">Este sensor adicional de temperatura y humedad es el complemento perfecto para su estaci\u00f3n meteorol\u00f3gica WiFi (SMH-WEATHER).<\/p>\n<p data-start=\"342\" data-end=\"661\">Gracias a una transmisi\u00f3n inal\u00e1mbrica estable de hasta 100 metros, puede colocar f\u00e1cilmente el sensor en diferentes entornos y obtener lecturas precisas directamente en la unidad interior conectada al sistema.<\/p>\n<p data-start=\"663\" data-end=\"950\">El sensor registra la temperatura y la humedad en tiempo real y env\u00eda estos datos a su estaci\u00f3n meteorol\u00f3gica. Gracias a la compatibilidad con m\u00faltiples canales (CH1, CH2, CH3), puede utilizar varios sensores simult\u00e1neamente para monitorizar, por ejemplo, dormitorios, salones, s\u00f3tanos, invernaderos o el clima exterior.<\/p>\n<p data-start=\"952\" data-end=\"1308\">La instalaci\u00f3n y colocaci\u00f3n son sencillas: el sensor se puede colocar sobre una superficie o colgar en la pared. Es energ\u00e9ticamente eficiente y est\u00e1 dise\u00f1ado para un funcionamiento fiable durante un largo periodo de tiempo. La combinaci\u00f3n de varios sensores proporciona una visi\u00f3n completa del entorno interior y exterior, lo que resulta especialmente \u00fatil para quienes desean controlar el confort, el ahorro energ\u00e9tico y las condiciones clim\u00e1ticas.<\/p>\n<p data-start=\"1310\" data-end=\"1348\"><strong data-start=\"1310\" data-end=\"1346\">Beneficios y usos:<\/strong><\/p>\n<ul data-start=\"1349\" data-end=\"1612\">\n<li data-start=\"1349\" data-end=\"1390\">\n<p data-start=\"1351\" data-end=\"1390\">Obtenga datos de medici\u00f3n de varias habitaciones o zonas.<\/p>\n<\/li>\n<li data-start=\"1391\" data-end=\"1430\">\n<p data-start=\"1393\" data-end=\"1430\">Alcance inal\u00e1mbrico de hasta 100 metros.<\/p>\n<\/li>\n<li data-start=\"1431\" data-end=\"1467\">\n<p data-start=\"1433\" data-end=\"1467\">Soporte multicanal (CH1\u2013CH3)<\/p>\n<\/li>\n<li data-start=\"1468\" data-end=\"1511\">\n<p data-start=\"1470\" data-end=\"1511\">Mide tanto la temperatura como la humedad.<\/p>\n<\/li>\n<li data-start=\"1512\" data-end=\"1567\">\n<p data-start=\"1514\" data-end=\"1567\">F\u00e1cil montaje: se puede colgar o colocar en posici\u00f3n vertical.<\/p>\n<\/li>\n<li data-start=\"1568\" data-end=\"1612\">\n<p data-start=\"1570\" data-end=\"1612\">Adecuado para el hogar, la oficina, el jard\u00edn de invierno, el invernadero, etc.<\/p>\n<\/li>\n<\/ul>\n<p data-start=\"1614\" data-end=\"1645\"><strong data-start=\"1614\" data-end=\"1643\">Especificaciones t\u00e9cnicas:<\/strong><\/p>\n<ul data-start=\"1646\" data-end=\"1790\">\n<li data-start=\"1646\" data-end=\"1687\">\n<p data-start=\"1648\" data-end=\"1687\">Funciones: Medici\u00f3n de temperatura y humedad<\/p>\n<\/li>\n<li data-start=\"1688\" data-end=\"1724\">\n<p data-start=\"1690\" data-end=\"1724\">Alcance inal\u00e1mbrico: hasta 100 m<\/p>\n<\/li>\n<li data-start=\"1725\" data-end=\"1751\">\n<p data-start=\"1727\" data-end=\"1751\">Canales: CH1, CH2, CH3<\/p>\n<\/li>\n<li data-start=\"1752\" data-end=\"1790\">\n<p data-start=\"1754\" data-end=\"1790\">Compatible con estaciones meteorol\u00f3gicas WiFi<\/p>\n<\/li>\n<li data-start=\"1752\" data-end=\"1790\">Pilas para su funcionamiento: 2 x AA (no incluidas, se compran por separado)<\/li>\n<\/ul>","protected":false},"excerpt":{"rendered":"<p>Sensor de temperatura y humedad adicional que se conecta f\u00e1cilmente a su estaci\u00f3n meteorol\u00f3gica WiFi con SKU: SMH-WEATHER (no para el modelo SMH-WEATHER-Pro)<\/p>\n<p>Proporciona mediciones precisas en varias habitaciones o exteriores con un alcance de hasta 100 metros. Perfecto para el hogar, la oficina, el invernadero o el jard\u00edn de invierno.<\/p>","protected":false},"featured_media":161320,"template":"","meta":{"_acf_changed":false},"product_brand":[],"product_cat":[4767],"product_tag":[],"class_list":{"0":"post-160784","1":"product","2":"type-product","3":"status-publish","4":"has-post-thumbnail","6":"product_cat-smart-klimat-vader","7":"product_shipping_class-postnord-varubrev","8":"tm-no-options","10":"first","11":"instock","12":"sale","13":"taxable","14":"shipping-taxable","15":"purchasable","16":"product-type-simple"},"acf":[],"_links":{"self":[{"href":"https:\/\/secureus.se\/es\/wp-json\/wp\/v2\/product\/160784","targetHints":{"allow":["GET"]}}],"collection":[{"href":"https:\/\/secureus.se\/es\/wp-json\/wp\/v2\/product"}],"about":[{"href":"https:\/\/secureus.se\/es\/wp-json\/wp\/v2\/types\/product"}],"wp:featuredmedia":[{"embeddable":true,"href":"https:\/\/secureus.se\/es\/wp-json\/wp\/v2\/media\/161320"}],"wp:attachment":[{"href":"https:\/\/secureus.se\/es\/wp-json\/wp\/v2\/media?parent=160784"}],"wp:term":[{"taxonomy":"product_brand","embeddable":true,"href":"https:\/\/secureus.se\/es\/wp-json\/wp\/v2\/product_brand?post=160784"},{"taxonomy":"product_cat","embeddable":true,"href":"https:\/\/secureus.se\/es\/wp-json\/wp\/v2\/product_cat?post=160784"},{"taxonomy":"product_tag","embeddable":true,"href":"https:\/\/secureus.se\/es\/wp-json\/wp\/v2\/product_tag?post=160784"}],"curies":[{"name":"wp","href":"https:\/\/api.w.org\/{rel}","templated":true}]}}