{"id":160832,"date":"2025-12-11T13:46:44","date_gmt":"2025-12-11T12:46:44","guid":{"rendered":"https:\/\/secureus.se\/slutbleck-easy-fix-22mm-mattsvart\/"},"modified":"2026-04-23T11:19:01","modified_gmt":"2026-04-23T09:19:01","slug":"slutbleck-easy-fix-22mm-mattsvart","status":"publish","type":"product","link":"https:\/\/secureus.se\/es\/slutbleck-easy-fix-22mm-mattsvart\/","title":{"rendered":"Placa final Easy-Fix 2,2mm Negro mate"},"content":{"rendered":"<p>AGB Easy-Fix XT es una placa de cierre dise\u00f1ada para facilitar la instalaci\u00f3n a fabricantes e instaladores de puertas. La placa de cierre es una placa frontal sencilla que se complementa con una cubierta que se instala f\u00e1cilmente a presi\u00f3n. La cubierta no est\u00e1 incluida; consulte la secci\u00f3n &quot;Combinar con&quot;. Compatible con las carcasas de cerradura Polaris 2XT y Revolution XT.<\/p>\n<p><b>Caracter\u00edsticas:<\/b><\/p>\n<ul>\n<li>F\u00e1cil de fresar posteriormente.<\/li>\n<li>Abrigo clicable<\/li>\n<li>Ancho: 22 mm<\/li>\n<li>Longitud: 82 mm<\/li>\n<li>Espesor: 2,2 mm<\/li>\n<li>Tama\u00f1o de la lengua: 3 o 5 mm sin cubierta<\/li>\n<\/ul>","protected":false},"excerpt":{"rendered":"<p>AGB Easy-Fix XT \u00e4r ett slutbleck designats f\u00f6r att g\u00f6ra det enkelt f\u00f6r d\u00f6rrtillverkare och m\u00f6nt\u00f6rer. Slutblecket \u00e4r en enkel front pl\u00e5t som kompletteras med en kappa som enkelt klickas<\/p>","protected":false},"featured_media":160831,"template":"","meta":{"_acf_changed":false},"product_brand":[],"product_cat":[4891],"product_tag":[],"class_list":{"0":"post-160832","1":"product","2":"type-product","3":"status-publish","4":"has-post-thumbnail","6":"product_cat-slutbleck-och-tillbehor","7":"pa_brands-agb","8":"tm-no-options","10":"first","11":"instock","12":"taxable","13":"shipping-taxable","14":"purchasable","15":"product-type-simple"},"acf":[],"_links":{"self":[{"href":"https:\/\/secureus.se\/es\/wp-json\/wp\/v2\/product\/160832","targetHints":{"allow":["GET"]}}],"collection":[{"href":"https:\/\/secureus.se\/es\/wp-json\/wp\/v2\/product"}],"about":[{"href":"https:\/\/secureus.se\/es\/wp-json\/wp\/v2\/types\/product"}],"wp:featuredmedia":[{"embeddable":true,"href":"https:\/\/secureus.se\/es\/wp-json\/wp\/v2\/media\/160831"}],"wp:attachment":[{"href":"https:\/\/secureus.se\/es\/wp-json\/wp\/v2\/media?parent=160832"}],"wp:term":[{"taxonomy":"product_brand","embeddable":true,"href":"https:\/\/secureus.se\/es\/wp-json\/wp\/v2\/product_brand?post=160832"},{"taxonomy":"product_cat","embeddable":true,"href":"https:\/\/secureus.se\/es\/wp-json\/wp\/v2\/product_cat?post=160832"},{"taxonomy":"product_tag","embeddable":true,"href":"https:\/\/secureus.se\/es\/wp-json\/wp\/v2\/product_tag?post=160832"}],"curies":[{"name":"wp","href":"https:\/\/api.w.org\/{rel}","templated":true}]}}