{"id":160945,"date":"2025-12-16T12:42:00","date_gmt":"2025-12-16T11:42:00","guid":{"rendered":"https:\/\/secureus.se\/?post_type=product&#038;p=160945"},"modified":"2026-04-23T12:28:32","modified_gmt":"2026-04-23T10:28:32","slug":"zebra-800010-101-black-monochrome-ribbon-2000-prints","status":"publish","type":"product","link":"https:\/\/secureus.se\/es\/zebra-800010-101-black-monochrome-ribbon-2000-prints\/","title":{"rendered":"Cinta de cebra \u2013 800010-101, monocromo negro (2000 copias)"},"content":{"rendered":"<h1>Cinta<br \/>\n  Zebra &#8211; 800010-101, svart monokrom (2000 utskrifter)<\/h1>\n<p>F\u00e4rgband Zebra &#8211; 800010-101, svart monokrom (2000 utskrifter) \u00e4r<br \/>\n  una correa KO con panel negro y superposici\u00f3n protectora. Es una buena opci\u00f3n cuando<br \/>\n  Necesita texto claro, c\u00f3digos de barras y protecci\u00f3n adicional en la superficie de la tarjeta.<\/p>\n<p>Adecuado para tarjetas de identificaci\u00f3n, tarjetas de acceso, tarjetas de membres\u00eda y otras.<br \/>\n  tarjetas de pl\u00e1stico donde se requiere alta calidad de impresi\u00f3n y confiabilidad<br \/>\n  importante.<\/p>\n<ul>\n<li>Capacidad: hasta 2000 impresiones<\/li>\n<li>Tipo de banda: KO<\/li>\n<li>Producto original<\/li>\n<li>Artikelnummer: 800010-101<\/li>\n<\/ul>\n<p><strong>Peso del producto:<\/strong> 2,00 kilogramos<\/p>","protected":false},"excerpt":{"rendered":"<p>La cinta monocrom\u00e1tica negra Zebra 800010-101 es una cinta de alta calidad que ofrece impresiones negras n\u00edtidas en texto, l\u00edneas y c\u00f3digos de barras.<\/p>\n<p>La cinta proporciona hasta 2000 impresiones y es perfecta para credenciales de invitados grandes, pases VIP y tarjetas de eventos para conferencias, festivales, eventos deportivos y otros eventos especiales con la Zebra ZC10L.<\/p>","protected":false},"featured_media":160944,"template":"","meta":{"_acf_changed":false},"product_brand":[],"product_cat":[3218],"product_tag":[],"class_list":{"0":"post-160945","1":"product","2":"type-product","3":"status-publish","4":"has-post-thumbnail","6":"product_cat-zebra-fargband-retransfer","7":"pa_brands-zebra","8":"tm-has-options","10":"first","11":"outofstock","12":"sale","13":"taxable","14":"shipping-taxable","15":"purchasable","16":"product-type-simple"},"acf":[],"_links":{"self":[{"href":"https:\/\/secureus.se\/es\/wp-json\/wp\/v2\/product\/160945","targetHints":{"allow":["GET"]}}],"collection":[{"href":"https:\/\/secureus.se\/es\/wp-json\/wp\/v2\/product"}],"about":[{"href":"https:\/\/secureus.se\/es\/wp-json\/wp\/v2\/types\/product"}],"wp:featuredmedia":[{"embeddable":true,"href":"https:\/\/secureus.se\/es\/wp-json\/wp\/v2\/media\/160944"}],"wp:attachment":[{"href":"https:\/\/secureus.se\/es\/wp-json\/wp\/v2\/media?parent=160945"}],"wp:term":[{"taxonomy":"product_brand","embeddable":true,"href":"https:\/\/secureus.se\/es\/wp-json\/wp\/v2\/product_brand?post=160945"},{"taxonomy":"product_cat","embeddable":true,"href":"https:\/\/secureus.se\/es\/wp-json\/wp\/v2\/product_cat?post=160945"},{"taxonomy":"product_tag","embeddable":true,"href":"https:\/\/secureus.se\/es\/wp-json\/wp\/v2\/product_tag?post=160945"}],"curies":[{"name":"wp","href":"https:\/\/api.w.org\/{rel}","templated":true}]}}