{"id":161207,"date":"2022-07-04T07:51:01","date_gmt":"2022-07-04T05:51:01","guid":{"rendered":"https:\/\/secureus.se\/motorlas-6300-kpl-2\/"},"modified":"2026-02-26T17:34:51","modified_gmt":"2026-02-26T16:34:51","slug":"motorlas-6300-kpl-2","status":"publish","type":"product","link":"https:\/\/secureus.se\/es\/motorlas-6300-kpl-2\/","title":{"rendered":"Juego de cerradura de motor Safetron 6300"},"content":{"rendered":"<p>Cerradura de motor SAFETRON 6300 en embalaje de juego. El paquete del conjunto contiene: cerradura de motor 6300, unidad de control CU2, cable de conexi\u00f3n C04 (10m), placa de cierre 106-5 y transmisi\u00f3n de marco CT81.<\/p>\n<p>La cerradura motorizada 6300 con dise\u00f1o de perfil estrecho se desbloquea en menos de 0,2 segundos, por lo que normalmente no se necesita una cerradura diurna independiente en puertas de alta frecuencia. Los \u00e1mbitos de uso t\u00edpicos son el cierre diurno, nocturno y de seguridad en comercios, oficinas e industrias, as\u00ed como all\u00ed donde se imponen requisitos de seguridad altos o muy altos. La cerradura motorizada 6300 est\u00e1 adaptada para funcionar con automatizaci\u00f3n de puertas.<\/p>\n<p>La unidad de control CU2 tiene la gama m\u00e1s amplia de aplicaciones del mercado y al mismo tiempo es la m\u00e1s f\u00e1cil de usar. Con CU2 se pueden conectar dos cerraduras de motor sin ninguna limitaci\u00f3n en el intercambio de se\u00f1ales, esto significa que CU2 es efectivamente dos unidades de control en una. Tambi\u00e9n es posible programar rel\u00e9s AUX para la funci\u00f3n deseada, por ejemplo: Control completo para automatizaci\u00f3n de puertas o funciones esenciales.<\/p>\n<p>La unidad de control CU2 tiene escaneo autom\u00e1tico, lo que hace que la instalaci\u00f3n sea plug-and-play. No se requiere inicializaci\u00f3n, sino que el emparejamiento entre dispositivos se produce autom\u00e1ticamente despu\u00e9s de 12 horas, momento en el que tambi\u00e9n se establece digitalmente en los dispositivos la fecha de instalaci\u00f3n, a partir de la cual comienza a aplicarse el per\u00edodo de garant\u00eda.<\/p>\n<p>Tanto la carcasa de la cerradura como la unidad de control disponen de pantallas navegables integradas, que permiten, entre otras cosas, ajustar la configuraci\u00f3n y recuperar informaci\u00f3n. Eventos y fechas de instalaci\u00f3n.<\/p>\n<p>\u2022 Certificado seg\u00fan SSF-3522 clase de cerradura 3, 4 y 5 y SS-EN 14846 Grado 7<\/p>\n<p>\u2022 Regla del gancho<\/p>\n<p>\u2022 Adaptado para automatizaci\u00f3n de puertas<\/p>\n<p>\u2022 Cable de hasta 100 m<\/p>\n<p>\u2022 Iniciaci\u00f3n autom\u00e1tica<\/p>\n<p>\u2022 Profundidad del mandril 35 mm<\/p>\n<p>\u2022 Se desbloquea en 0,2 segundos<\/p>\n<p>\u2022 Se puede abrir con llave\/perilla (rotaci\u00f3n de 90 grados)<\/p>\n<p>\u2022 M\u00f3dulo de servicio en la unidad de control<\/p>\n<p>\u2022 Registro de eventos<\/p>\n<p>\u2022 Registro de c\u00f3digos de error<\/p>\n<p>\u2022 Conexi\u00f3n en serie, hasta dos bloqueos de motor a una unidad de control<\/p>\n<p>\u2022 Voltaje: 10-48 VCC, 8-35 VCA, 60-300 mA<\/p>\n<p>\u2022 Temperatura: -30\u00b0C a +70\u00b0C<\/p>\n<p>\u2022 Se adapta a cilindros ovalados y redondos escandinavos.<\/p>","protected":false},"excerpt":{"rendered":"<p>Cerradura de motor SAFETRON 6300 en embalaje de juego. El paquete del conjunto contiene: cerradura de motor 6300, unidad de control CU2, cable de conexi\u00f3n C04 (10m), placa de cierre 106-5 y transmisi\u00f3n de marco CT81. La cerradura de motor 6300 con dise\u00f1o de perfil estrecho se desbloquea en 0,2 segundos y, por lo tanto, es necesaria<\/p>","protected":false},"featured_media":162720,"template":"","meta":{"_acf_changed":false},"product_brand":[],"product_cat":[2874],"product_tag":[4512,4542,4500,4866,4501],"class_list":{"0":"post-161207","1":"product","2":"type-product","3":"status-publish","4":"has-post-thumbnail","6":"product_cat-motorlas","7":"product_tag-motorlas-komplett-kpl","8":"product_tag-panikutrymning-nej","9":"product_tag-rel-safetron-motorlas","10":"product_tag-safetron-20","11":"product_tag-safetron-motorlas","12":"product_shipping_class-tunga-paket","13":"pa_brands-7safetron","14":"tm-no-options","16":"first","17":"instock","18":"sale","19":"featured","20":"taxable","21":"shipping-taxable","22":"purchasable","23":"product-type-simple"},"acf":[],"_links":{"self":[{"href":"https:\/\/secureus.se\/es\/wp-json\/wp\/v2\/product\/161207","targetHints":{"allow":["GET"]}}],"collection":[{"href":"https:\/\/secureus.se\/es\/wp-json\/wp\/v2\/product"}],"about":[{"href":"https:\/\/secureus.se\/es\/wp-json\/wp\/v2\/types\/product"}],"wp:featuredmedia":[{"embeddable":true,"href":"https:\/\/secureus.se\/es\/wp-json\/wp\/v2\/media\/162720"}],"wp:attachment":[{"href":"https:\/\/secureus.se\/es\/wp-json\/wp\/v2\/media?parent=161207"}],"wp:term":[{"taxonomy":"product_brand","embeddable":true,"href":"https:\/\/secureus.se\/es\/wp-json\/wp\/v2\/product_brand?post=161207"},{"taxonomy":"product_cat","embeddable":true,"href":"https:\/\/secureus.se\/es\/wp-json\/wp\/v2\/product_cat?post=161207"},{"taxonomy":"product_tag","embeddable":true,"href":"https:\/\/secureus.se\/es\/wp-json\/wp\/v2\/product_tag?post=161207"}],"curies":[{"name":"wp","href":"https:\/\/api.w.org\/{rel}","templated":true}]}}