{"id":161311,"date":"2026-01-07T12:58:07","date_gmt":"2026-01-07T11:58:07","guid":{"rendered":"https:\/\/secureus.se\/ajax-fireprotect-2-heat-co-endast-varme-och-co-vit\/"},"modified":"2026-03-09T17:33:06","modified_gmt":"2026-03-09T16:33:06","slug":"ajax-fireprotect-2-heat-co-endast-varme-och-co-vit","status":"publish","type":"product","link":"https:\/\/secureus.se\/es\/ajax-fireprotect-2-heat-co-endast-varme-och-co-vit\/","title":{"rendered":"Ajax FireProtect 2 RB (Calor\/CO): solo calor y CO (blanco)"},"content":{"rendered":"<p data-start=\"594\" data-end=\"901\">Este <strong data-start=\"600\" data-end=\"647\">Detector inal\u00e1mbrico de calor y mon\u00f3xido de carbono (CO)<\/strong> Est\u00e1 dise\u00f1ado para brindar protecci\u00f3n confiable y temprana contra incendios y gases peligrosos de CO en hogares y locales. El detector est\u00e1 dise\u00f1ado para <strong data-start=\"782\" data-end=\"800\">instalaci\u00f3n en interiores<\/strong> y est\u00e1 equipado con ambos <strong data-start=\"826\" data-end=\"869\">Sirena incorporada e indicaci\u00f3n LED clara<\/strong> para alerta inmediata en caso de alarma.<\/p>\n<h3 data-start=\"903\" data-end=\"944\">Protecci\u00f3n contra el calor y el mon\u00f3xido de carbono.<\/h3>\n<p data-start=\"945\" data-end=\"1019\">A diferencia de los detectores de humo tradicionales, este detector reacciona a:<\/p>\n<ul data-start=\"1020\" data-end=\"1114\">\n<li data-start=\"1020\" data-end=\"1072\">\n<p data-start=\"1022\" data-end=\"1072\"><strong data-start=\"1022\" data-end=\"1072\">Aumento r\u00e1pido de temperatura o temperaturas altas<\/strong><\/p>\n<\/li>\n<li data-start=\"1073\" data-end=\"1114\">\n<p data-start=\"1075\" data-end=\"1114\"><strong data-start=\"1075\" data-end=\"1112\">Niveles peligrosos de mon\u00f3xido de carbono (CO)<\/strong><\/p>\n<\/li>\n<\/ul>\n<p data-start=\"1116\" data-end=\"1223\">En caso de alarma, se activa la sirena incorporada (85 dB) y el indicador LED se ilumina en rojo para una clara advertencia visual.<\/p>\n<h3 data-start=\"1225\" data-end=\"1263\">Alarmas interoperables en todo el sistema<\/h3>\n<p data-start=\"1264\" data-end=\"1506\">El detector se puede configurar para <strong data-start=\"1298\" data-end=\"1365\">Todos los detectores de humo, calor y CO del sistema se activan simult\u00e1neamente<\/strong> Cuando se activa un detector, se emite una alarma fuerte y clara en todo el edificio, incluso si se produce un incendio o una emisi\u00f3n de CO en otra habitaci\u00f3n.<\/p>\n<h3 data-start=\"1508\" data-end=\"1545\">Autoprueba y alta fiabilidad operativa<\/h3>\n<p data-start=\"1546\" data-end=\"1639\">Para m\u00e1xima seguridad, el detector realiza <strong data-start=\"1583\" data-end=\"1610\">autoevaluaciones peri\u00f3dicas<\/strong> y le notifica autom\u00e1ticamente sobre:<\/p>\n<ul data-start=\"1640\" data-end=\"1693\">\n<li data-start=\"1640\" data-end=\"1651\">\n<p data-start=\"1642\" data-end=\"1651\">Error del sensor<\/p>\n<\/li>\n<li data-start=\"1652\" data-end=\"1669\">\n<p data-start=\"1654\" data-end=\"1669\">Nivel de bater\u00eda bajo<\/p>\n<\/li>\n<li data-start=\"1670\" data-end=\"1693\">\n<p data-start=\"1672\" data-end=\"1693\">Anormalidades funcionales<\/p>\n<\/li>\n<\/ul>\n<p data-start=\"1695\" data-end=\"1777\">Esto minimiza el riesgo de que un detector no funcione cuando realmente es necesario.<\/p>\n<h3 data-start=\"1779\" data-end=\"1814\">Funciona incluso sin sistema de alarma.<\/h3>\n<p data-start=\"1815\" data-end=\"1953\">El detector se puede utilizar <strong data-start=\"1838\" data-end=\"1852\">independiente<\/strong>, al igual que un detector de humo normal, lo que lo hace flexible tanto en entornos con alarma como sin alarma.<\/p>\n<h3 data-start=\"1955\" data-end=\"2001\">Larga vida \u00fatil y bajo costo de mantenimiento.<\/h3>\n<ul data-start=\"2002\" data-end=\"2155\">\n<li data-start=\"2002\" data-end=\"2059\">\n<p data-start=\"2004\" data-end=\"2059\">Arriba a <strong data-start=\"2013\" data-end=\"2033\">7 a\u00f1os de duraci\u00f3n de la bater\u00eda<\/strong> con bater\u00edas reemplazables<\/p>\n<\/li>\n<li data-start=\"2060\" data-end=\"2098\">\n<p data-start=\"2062\" data-end=\"2098\"><strong data-start=\"2062\" data-end=\"2096\">10 a\u00f1os de vida \u00fatil del sensor de CO<\/strong><\/p>\n<\/li>\n<li data-start=\"2099\" data-end=\"2155\">\n<p data-start=\"2101\" data-end=\"2155\">Alcance inal\u00e1mbrico hasta <strong data-start=\"2127\" data-end=\"2155\">1700 metros en terreno abierto<\/strong><\/p>\n<\/li>\n<\/ul>\n<hr data-start=\"2157\" data-end=\"2160\" \/>\n<h2 data-start=\"2162\" data-end=\"2189\">Especificaciones t\u00e9cnicas<\/h2>\n<ul data-start=\"2191\" data-end=\"2638\">\n<li data-start=\"2191\" data-end=\"2234\">\n<p data-start=\"2193\" data-end=\"2234\"><strong data-start=\"2193\" data-end=\"2201\">Tipo:<\/strong> Detector inal\u00e1mbrico de calor y CO<\/p>\n<\/li>\n<li data-start=\"2235\" data-end=\"2269\">\n<p data-start=\"2237\" data-end=\"2269\"><strong data-start=\"2237\" data-end=\"2259\">\u00c1rea de aplicaci\u00f3n:<\/strong> Interior<\/p>\n<\/li>\n<li data-start=\"2270\" data-end=\"2345\">\n<p data-start=\"2272\" data-end=\"2345\"><strong data-start=\"2272\" data-end=\"2291\">Compatibilidad:<\/strong> Hub Plus, Hub 2, Hub 2 Plus, Hub H\u00edbrido, ReX, ReX 2<\/p>\n<\/li>\n<li data-start=\"2346\" data-end=\"2401\">\n<p data-start=\"2348\" data-end=\"2401\"><strong data-start=\"2348\" data-end=\"2369\">Alcance inal\u00e1mbrico:<\/strong> Hasta 1700 m (terreno abierto)<\/p>\n<\/li>\n<li data-start=\"2402\" data-end=\"2429\">\n<p data-start=\"2404\" data-end=\"2429\"><strong data-start=\"2404\" data-end=\"2416\">Bater\u00eda:<\/strong> 2 \u00d7 CR123A<\/p>\n<\/li>\n<li data-start=\"2430\" data-end=\"2469\">\n<p data-start=\"2432\" data-end=\"2469\"><strong data-start=\"2432\" data-end=\"2453\">Duraci\u00f3n de la bater\u00eda:<\/strong> Hasta 7 a\u00f1os<\/p>\n<\/li>\n<li data-start=\"2470\" data-end=\"2504\">\n<p data-start=\"2472\" data-end=\"2504\"><strong data-start=\"2472\" data-end=\"2496\">Vida \u00fatil del sensor de CO:<\/strong> 10 a\u00f1os<\/p>\n<\/li>\n<li data-start=\"2505\" data-end=\"2547\">\n<p data-start=\"2507\" data-end=\"2547\"><strong data-start=\"2507\" data-end=\"2528\">Rango de temperatura:<\/strong> 0\u00b0C a +50\u00b0C<\/p>\n<\/li>\n<li data-start=\"2548\" data-end=\"2579\">\n<p data-start=\"2550\" data-end=\"2579\"><strong data-start=\"2550\" data-end=\"2572\">Humedad m\u00e1xima:<\/strong> 80 %<\/p>\n<\/li>\n<li data-start=\"2580\" data-end=\"2602\">\n<p data-start=\"2582\" data-end=\"2602\"><strong data-start=\"2582\" data-end=\"2595\">Clase de IP:<\/strong> IP20<\/p>\n<\/li>\n<li data-start=\"2603\" data-end=\"2638\">\n<p data-start=\"2605\" data-end=\"2638\"><strong data-start=\"2605\" data-end=\"2620\">Volumen:<\/strong> 85 dB (a 3 m)<\/p>\n<\/li>\n<\/ul>\n<h3 data-start=\"2640\" data-end=\"2664\">Umbrales de alarma \u2013 calor<\/h3>\n<ul data-start=\"2665\" data-end=\"2725\">\n<li data-start=\"2665\" data-end=\"2675\">\n<p data-start=\"2667\" data-end=\"2675\">+64 \u00b0C<\/p>\n<\/li>\n<li data-start=\"2676\" data-end=\"2725\">\n<p data-start=\"2678\" data-end=\"2725\">Aumento de temperatura \u2265 10 \u00b0C en menos de 1 minuto<\/p>\n<\/li>\n<\/ul>\n<h3 data-start=\"2727\" data-end=\"2761\">Umbrales de alarma: mon\u00f3xido de carbono (CO)<\/h3>\n<ul data-start=\"2762\" data-end=\"2889\">\n<li data-start=\"2762\" data-end=\"2804\">\n<p data-start=\"2764\" data-end=\"2804\"><strong data-start=\"2764\" data-end=\"2785\">50 ppm (0,005 %):<\/strong> alarma dentro de 90 min<\/p>\n<\/li>\n<li data-start=\"2805\" data-end=\"2847\">\n<p data-start=\"2807\" data-end=\"2847\"><strong data-start=\"2807\" data-end=\"2828\">100 ppm (0,01 %):<\/strong> alarma dentro de 40 min<\/p>\n<\/li>\n<li data-start=\"2848\" data-end=\"2889\">\n<p data-start=\"2850\" data-end=\"2889\"><strong data-start=\"2850\" data-end=\"2871\">300 ppm (0,03 %):<\/strong> alarma dentro de 3 min<\/p>\n<\/li>\n<\/ul>","protected":false},"excerpt":{"rendered":"<p><strong data-start=\"201\" data-end=\"263\">Detector inal\u00e1mbrico de calor y mon\u00f3xido de carbono (CO) para uso en interiores<\/strong> Con sirena integrada e indicador LED. El detector se activa en caso de un aumento repentino de temperatura o niveles peligrosos de CO y puede interactuar con otros detectores de incendios del sistema para generar una alarma com\u00fan. Tambi\u00e9n funciona de forma independiente como una alarma de humo convencional. Duraci\u00f3n de la bater\u00eda de hasta 7 a\u00f1os y del sensor de CO de 10 a\u00f1os.<\/p>","protected":false},"featured_media":161310,"template":"","meta":{"_acf_changed":false},"product_brand":[],"product_cat":[3159],"product_tag":[],"class_list":{"0":"post-161311","1":"product","2":"type-product","3":"status-publish","4":"has-post-thumbnail","6":"product_cat-brandvarnare","7":"pa_brands-ajax-systems","8":"tm-no-options","10":"first","11":"onbackorder","12":"taxable","13":"shipping-taxable","14":"purchasable","15":"product-type-simple"},"acf":[],"_links":{"self":[{"href":"https:\/\/secureus.se\/es\/wp-json\/wp\/v2\/product\/161311","targetHints":{"allow":["GET"]}}],"collection":[{"href":"https:\/\/secureus.se\/es\/wp-json\/wp\/v2\/product"}],"about":[{"href":"https:\/\/secureus.se\/es\/wp-json\/wp\/v2\/types\/product"}],"wp:featuredmedia":[{"embeddable":true,"href":"https:\/\/secureus.se\/es\/wp-json\/wp\/v2\/media\/161310"}],"wp:attachment":[{"href":"https:\/\/secureus.se\/es\/wp-json\/wp\/v2\/media?parent=161311"}],"wp:term":[{"taxonomy":"product_brand","embeddable":true,"href":"https:\/\/secureus.se\/es\/wp-json\/wp\/v2\/product_brand?post=161311"},{"taxonomy":"product_cat","embeddable":true,"href":"https:\/\/secureus.se\/es\/wp-json\/wp\/v2\/product_cat?post=161311"},{"taxonomy":"product_tag","embeddable":true,"href":"https:\/\/secureus.se\/es\/wp-json\/wp\/v2\/product_tag?post=161311"}],"curies":[{"name":"wp","href":"https:\/\/api.w.org\/{rel}","templated":true}]}}