{"id":161312,"date":"2026-01-07T12:51:13","date_gmt":"2026-01-07T11:51:13","guid":{"rendered":"https:\/\/secureus.se\/ajax-lockbridge-ajax-lasmodul-for-yale-doorman\/"},"modified":"2026-04-15T00:24:41","modified_gmt":"2026-04-14T22:24:41","slug":"ajax-lockbridge-ajax-lasmodul-for-yale-doorman","status":"publish","type":"product","link":"https:\/\/secureus.se\/es\/ajax-lockbridge-ajax-lasmodul-for-yale-doorman\/","title":{"rendered":"Ajax LockBridge: m\u00f3dulo de cerradura Ajax para Yale Doorman"},"content":{"rendered":"<p data-start=\"484\" data-end=\"745\"><strong data-start=\"484\" data-end=\"503\">Puente de esclusas Ajax<\/strong> es un m\u00f3dulo de bloqueo inal\u00e1mbrico que se utiliza para integrar <strong data-start=\"557\" data-end=\"573\">Portero de Yale<\/strong> (V2N, Cl\u00e1sico, L3 y L3S) con <strong data-start=\"605\" data-end=\"624\">Sistema de alarma Ajax<\/strong>Una vez instalado LockBridge, la cerradura Yale pasa a formar parte del sistema Ajax y se puede controlar y monitorear directamente en la aplicaci\u00f3n Ajax.<\/p>\n<p data-start=\"747\" data-end=\"1025\">A diferencia del puente WiFi de Yale, LockBridge se comunica a trav\u00e9s de <strong data-start=\"812\" data-end=\"829\">Joyero Ajax<\/strong>, lo que proporciona un alcance significativamente mayor y un funcionamiento m\u00e1s estable. La comunicaci\u00f3n tambi\u00e9n funciona localmente, lo que significa que las funciones b\u00e1sicas permanecen disponibles incluso si falla la conexi\u00f3n a internet.<\/p>\n<h3 data-start=\"1027\" data-end=\"1060\">Controla cerraduras y alarmas en la misma app<\/h3>\n<p data-start=\"1061\" data-end=\"1126\">Una vez emparejada la cerradura, aparecer\u00e1 como dispositivo en la app Ajax. Puedes:<\/p>\n<ul data-start=\"1127\" data-end=\"1273\">\n<li data-start=\"1127\" data-end=\"1163\">\n<p data-start=\"1129\" data-end=\"1163\">Bloquear y desbloquear la puerta a trav\u00e9s de la aplicaci\u00f3n<\/p>\n<\/li>\n<li data-start=\"1164\" data-end=\"1192\">\n<p data-start=\"1166\" data-end=\"1192\">Vea el estado de la cerradura en tiempo real<\/p>\n<\/li>\n<li data-start=\"1193\" data-end=\"1244\">\n<p data-start=\"1195\" data-end=\"1244\">Recibe notificaciones cuando la puerta est\u00e9 bloqueada o desbloqueada<\/p>\n<\/li>\n<li data-start=\"1245\" data-end=\"1273\">\n<p data-start=\"1247\" data-end=\"1273\">Ver el estado de la bater\u00eda de la cerradura<\/p>\n<\/li>\n<\/ul>\n<p data-start=\"1275\" data-end=\"1308\">Todos los eventos se registran en el sistema.<\/p>\n<h3 data-start=\"1310\" data-end=\"1343\">Automatizaci\u00f3n entre cerradura y alarma<\/h3>\n<p data-start=\"1344\" data-end=\"1419\">Con Ajax LockBridge puedes crear escenarios simples y claros, como:<\/p>\n<ul data-start=\"1420\" data-end=\"1563\">\n<li data-start=\"1420\" data-end=\"1457\">\n<p data-start=\"1422\" data-end=\"1457\">Cuando la puerta est\u00e1 bloqueada \u2192 se activa la alarma<\/p>\n<\/li>\n<li data-start=\"1458\" data-end=\"1501\">\n<p data-start=\"1460\" data-end=\"1501\">Cuando la puerta est\u00e1 desbloqueada \u2192 la alarma se desactiva<\/p>\n<\/li>\n<li data-start=\"1502\" data-end=\"1563\">\n<p data-start=\"1504\" data-end=\"1563\">Desbloquee la puerta autom\u00e1ticamente cuando se apaga la alarma mediante el teclado<\/p>\n<\/li>\n<\/ul>\n<p data-start=\"1565\" data-end=\"1629\">Puedes elegir por ti mismo si <strong data-start=\"1587\" data-end=\"1628\">La cerradura o alarma debe controlar el sistema<\/strong>.<\/p>\n<h3 data-start=\"1631\" data-end=\"1653\">F\u00e1cil instalaci\u00f3n<\/h3>\n<p data-start=\"1654\" data-end=\"1764\">LockBridge se instala directamente en la cerradura Yale y se alimenta con las bater\u00edas de la cerradura. No requiere alimentaci\u00f3n adicional.<\/p>\n<p data-start=\"1766\" data-end=\"1823\">La instalaci\u00f3n se realiza paso a paso en la aplicaci\u00f3n Ajax mediante:<\/p>\n<ol data-start=\"1824\" data-end=\"1942\">\n<li data-start=\"1824\" data-end=\"1858\">\n<p data-start=\"1827\" data-end=\"1858\">Escanee el c\u00f3digo QR en LockBridge<\/p>\n<\/li>\n<li data-start=\"1859\" data-end=\"1893\">\n<p data-start=\"1862\" data-end=\"1893\">Sigue las instrucciones en la aplicaci\u00f3n.<\/p>\n<\/li>\n<li data-start=\"1894\" data-end=\"1942\">\n<p data-start=\"1897\" data-end=\"1942\">Realice los ajustes deseados para cerraduras y alarmas<\/p>\n<\/li>\n<\/ol>\n<p data-start=\"1944\" data-end=\"1994\">El firmware se actualiza autom\u00e1ticamente a trav\u00e9s del sistema Ajax.<\/p>\n<hr data-start=\"2218\" data-end=\"2221\" \/>\n<h2 data-start=\"2223\" data-end=\"2250\">Especificaciones t\u00e9cnicas<\/h2>\n<ul data-start=\"2252\" data-end=\"2702\">\n<li data-start=\"2252\" data-end=\"2302\">\n<p data-start=\"2254\" data-end=\"2302\"><strong data-start=\"2254\" data-end=\"2266\">Producto:<\/strong> Integraci\u00f3n de Ajax LockBridge con Yale<\/p>\n<\/li>\n<li data-start=\"2303\" data-end=\"2353\">\n<p data-start=\"2305\" data-end=\"2353\"><strong data-start=\"2305\" data-end=\"2329\">Cerraduras Yale compatibles:<\/strong> V2N, Cl\u00e1sico, L3, L3S<\/p>\n<\/li>\n<li data-start=\"2354\" data-end=\"2519\">\n<p data-start=\"2356\" data-end=\"2519\"><strong data-start=\"2356\" data-end=\"2380\">Compatibilidad con Ajax:<\/strong><br data-start=\"2380\" data-end=\"2383\" \/>Hub 2 (2G\/4G), Hub 2 Plus, Hub BP, Hub G3, Fire Hub, Hub Hybrid 2, MegaHub, ReX y ReX 2<br data-start=\"2474\" data-end=\"2477\" \/><em data-start=\"2479\" data-end=\"2517\">(No compatible con Hub Hybrid Fibra)<\/em><\/p>\n<\/li>\n<li data-start=\"2520\" data-end=\"2575\">\n<p data-start=\"2522\" data-end=\"2575\"><strong data-start=\"2522\" data-end=\"2543\">Alcance inal\u00e1mbrico:<\/strong> hasta 1400 m (terreno abierto)<\/p>\n<\/li>\n<li data-start=\"2576\" data-end=\"2627\">\n<p data-start=\"2578\" data-end=\"2627\"><strong data-start=\"2578\" data-end=\"2599\">Fuente de alimentaci\u00f3n:<\/strong> alimentado por las bater\u00edas de la cerradura<\/p>\n<\/li>\n<li data-start=\"2628\" data-end=\"2672\">\n<p data-start=\"2630\" data-end=\"2672\"><strong data-start=\"2630\" data-end=\"2651\">Rango de temperatura:<\/strong> \u221210 \u00b0C a +40 \u00b0C<\/p>\n<\/li>\n<li data-start=\"2673\" data-end=\"2702\">\n<p data-start=\"2675\" data-end=\"2702\"><strong data-start=\"2675\" data-end=\"2697\">Humedad m\u00e1xima:<\/strong> 75 %<\/p>\n<\/li>\n<\/ul>","protected":false},"excerpt":{"rendered":"<p><strong data-start=\"230\" data-end=\"249\">Puente de esclusas Ajax<\/strong> es un m\u00f3dulo de bloqueo inal\u00e1mbrico que integra <strong data-start=\"288\" data-end=\"328\">Yale Doorman V2N\/Classic y L3\/L3S<\/strong> Directamente con el sistema de alarma Ajax. Controle y monitoree la cerradura con la app Ajax, cree escenarios inteligentes entre la cerradura y la alarma y mantenga una comunicaci\u00f3n estable con Ajax Jeweller.<\/p>","protected":false},"featured_media":161314,"template":"","meta":{"_acf_changed":false},"product_brand":[],"product_cat":[3170],"product_tag":[],"class_list":{"0":"post-161312","1":"product","2":"type-product","3":"status-publish","4":"has-post-thumbnail","6":"product_cat-integration","7":"product_shipping_class-postnord-varubrev","8":"pa_brands-ajax-systems","9":"tm-no-options","11":"first","12":"instock","13":"taxable","14":"shipping-taxable","15":"purchasable","16":"product-type-simple"},"acf":[],"_links":{"self":[{"href":"https:\/\/secureus.se\/es\/wp-json\/wp\/v2\/product\/161312","targetHints":{"allow":["GET"]}}],"collection":[{"href":"https:\/\/secureus.se\/es\/wp-json\/wp\/v2\/product"}],"about":[{"href":"https:\/\/secureus.se\/es\/wp-json\/wp\/v2\/types\/product"}],"wp:featuredmedia":[{"embeddable":true,"href":"https:\/\/secureus.se\/es\/wp-json\/wp\/v2\/media\/161314"}],"wp:attachment":[{"href":"https:\/\/secureus.se\/es\/wp-json\/wp\/v2\/media?parent=161312"}],"wp:term":[{"taxonomy":"product_brand","embeddable":true,"href":"https:\/\/secureus.se\/es\/wp-json\/wp\/v2\/product_brand?post=161312"},{"taxonomy":"product_cat","embeddable":true,"href":"https:\/\/secureus.se\/es\/wp-json\/wp\/v2\/product_cat?post=161312"},{"taxonomy":"product_tag","embeddable":true,"href":"https:\/\/secureus.se\/es\/wp-json\/wp\/v2\/product_tag?post=161312"}],"curies":[{"name":"wp","href":"https:\/\/api.w.org\/{rel}","templated":true}]}}